{"id":4614,"date":"2026-05-07T01:55:32","date_gmt":"2026-05-07T01:55:32","guid":{"rendered":"https:\/\/www.mkreborns.com\/?post_type=product&#038;p=4614"},"modified":"2026-05-07T03:27:22","modified_gmt":"2026-05-07T03:27:22","slug":"potato-7-inch-mini-reborn-dolls-smiling-baby-toy","status":"publish","type":"product","link":"https:\/\/www.mkreborns.com\/sv\/product\/potato-7-inch-mini-reborn-dolls-smiling-baby-toy\/","title":{"rendered":"Potatis 7-tums mini-\u00e5terf\u00f6dda dockor leende babyleksak"},"content":{"rendered":"<h2>Potato Mini Reborn Dockor med s\u00f6ta leende detaljer<\/h2>\n<div>Potato \u00e4r en av de mest hj\u00e4rtev\u00e4rmande mini-reborn-dockorna som skapats f\u00f6r samlare som \u00e4lskar sm\u00e5, realistiska f\u00f6ljeslagare. Med sitt glada uttryck, sin fina skulptur och sina livfulla bl\u00e5 akryl\u00f6gon b\u00e4r Potato charmen hos en fridfull nyf\u00f6dd som vilar i dina h\u00e4nder. Hennes kompakta storlek p\u00e5 18 cm g\u00f6r henne idealisk f\u00f6r att visas upp p\u00e5 hyllor, som reses\u00e4llskap, som fotorekvisita och f\u00f6r omt\u00e4nksamma presenter.<\/div>\n<h3>En liten leende \u00e5terf\u00f6dd docka full av personlighet<\/h3>\n<div>Till skillnad fr\u00e5n vanliga leksaksfigurer \u00e4r Potato tillverkad av mjuk vinyl, vilket ger dockan en smidig och mild textur. Hennes r\u00f6rliga lemmar och flexibla huvud m\u00f6jligg\u00f6r naturlig posering, medan hennes leende reborn-dockutseende skapar en trygg atmosf\u00e4r i alla barnkammare eller reborn-samlingar. Samlare som letar efter mini-reborn-dockor till salu letar ofta efter distinkt ansiktsskulptur och realistiska proportioner, och Potato levererar b\u00e5da i en kompakt form med minnesv\u00e4rd karakt\u00e4r.<\/div>\n<h2>Produktspecifikationer<\/h2>\n<ul>\n<li>Docknamn: Potatis<\/li>\n<li>Storlek: 17 cm<\/li>\n<li>Material: Mjuk vinyl<\/li>\n<li>K\u00f6n: Unisex<\/li>\n<li>\u00d6gon: Bl\u00e5 akryl\u00f6gon<\/li>\n<li>R\u00f6rlighet: R\u00f6rligt huvud och lemmar<\/li>\n<li>Vattenv\u00e4nlig: L\u00e4mplig f\u00f6r badlek<\/li>\n<li>Mycket oroande kemikalie: Ingen<\/li>\n<\/ul>\n<div>Potato kombinerar realism, mjukhet och samlarkonst i en liten skapelse, vilket g\u00f6r henne till ett h\u00e4rligt val f\u00f6r alla som letar efter mini-reborn-dockor.<\/div>\n<p><img decoding=\"async\" src=\"https:\/\/www.mkreborns.com\/wp-content\/uploads\/2026\/05\/kf-Se154f858f6a849349cdcd76bbf1872d0W.webp\" alt=\"\" title=\"\"><img decoding=\"async\" src=\"https:\/\/www.mkreborns.com\/wp-content\/uploads\/2026\/05\/kf-S410aa67aa548435698fbd27a3fb64c19p.webp\" alt=\"\" title=\"\"><img decoding=\"async\" src=\"https:\/\/www.mkreborns.com\/wp-content\/uploads\/2026\/05\/kf-S4125dbf4d532429b9571597763eb7d3eI-1.webp\" alt=\"\" title=\"\"><img decoding=\"async\" src=\"https:\/\/www.mkreborns.com\/wp-content\/uploads\/2026\/05\/kf-Sf180e3a8185c4ab5a05c6659d3876e49U-1.webp\" alt=\"\" title=\"\"><img decoding=\"async\" src=\"https:\/\/www.mkreborns.com\/wp-content\/uploads\/2026\/05\/kf-S23d6d7b83f794931857b73f6bd85a9a9c-1.webp\" alt=\"\" title=\"\"><img decoding=\"async\" src=\"https:\/\/www.mkreborns.com\/wp-content\/uploads\/2026\/05\/kf-S9684c1e9c66040cfa84f6ae70eb82a03a-1.webp\" alt=\"\" title=\"\"><img decoding=\"async\" src=\"https:\/\/www.mkreborns.com\/wp-content\/uploads\/2026\/05\/kf-S2371c35111914378822505f3c2dd234bx-1.webp\" alt=\"\" title=\"\"><img decoding=\"async\" src=\"https:\/\/www.mkreborns.com\/wp-content\/uploads\/2026\/05\/kf-S213e1f76af814b5398bc23eda5fded5et.webp\" alt=\"\" title=\"\"><img decoding=\"async\" src=\"https:\/\/www.mkreborns.com\/wp-content\/uploads\/2026\/05\/kf-Sc2a2e60655264e8abb4ad94432039d95L.webp\" alt=\"\" title=\"\"><img decoding=\"async\" src=\"https:\/\/www.mkreborns.com\/wp-content\/uploads\/2026\/05\/kf-S6b0ee659018143f6ba8f9ba3cf98f50fd.webp\" alt=\"\" title=\"\"><\/p>","protected":false},"excerpt":{"rendered":"<div>Potatis \u00e4r en liten leende f\u00f6ljeslagare med klarbl\u00e5 \u00f6gon och en mjuk vinylkropp som passar perfekt i din handflata. Denna charmiga lilla bebis ger v\u00e4rme, komfort och verklighetstrogna detaljer till varje kollektion.<\/div>","protected":false},"featured_media":4615,"comment_status":"open","ping_status":"closed","template":"","meta":[],"product_brand":[],"product_cat":[250,145,144,155,152],"product_tag":[],"class_list":{"0":"post-4614","1":"product","2":"type-product","3":"status-publish","4":"has-post-thumbnail","6":"product_cat-7-inch-reborn-dolls","7":"product_cat-baby-boy-reborn-dolls","8":"product_cat-baby-girl-reborn-dolls","9":"product_cat-cute-reborn-dolls","10":"product_cat-vinyl-reborn-dolls","12":"first","13":"instock","14":"sale","15":"shipping-taxable","16":"purchasable","17":"product-type-simple"},"_links":{"self":[{"href":"https:\/\/www.mkreborns.com\/sv\/wp-json\/wp\/v2\/product\/4614","targetHints":{"allow":["GET"]}}],"collection":[{"href":"https:\/\/www.mkreborns.com\/sv\/wp-json\/wp\/v2\/product"}],"about":[{"href":"https:\/\/www.mkreborns.com\/sv\/wp-json\/wp\/v2\/types\/product"}],"replies":[{"embeddable":true,"href":"https:\/\/www.mkreborns.com\/sv\/wp-json\/wp\/v2\/comments?post=4614"}],"wp:featuredmedia":[{"embeddable":true,"href":"https:\/\/www.mkreborns.com\/sv\/wp-json\/wp\/v2\/media\/4615"}],"wp:attachment":[{"href":"https:\/\/www.mkreborns.com\/sv\/wp-json\/wp\/v2\/media?parent=4614"}],"wp:term":[{"taxonomy":"product_brand","embeddable":true,"href":"https:\/\/www.mkreborns.com\/sv\/wp-json\/wp\/v2\/product_brand?post=4614"},{"taxonomy":"product_cat","embeddable":true,"href":"https:\/\/www.mkreborns.com\/sv\/wp-json\/wp\/v2\/product_cat?post=4614"},{"taxonomy":"product_tag","embeddable":true,"href":"https:\/\/www.mkreborns.com\/sv\/wp-json\/wp\/v2\/product_tag?post=4614"}],"curies":[{"name":"wp","href":"https:\/\/api.w.org\/{rel}","templated":true}]}}