{"id":4602,"date":"2026-05-07T01:53:54","date_gmt":"2026-05-07T01:53:54","guid":{"rendered":"https:\/\/www.mkreborns.com\/?post_type=product&#038;p=4602"},"modified":"2026-05-13T14:41:14","modified_gmt":"2026-05-13T14:41:14","slug":"12-inch-full-silicone-children-gifts-reborn-baby-doll","status":"publish","type":"product","link":"https:\/\/www.mkreborns.com\/sv\/product\/12-inch-full-silicone-children-gifts-reborn-baby-doll\/","title":{"rendered":"12 tums full silikon barng\u00e5vor \u00e5terf\u00f6dd babydocka"},"content":{"rendered":"<div class=\"product-specs-list-container\"><\/div>\n<div class=\"detailmodule_text\">\n<p class=\"detail-desc-decorate-content\" style=\"font-family: OpenSans; font-size: 14px; font-weight: 300; line-height: 20px; white-space: pre-wrap; margin-bottom: 12px;\"><span style=\"color: #000000;\">H\u00f6jd: 30 cm<\/span><br \/>\n<span style=\"color: #000000;\">Vikt: 1,1 kg<\/span><br \/>\n<span style=\"color: #000000;\">K\u00f6n: Pojke<\/span><br \/>\n<span style=\"color: #000000;\">Material: Silikon<\/span><br \/>\n<span style=\"color: #000000;\">Denna reborn-docka levereras okl\u00e4dd; kl\u00e4der ing\u00e5r ej. Om du beh\u00f6ver kl\u00e4der kan du bl\u00e4ddra i v\u00e5r sektion f\u00f6r tillbeh\u00f6r till reborn-dockor f\u00f6r att v\u00e4lja kl\u00e4der som passar dina preferenser.<\/span><br \/>\n<span style=\"color: #000000;\">Den \u00e5terf\u00f6dda dockan har flexibla lemmar, vilket g\u00f6r att den enkelt kan sitta upp, ligga ner eller inta olika sovpositioner. Den inneh\u00e5ller inga ytterligare elektroniska komponenter, vilket avsev\u00e4rt minskar underh\u00e5llsbehovet. Reborn-dockor kan ges till de personer du v\u00e4rnar mest om som f\u00f6delsedagspresenter, julklappar, barnleksaker eller f\u00f6rem\u00e5l till en docksamling.<\/span><\/p>\n<p>&nbsp;<\/p>\n<\/div>\n<div class=\"detailmodule_image\"><img decoding=\"async\" class=\"detail-desc-decorate-image\" src=\"https:\/\/www.mkreborns.com\/wp-content\/uploads\/2026\/05\/kf-Sa2b8d47ad684458b990351e19f5d1a2bs-1.webp\" alt=\"\" title=\"\"><img decoding=\"async\" class=\"detail-desc-decorate-image\" src=\"https:\/\/www.mkreborns.com\/wp-content\/uploads\/2026\/05\/kf-S39ce9a8a554f438a96fcf130a132d83aa-1.webp\" alt=\"\" title=\"\"><img decoding=\"async\" class=\"detail-desc-decorate-image\" src=\"https:\/\/www.mkreborns.com\/wp-content\/uploads\/2026\/05\/kf-S3d4515f2deb64d17aeee4f89277607772-1.webp\" alt=\"\u00c5terf\u00f6dd silikondocka med poserbara lemmar, perfekt f\u00f6r barn och samlare. Mjuk, naturtrogna.\" title=\"\"> <img decoding=\"async\" class=\"detail-desc-decorate-image\" src=\"https:\/\/www.mkreborns.com\/wp-content\/uploads\/2026\/05\/kf-S83d31e6e6fb847929a053f66ca75cd2dp-1.webp\" alt=\"Realistisk reborn babydocka, 30 cm, helt i silikon, l\u00e4mplig f\u00f6r barn och presenter, med detaljer.\" title=\"\"> <img decoding=\"async\" class=\"detail-desc-decorate-image\" src=\"https:\/\/www.mkreborns.com\/wp-content\/uploads\/2026\/05\/kf-S1d7c4a92f2da488182c621f78f77ba35K-1.webp\" alt=\"\" title=\"\"><\/div>","protected":false},"excerpt":{"rendered":"<p>Denna nyf\u00f6dda reborn-docka \u00e4r en perfekt present till barn, v\u00e4nner eller familjemedlemmar, och fungerar som en underbar f\u00f6ljeslagare. Den reborn-dockans lemmar \u00e4r poserbara, vilket g\u00f6r att den kan placeras i en m\u00e4ngd olika sovst\u00e4llningar \u2013 vilket ger en extra touch av naturtrohet till dess roll som f\u00f6ljeslagare.<\/p>","protected":false},"featured_media":4603,"comment_status":"open","ping_status":"closed","template":"","meta":[],"product_brand":[],"product_cat":[240,145,155,154,153],"product_tag":[],"class_list":{"0":"post-4602","1":"product","2":"type-product","3":"status-publish","4":"has-post-thumbnail","6":"product_cat-12-inch-reborn-dolls","7":"product_cat-baby-boy-reborn-dolls","8":"product_cat-cute-reborn-dolls","9":"product_cat-lifelike-reborn-dolls","10":"product_cat-newborn-reborn-dolls","12":"first","13":"instock","14":"sale","15":"shipping-taxable","16":"purchasable","17":"product-type-simple"},"_links":{"self":[{"href":"https:\/\/www.mkreborns.com\/sv\/wp-json\/wp\/v2\/product\/4602","targetHints":{"allow":["GET"]}}],"collection":[{"href":"https:\/\/www.mkreborns.com\/sv\/wp-json\/wp\/v2\/product"}],"about":[{"href":"https:\/\/www.mkreborns.com\/sv\/wp-json\/wp\/v2\/types\/product"}],"replies":[{"embeddable":true,"href":"https:\/\/www.mkreborns.com\/sv\/wp-json\/wp\/v2\/comments?post=4602"}],"wp:featuredmedia":[{"embeddable":true,"href":"https:\/\/www.mkreborns.com\/sv\/wp-json\/wp\/v2\/media\/4603"}],"wp:attachment":[{"href":"https:\/\/www.mkreborns.com\/sv\/wp-json\/wp\/v2\/media?parent=4602"}],"wp:term":[{"taxonomy":"product_brand","embeddable":true,"href":"https:\/\/www.mkreborns.com\/sv\/wp-json\/wp\/v2\/product_brand?post=4602"},{"taxonomy":"product_cat","embeddable":true,"href":"https:\/\/www.mkreborns.com\/sv\/wp-json\/wp\/v2\/product_cat?post=4602"},{"taxonomy":"product_tag","embeddable":true,"href":"https:\/\/www.mkreborns.com\/sv\/wp-json\/wp\/v2\/product_tag?post=4602"}],"curies":[{"name":"wp","href":"https:\/\/api.w.org\/{rel}","templated":true}]}}