{"id":4594,"date":"2026-05-07T01:52:24","date_gmt":"2026-05-07T01:52:24","guid":{"rendered":"https:\/\/www.mkreborns.com\/?post_type=product&#038;p=4594"},"modified":"2026-05-13T15:23:59","modified_gmt":"2026-05-13T15:23:59","slug":"19-inches-solid-silicone-cute-reborn-doll","status":"publish","type":"product","link":"https:\/\/www.mkreborns.com\/sv\/product\/19-inches-solid-silicone-cute-reborn-doll\/","title":{"rendered":"19 tums s\u00f6t \u00e5terf\u00f6dd docka i solid silikon"},"content":{"rendered":"<div class=\"product-specs-list-container\"><\/div>\n<div class=\"detailmodule_text\">\n<p>H\u00f6jd: 18,9 tum<br \/>\nK\u00f6n: Pojke<br \/>\nVikt: 3,1 kg<br \/>\nMaterial: Silikon<br \/>\nEn slumpm\u00e4ssigt vald outfit ing\u00e5r som en gratis g\u00e5va vid k\u00f6p av denna reborn-docka.<\/p>\n<p>Denna reborn-docka \u00e4r tillverkad av silikonmaterial och kan reng\u00f6ras med varmt vatten; den m\u00e5ste dock torkas noggrant omedelbart efter tv\u00e4tt. Som en reborn-docka i solid silikon erbjuder den en taktil k\u00e4nsla som \u00e4r anm\u00e4rkningsv\u00e4rt lik den hos en riktig bebis hud. Med en h\u00f6jd p\u00e5 46 cm har denna reborn-docka en n\u00e4ra de fysiska m\u00e5tten hos en \u00e4kta nyf\u00f6dd, vilket g\u00f6r den idealisk f\u00f6r gos eller uppvisning. Denna s\u00f6ta reborn-docka har en m\u00e5ttlig vikt som g\u00f6r den l\u00e4tt att b\u00e4ra samtidigt som den beh\u00e5ller den autentiska, naturtrogna tyngden hos ett riktigt sp\u00e4dbarn.<br \/>\nF\u00f6r f\u00f6rvaring rekommenderas det att l\u00e4gga den reborn-dockan platt eller placera den uppr\u00e4tt f\u00f6r att f\u00f6rhindra deformation orsakad av tunga f\u00f6rem\u00e5l eller l\u00e5ngvarig kompression. F\u00f6r att s\u00e4kerst\u00e4lla din reborn-dockas l\u00e5nga livsl\u00e4ngd, h\u00e5ll den borta fr\u00e5n direkt ljus och damm, och skydda den fr\u00e5n vassa f\u00f6rem\u00e5l och husdjur f\u00f6r att undvika att skada silikonmaterialet.<\/p>\n<p>&nbsp;<\/p>\n<\/div>\n<div class=\"detailmodule_image\"><img decoding=\"async\" class=\"detail-desc-decorate-image\" src=\"https:\/\/www.mkreborns.com\/wp-content\/uploads\/2026\/05\/kf-Sd449c2299cac4582b03493bccbd5ba86G.webp\" alt=\"Mycket detaljerad 18,9-tums reborn silikondocka, mjuk, tv\u00e4ttbar, perfekt f\u00f6r samlarobjekt eller present.\" title=\"\"><\/div>","protected":false},"excerpt":{"rendered":"<p>Reborn-dockor simulerar mjukheten och elasticiteten hos riktig sp\u00e4dbarnshud och erbjuder en varm, mild och hudv\u00e4nlig ber\u00f6ring. Tillverkade av solid silikon har dessa reborn-dockor exceptionell motst\u00e5ndskraft mot oxidation, vilket s\u00e4kerst\u00e4ller att de inte l\u00e4tt gulnar eller spricker \u00e4ven efter l\u00e5ngvarig anv\u00e4ndning.<\/p>","protected":false},"featured_media":4595,"comment_status":"open","ping_status":"closed","template":"","meta":[],"product_brand":[],"product_cat":[241,145,243,155,146,154,153,157],"product_tag":[],"class_list":{"0":"post-4594","1":"product","2":"type-product","3":"status-publish","4":"has-post-thumbnail","6":"product_cat-19-inch-reborn-dolls","7":"product_cat-baby-boy-reborn-dolls","8":"product_cat-black-reborn-dolls","9":"product_cat-cute-reborn-dolls","10":"product_cat-full-silicone-reborn-dolls","11":"product_cat-lifelike-reborn-dolls","12":"product_cat-newborn-reborn-dolls","13":"product_cat-real-life-baby-dolls","15":"first","16":"instock","17":"sale","18":"shipping-taxable","19":"purchasable","20":"product-type-simple"},"_links":{"self":[{"href":"https:\/\/www.mkreborns.com\/sv\/wp-json\/wp\/v2\/product\/4594","targetHints":{"allow":["GET"]}}],"collection":[{"href":"https:\/\/www.mkreborns.com\/sv\/wp-json\/wp\/v2\/product"}],"about":[{"href":"https:\/\/www.mkreborns.com\/sv\/wp-json\/wp\/v2\/types\/product"}],"replies":[{"embeddable":true,"href":"https:\/\/www.mkreborns.com\/sv\/wp-json\/wp\/v2\/comments?post=4594"}],"wp:featuredmedia":[{"embeddable":true,"href":"https:\/\/www.mkreborns.com\/sv\/wp-json\/wp\/v2\/media\/4595"}],"wp:attachment":[{"href":"https:\/\/www.mkreborns.com\/sv\/wp-json\/wp\/v2\/media?parent=4594"}],"wp:term":[{"taxonomy":"product_brand","embeddable":true,"href":"https:\/\/www.mkreborns.com\/sv\/wp-json\/wp\/v2\/product_brand?post=4594"},{"taxonomy":"product_cat","embeddable":true,"href":"https:\/\/www.mkreborns.com\/sv\/wp-json\/wp\/v2\/product_cat?post=4594"},{"taxonomy":"product_tag","embeddable":true,"href":"https:\/\/www.mkreborns.com\/sv\/wp-json\/wp\/v2\/product_tag?post=4594"}],"curies":[{"name":"wp","href":"https:\/\/api.w.org\/{rel}","templated":true}]}}