{"id":4430,"date":"2026-04-12T14:16:20","date_gmt":"2026-04-12T14:16:20","guid":{"rendered":"https:\/\/www.mkreborns.com\/?post_type=product&#038;p=4430"},"modified":"2026-04-12T15:16:32","modified_gmt":"2026-04-12T15:16:32","slug":"13-inch-crying-silicone-reborn-doll","status":"publish","type":"product","link":"https:\/\/www.mkreborns.com\/sv\/product\/13-inch-crying-silicone-reborn-doll\/","title":{"rendered":"13 tums gr\u00e5tande silikon \u00e5terf\u00f6dd docka"},"content":{"rendered":"<p>Den 33 cm h\u00f6ga gr\u00e5tande \u00e5terf\u00f6delsedockans lemmar, huvud och kropp \u00e4r gjorda av solid silikon, som \u00e4r mjuk, elastisk och kan tv\u00e4ttas med 37 grader varmt vatten. P\u00e5 grund av silikonens speciella natur b\u00f6r den inte dras eller dras kraftigt under lek och beh\u00f6ver sk\u00f6tas noggrant f\u00f6r att h\u00e5lla l\u00e4ngre.<\/p>\n<p>Material: Silikon<br \/>\nK\u00f6n: Flicka<br \/>\nH\u00f6jd: 33 cm<br \/>\nVikt: 1,4 kg<br \/>\nF\u00f6rpackningsvikt: 1,8 kg<\/p>\n<p>Komplett paket inneh\u00e5ller: Kl\u00e4der och en flaska.<\/p>\n<p>V\u00e4nligen till\u00e5t en manuell tolerans p\u00e5 0,5\u20132,5 cm, eftersom produkten m\u00e4ttes manuellt.<\/p>\n<p><img decoding=\"async\" src=\"https:\/\/www.mkreborns.com\/wp-content\/uploads\/2026\/04\/O1CN01ON65FG1jfP7Pj2VhP_2220331144575-0-cib.jpg\" alt=\"\" title=\"\"><\/p>\n<p><img decoding=\"async\" src=\"https:\/\/www.mkreborns.com\/wp-content\/uploads\/2026\/04\/O1CN01Vmhokj1jfP7PuZuwV_2220331144575-0-cib.jpg\" alt=\"\" title=\"\"><\/p>\n<p><img decoding=\"async\" src=\"https:\/\/www.mkreborns.com\/wp-content\/uploads\/2026\/04\/O1CN01qKbtvK1jfP7PZjkwL_2220331144575-0-cib.jpg\" alt=\"\" title=\"\"><\/p>\n<p><img decoding=\"async\" src=\"https:\/\/www.mkreborns.com\/wp-content\/uploads\/2026\/04\/O1CN01UBS4M51jfP7QJPr5Y_2220331144575-0-cib.jpg\" alt=\"Reborn silikondocka gr\u00e5tande, realistisk babydocka med flaska, perfekt f\u00f6r samlare och barn.\" title=\"\"><\/p>\n<p><img decoding=\"async\" src=\"https:\/\/www.mkreborns.com\/wp-content\/uploads\/2026\/04\/O1CN01NWHI1G1jfP7OsCKVe_2220331144575-0-cib.jpg\" alt=\"Realistisk 33 cm gr\u00e5tande reborn silikondocka med flaska, mjuka kl\u00e4der och rosa hatt.\" title=\"\"><\/p>\n<p><img decoding=\"async\" src=\"https:\/\/www.mkreborns.com\/wp-content\/uploads\/2026\/04\/O1CN01WrErxo1jfP7QDMEjp_2220331144575-0-cib.jpg\" alt=\"\u00c5terf\u00f6dd gr\u00e5tande silikondocka som h\u00e5ller en nappflaska, realistiska egenskaper, perfekt f\u00f6r samlare och barn.\" title=\"\"><\/p>\n<p>&nbsp;<\/p>","protected":false},"excerpt":{"rendered":"<p>Den gr\u00e5tande \u00e5terf\u00f6dda babydockan ser precis ut som en nyf\u00f6dd bebis som gr\u00e5ter efter mj\u00f6lk, med s\u00f6ta och livfulla ansiktsdrag.<\/p>","protected":false},"featured_media":4461,"comment_status":"open","ping_status":"closed","template":"","meta":[],"product_brand":[],"product_cat":[238,242,144,146,156,154,153],"product_tag":[],"class_list":{"0":"post-4430","1":"product","2":"type-product","3":"status-publish","4":"has-post-thumbnail","6":"product_cat-13-inch-reborn-dolls","7":"product_cat-african-american-reborn-dolls","8":"product_cat-baby-girl-reborn-dolls","9":"product_cat-full-silicone-reborn-dolls","10":"product_cat-life-sized-dolls","11":"product_cat-lifelike-reborn-dolls","12":"product_cat-newborn-reborn-dolls","14":"first","15":"instock","16":"sale","17":"shipping-taxable","18":"purchasable","19":"product-type-simple"},"_links":{"self":[{"href":"https:\/\/www.mkreborns.com\/sv\/wp-json\/wp\/v2\/product\/4430","targetHints":{"allow":["GET"]}}],"collection":[{"href":"https:\/\/www.mkreborns.com\/sv\/wp-json\/wp\/v2\/product"}],"about":[{"href":"https:\/\/www.mkreborns.com\/sv\/wp-json\/wp\/v2\/types\/product"}],"replies":[{"embeddable":true,"href":"https:\/\/www.mkreborns.com\/sv\/wp-json\/wp\/v2\/comments?post=4430"}],"wp:featuredmedia":[{"embeddable":true,"href":"https:\/\/www.mkreborns.com\/sv\/wp-json\/wp\/v2\/media\/4461"}],"wp:attachment":[{"href":"https:\/\/www.mkreborns.com\/sv\/wp-json\/wp\/v2\/media?parent=4430"}],"wp:term":[{"taxonomy":"product_brand","embeddable":true,"href":"https:\/\/www.mkreborns.com\/sv\/wp-json\/wp\/v2\/product_brand?post=4430"},{"taxonomy":"product_cat","embeddable":true,"href":"https:\/\/www.mkreborns.com\/sv\/wp-json\/wp\/v2\/product_cat?post=4430"},{"taxonomy":"product_tag","embeddable":true,"href":"https:\/\/www.mkreborns.com\/sv\/wp-json\/wp\/v2\/product_tag?post=4430"}],"curies":[{"name":"wp","href":"https:\/\/api.w.org\/{rel}","templated":true}]}}