{"id":4406,"date":"2026-04-03T15:43:02","date_gmt":"2026-04-03T15:43:02","guid":{"rendered":"https:\/\/www.mkreborns.com\/?post_type=product&#038;p=4406"},"modified":"2026-04-05T15:08:24","modified_gmt":"2026-04-05T15:08:24","slug":"20cm-lifelike-3d-painted-baby-reborn-doll","status":"publish","type":"product","link":"https:\/\/www.mkreborns.com\/sv\/product\/20cm-lifelike-3d-painted-baby-reborn-doll\/","title":{"rendered":"20 cm naturtroget 3D-m\u00e5lat \u00e5terf\u00f6dd docka"},"content":{"rendered":"<p>Den 20 cm h\u00f6ga Reborn-dockan avbildas som om den sover. Reborn-dockan \u00e4r noggrant designad och tillverkad av silikon. Silikon Reborn-dockor kan reng\u00f6ras genom kontakt med vatten, vilket g\u00f6r dem enkla att underh\u00e5lla och b\u00e4ra.<\/p>\n<p>Material: Silikon<br \/>\nK\u00f6n: Flicka<br \/>\nH\u00f6jd: 15 cm<br \/>\nVikt: 0,5 kg<br \/>\nF\u00f6rpackningsvikt: 1,3 kg<\/p>\n<div style=\"width: 720px;\" class=\"wp-video\"><video class=\"wp-video-shortcode\" id=\"video-4406-1\" width=\"720\" height=\"976\" preload=\"metadata\" controls=\"controls\"><source type=\"video\/mp4\" src=\"https:\/\/www.mkreborns.com\/wp-content\/uploads\/2026\/04\/6-inch-reborn-doll.mp4?_=1\" \/><a href=\"https:\/\/www.mkreborns.com\/wp-content\/uploads\/2026\/04\/6-inch-reborn-doll.mp4\">https:\/\/www.mkreborns.com\/wp-content\/uploads\/2026\/04\/6-inch-reborn-doll.mp4<\/a><\/video><\/div>\n<p>&nbsp;<\/p>\n<p><img decoding=\"async\" src=\"https:\/\/www.mkreborns.com\/wp-content\/uploads\/2026\/04\/O1CN01iuaGdX1jfP7bgtlXn_2220331144575-0-cib.jpg\" alt=\"\" title=\"\"><\/p>\n<p><img decoding=\"async\" src=\"https:\/\/www.mkreborns.com\/wp-content\/uploads\/2026\/04\/O1CN01zDLmBJ1jfP7ccS7nA_2220331144575-0-cib.jpg\" alt=\"\" title=\"\"><\/p>\n<p><img decoding=\"async\" src=\"https:\/\/www.mkreborns.com\/wp-content\/uploads\/2026\/04\/O1CN01m4KdJh1jfP7asfpdO_2220331144575-0-cib.jpg\" alt=\"Realistisk 20 cm reborn docka med detaljerad 3D-m\u00e5lning, perfekt f\u00f6r samlare och barn.\" title=\"\"><\/p>\n<p><img decoding=\"async\" src=\"https:\/\/www.mkreborns.com\/wp-content\/uploads\/2026\/04\/O1CN01BvwPU71jfP7bippwE_2220331144575-0-cib.jpg\" alt=\"Realistisk 20 cm reborn docka med 3D-m\u00e5lade detaljer f\u00f6r samlare och entusiaster.\" title=\"\"><\/p>\n<p><img decoding=\"async\" src=\"https:\/\/www.mkreborns.com\/wp-content\/uploads\/2026\/04\/O1CN01fDRjC61jfP7bQlVdy_2220331144575-0-cib.jpg\" alt=\"\" title=\"\"><\/p>","protected":false},"excerpt":{"rendered":"<p>Den h\u00e4r mini-\u00e5terf\u00f6dda dockan Sleeping Mini \u00e4r tillverkad av silikon och \u00e4r bara 15 cm h\u00f6g, vilket \u00e4r mycket l\u00e4mpligt f\u00f6r anv\u00e4ndare som beh\u00f6ver en liten storlek. Den h\u00e4r leksaken kan ges som present till en v\u00e4n eller samlas p\u00e5 sj\u00e4lv.<\/p>","protected":false},"featured_media":4416,"comment_status":"open","ping_status":"closed","template":"","meta":[],"product_brand":[],"product_cat":[256,144,146,153],"product_tag":[],"class_list":{"0":"post-4406","1":"product","2":"type-product","3":"status-publish","4":"has-post-thumbnail","6":"product_cat-6-inch-reborn-dolls","7":"product_cat-baby-girl-reborn-dolls","8":"product_cat-full-silicone-reborn-dolls","9":"product_cat-newborn-reborn-dolls","11":"first","12":"instock","13":"sale","14":"shipping-taxable","15":"purchasable","16":"product-type-simple"},"_links":{"self":[{"href":"https:\/\/www.mkreborns.com\/sv\/wp-json\/wp\/v2\/product\/4406","targetHints":{"allow":["GET"]}}],"collection":[{"href":"https:\/\/www.mkreborns.com\/sv\/wp-json\/wp\/v2\/product"}],"about":[{"href":"https:\/\/www.mkreborns.com\/sv\/wp-json\/wp\/v2\/types\/product"}],"replies":[{"embeddable":true,"href":"https:\/\/www.mkreborns.com\/sv\/wp-json\/wp\/v2\/comments?post=4406"}],"wp:featuredmedia":[{"embeddable":true,"href":"https:\/\/www.mkreborns.com\/sv\/wp-json\/wp\/v2\/media\/4416"}],"wp:attachment":[{"href":"https:\/\/www.mkreborns.com\/sv\/wp-json\/wp\/v2\/media?parent=4406"}],"wp:term":[{"taxonomy":"product_brand","embeddable":true,"href":"https:\/\/www.mkreborns.com\/sv\/wp-json\/wp\/v2\/product_brand?post=4406"},{"taxonomy":"product_cat","embeddable":true,"href":"https:\/\/www.mkreborns.com\/sv\/wp-json\/wp\/v2\/product_cat?post=4406"},{"taxonomy":"product_tag","embeddable":true,"href":"https:\/\/www.mkreborns.com\/sv\/wp-json\/wp\/v2\/product_tag?post=4406"}],"curies":[{"name":"wp","href":"https:\/\/api.w.org\/{rel}","templated":true}]}}