{"id":4195,"date":"2026-03-24T08:06:41","date_gmt":"2026-03-24T08:06:41","guid":{"rendered":"https:\/\/www.mkreborns.com\/?post_type=product&#038;p=4195"},"modified":"2026-03-24T08:33:50","modified_gmt":"2026-03-24T08:33:50","slug":"realistic-bonnie-brown-20-inch-vinyl-boy-twin-reborn-doll","status":"publish","type":"product","link":"https:\/\/www.mkreborns.com\/sv\/product\/realistic-bonnie-brown-20-inch-vinyl-boy-twin-reborn-doll\/","title":{"rendered":"Realistisk Bonnie Brown 20-tums vinylpojke-tvillingreborn docka"},"content":{"rendered":"<h2>M\u00e4sterlig konst av Bonnie Brown Twin A<\/h2>\n<div>Mk Reborns presenterar en uts\u00f6kt \u00e5tergivning av den ikoniska Bonnie Brown-tvillingskulpturen, som f\u00e5ngar sp\u00e4dbarns\u00e5lderns eteriska oskuld. Varje 20-tums vinylkreation har handm\u00e5lade hudmarmoreringar och mjuka lemmar som \u00e5terskapar smidigheten hos riktig hud. \u00c4ven om dessa tvilling\u00e5terf\u00f6dda dockor \u00e4r prisv\u00e4rda, s\u00e4kerst\u00e4ller deras sofistikerade hantverk att de intar en prestigefylld plats i din utvalda visning.<\/div>\n<h3>Autentiska egenskaper hos \u00e5terf\u00f6dda tvillingar<\/h3>\n<div>Dessa \u00e5terf\u00f6dda tvillingdockor levereras med skr\u00e4ddarsydda kl\u00e4der och en taktil n\u00e4rvaro som kr\u00e4ver varsam hantering. Deras anatomiska precision och fridfulla ansiktsuttryck ger en terapeutisk fokuspunkt f\u00f6r dem som s\u00f6ker en realistisk omh\u00e4ndertagande simulering.<\/div>\n<ul>\n<li>Tillverkad av f\u00f6rstklassig, giftfri vinyl f\u00f6r varaktig strukturell integritet.<\/li>\n<li>M\u00e4tt vid 50 cm f\u00f6r att ge en rej\u00e4l, realistisk tyngd n\u00e4r den \u00e4r i vaggan.<\/li>\n<li>Detaljerad med mikro\u00e5dring och genomskinliga nagelb\u00e4ddar f\u00f6r visuellt djup.<\/li>\n<\/ul>\n<div>\u00c4gare uppskattar den dubbla s\u00e4llskap som dessa s\u00f6ta reborn-dockor erbjuder, eftersom de perfekt f\u00e5ngar syskonens synkroniserade charm. Varje estetiskt val f\u00f6rst\u00e4rker den obestridliga lockelsen hos en h\u00f6gkvalitativ Bonnie Brown-reborn-docka.<\/div>","protected":false},"excerpt":{"rendered":"<div>Att adoptera dessa \u00f6mt\u00e5liga inv\u00e5nare i plantskolan ger en djup k\u00e4nsla av lugn till alla samlares fristad. Dessa noggrant avv\u00e4gda f\u00f6ljeslagare speglar de subtila nyanserna av nyf\u00f6dd anatomi och fr\u00e4mjar ett omedelbart k\u00e4nslom\u00e4ssigt band som \u00f6verskrider ren hobbyverksamhet.<\/div>","protected":false},"featured_media":4196,"comment_status":"open","ping_status":"closed","template":"","meta":[],"product_brand":[],"product_cat":[237,145,236,152],"product_tag":[],"class_list":{"0":"post-4195","1":"product","2":"type-product","3":"status-publish","4":"has-post-thumbnail","6":"product_cat-20-inch-reborn-dolls","7":"product_cat-baby-boy-reborn-dolls","8":"product_cat-twin-reborn-dolls","9":"product_cat-vinyl-reborn-dolls","11":"first","12":"instock","13":"sale","14":"shipping-taxable","15":"purchasable","16":"product-type-simple"},"_links":{"self":[{"href":"https:\/\/www.mkreborns.com\/sv\/wp-json\/wp\/v2\/product\/4195","targetHints":{"allow":["GET"]}}],"collection":[{"href":"https:\/\/www.mkreborns.com\/sv\/wp-json\/wp\/v2\/product"}],"about":[{"href":"https:\/\/www.mkreborns.com\/sv\/wp-json\/wp\/v2\/types\/product"}],"replies":[{"embeddable":true,"href":"https:\/\/www.mkreborns.com\/sv\/wp-json\/wp\/v2\/comments?post=4195"}],"wp:featuredmedia":[{"embeddable":true,"href":"https:\/\/www.mkreborns.com\/sv\/wp-json\/wp\/v2\/media\/4196"}],"wp:attachment":[{"href":"https:\/\/www.mkreborns.com\/sv\/wp-json\/wp\/v2\/media?parent=4195"}],"wp:term":[{"taxonomy":"product_brand","embeddable":true,"href":"https:\/\/www.mkreborns.com\/sv\/wp-json\/wp\/v2\/product_brand?post=4195"},{"taxonomy":"product_cat","embeddable":true,"href":"https:\/\/www.mkreborns.com\/sv\/wp-json\/wp\/v2\/product_cat?post=4195"},{"taxonomy":"product_tag","embeddable":true,"href":"https:\/\/www.mkreborns.com\/sv\/wp-json\/wp\/v2\/product_tag?post=4195"}],"curies":[{"name":"wp","href":"https:\/\/api.w.org\/{rel}","templated":true}]}}