{"id":4184,"date":"2026-03-22T15:16:30","date_gmt":"2026-03-22T15:16:30","guid":{"rendered":"https:\/\/www.mkreborns.com\/product\/22-inch-baby-soft-vinyl-toy-reborn-doll\/"},"modified":"2026-03-22T15:46:25","modified_gmt":"2026-03-22T15:46:25","slug":"22-inch-baby-soft-vinyl-toy-reborn-doll","status":"publish","type":"product","link":"https:\/\/www.mkreborns.com\/sv\/product\/22-inch-baby-soft-vinyl-toy-reborn-doll\/","title":{"rendered":"22 tums mjuk vinylleksak \u00e5terf\u00f6dd docka"},"content":{"rendered":"<p>Den 55 cm h\u00f6ga Reborn-dockan \u00e4r en fantastisk kreativ leksak. Denna Reborn-docka \u00e4r en flicka, s\u00e5 om du gillar flickor eller om ditt barn beh\u00f6ver en lekkamrat \u00e4r detta ett bra val. Rebirth-dockan har inga komplicerade elektroniska komponenter, vilket g\u00f6r den enkel att ta hand om.<\/p>\n<p>Material: Helkropps-PVC<br \/>\nK\u00f6n: Flicka<br \/>\nH\u00f6jd: 22 tum<br \/>\nVikt: 1,6 kg<br \/>\n\u00d6gonfransar: Sj\u00e4lvh\u00e4ftande \u00f6gonfransar<br \/>\nF\u00f6rpackningsvikt: 2,8 kg<br \/>\nF\u00f6rpackningens m\u00e5tt: 55*20*14 cm<br \/>\nKomplett paket inneh\u00e5ller: Kl\u00e4der, bl\u00f6ja, magnetisk napp och flaska.<\/p>\n<p><img decoding=\"async\" class=\"aligncenter wp-image-4188 size-full\" src=\"https:\/\/www.mkreborns.com\/wp-content\/themes\/woodmart\/images\/lazy.svg\" data-src=\"https:\/\/www.mkreborns.com\/wp-content\/uploads\/2026\/03\/O1CN01PpFvNU1Q2wt0qnoX3_2214704711919-0-cib.jpg\" alt=\"Reborn docka med realistisk mjuk vinyl, lockigt h\u00e5r och bl\u00e5 \u00f6gon, perfekt f\u00f6r samlare.\" width=\"1200\" height=\"1200\" title=\"\" srcset=\"\" data-srcset=\"https:\/\/www.mkreborns.com\/wp-content\/uploads\/2026\/03\/O1CN01PpFvNU1Q2wt0qnoX3_2214704711919-0-cib.jpg 1200w, https:\/\/www.mkreborns.com\/wp-content\/uploads\/2026\/03\/O1CN01PpFvNU1Q2wt0qnoX3_2214704711919-0-cib-300x300.jpg 300w, https:\/\/www.mkreborns.com\/wp-content\/uploads\/2026\/03\/O1CN01PpFvNU1Q2wt0qnoX3_2214704711919-0-cib-800x800.jpg 800w, https:\/\/www.mkreborns.com\/wp-content\/uploads\/2026\/03\/O1CN01PpFvNU1Q2wt0qnoX3_2214704711919-0-cib-150x150.jpg 150w, https:\/\/www.mkreborns.com\/wp-content\/uploads\/2026\/03\/O1CN01PpFvNU1Q2wt0qnoX3_2214704711919-0-cib-768x768.jpg 768w, https:\/\/www.mkreborns.com\/wp-content\/uploads\/2026\/03\/O1CN01PpFvNU1Q2wt0qnoX3_2214704711919-0-cib-12x12.jpg 12w, https:\/\/www.mkreborns.com\/wp-content\/uploads\/2026\/03\/O1CN01PpFvNU1Q2wt0qnoX3_2214704711919-0-cib-700x700.jpg 700w\" sizes=\"(max-width: 1200px) 100vw, 1200px\" \/><\/p>\n<p><img decoding=\"async\" class=\"aligncenter wp-image-4185 size-full\" src=\"https:\/\/www.mkreborns.com\/wp-content\/themes\/woodmart\/images\/lazy.svg\" data-src=\"https:\/\/www.mkreborns.com\/wp-content\/uploads\/2026\/03\/O1CN01xiOrQd1Q2wt261hyq_2214704711919-0-cib.jpg\" alt=\"Mycket detaljerad 22-tums reborn docka med mjuk vinylkropp och naturtrogna funktioner f\u00f6r samlare.\" width=\"1200\" height=\"1200\" title=\"\" srcset=\"\" data-srcset=\"https:\/\/www.mkreborns.com\/wp-content\/uploads\/2026\/03\/O1CN01xiOrQd1Q2wt261hyq_2214704711919-0-cib.jpg 1200w, https:\/\/www.mkreborns.com\/wp-content\/uploads\/2026\/03\/O1CN01xiOrQd1Q2wt261hyq_2214704711919-0-cib-300x300.jpg 300w, https:\/\/www.mkreborns.com\/wp-content\/uploads\/2026\/03\/O1CN01xiOrQd1Q2wt261hyq_2214704711919-0-cib-800x800.jpg 800w, https:\/\/www.mkreborns.com\/wp-content\/uploads\/2026\/03\/O1CN01xiOrQd1Q2wt261hyq_2214704711919-0-cib-150x150.jpg 150w, https:\/\/www.mkreborns.com\/wp-content\/uploads\/2026\/03\/O1CN01xiOrQd1Q2wt261hyq_2214704711919-0-cib-768x768.jpg 768w, https:\/\/www.mkreborns.com\/wp-content\/uploads\/2026\/03\/O1CN01xiOrQd1Q2wt261hyq_2214704711919-0-cib-12x12.jpg 12w, https:\/\/www.mkreborns.com\/wp-content\/uploads\/2026\/03\/O1CN01xiOrQd1Q2wt261hyq_2214704711919-0-cib-700x700.jpg 700w\" sizes=\"(max-width: 1200px) 100vw, 1200px\" \/><\/p>\n<p>V\u00e4nligen till\u00e5t en manuell tolerans p\u00e5 0,5\u20132,5 cm, eftersom produkten m\u00e4ttes manuellt.<\/p>","protected":false},"excerpt":{"rendered":"<p>Den \u00e5terf\u00f6dda dockan, tillverkad av PVC, \u00e4r tv\u00e4ttbar och l\u00e4tt att b\u00e4ra.<\/p>","protected":false},"featured_media":4185,"comment_status":"open","ping_status":"closed","template":"","meta":[],"product_brand":[],"product_cat":[235,144,155,156,154,157,152],"product_tag":[],"class_list":{"0":"post-4184","1":"product","2":"type-product","3":"status-publish","4":"has-post-thumbnail","6":"product_cat-22-inch-reborn-dolls","7":"product_cat-baby-girl-reborn-dolls","8":"product_cat-cute-reborn-dolls","9":"product_cat-life-sized-dolls","10":"product_cat-lifelike-reborn-dolls","11":"product_cat-real-life-baby-dolls","12":"product_cat-vinyl-reborn-dolls","14":"first","15":"instock","16":"sale","17":"shipping-taxable","18":"purchasable","19":"product-type-simple"},"_links":{"self":[{"href":"https:\/\/www.mkreborns.com\/sv\/wp-json\/wp\/v2\/product\/4184","targetHints":{"allow":["GET"]}}],"collection":[{"href":"https:\/\/www.mkreborns.com\/sv\/wp-json\/wp\/v2\/product"}],"about":[{"href":"https:\/\/www.mkreborns.com\/sv\/wp-json\/wp\/v2\/types\/product"}],"replies":[{"embeddable":true,"href":"https:\/\/www.mkreborns.com\/sv\/wp-json\/wp\/v2\/comments?post=4184"}],"wp:featuredmedia":[{"embeddable":true,"href":"https:\/\/www.mkreborns.com\/sv\/wp-json\/wp\/v2\/media\/4185"}],"wp:attachment":[{"href":"https:\/\/www.mkreborns.com\/sv\/wp-json\/wp\/v2\/media?parent=4184"}],"wp:term":[{"taxonomy":"product_brand","embeddable":true,"href":"https:\/\/www.mkreborns.com\/sv\/wp-json\/wp\/v2\/product_brand?post=4184"},{"taxonomy":"product_cat","embeddable":true,"href":"https:\/\/www.mkreborns.com\/sv\/wp-json\/wp\/v2\/product_cat?post=4184"},{"taxonomy":"product_tag","embeddable":true,"href":"https:\/\/www.mkreborns.com\/sv\/wp-json\/wp\/v2\/product_tag?post=4184"}],"curies":[{"name":"wp","href":"https:\/\/api.w.org\/{rel}","templated":true}]}}