{"id":4165,"date":"2026-03-22T14:35:28","date_gmt":"2026-03-22T14:35:28","guid":{"rendered":"https:\/\/www.mkreborns.com\/product\/18-inch-soft-vinyl-open-eye-reborn-baby-doll\/"},"modified":"2026-03-22T15:34:35","modified_gmt":"2026-03-22T15:34:35","slug":"18-inch-soft-vinyl-open-eye-reborn-baby-doll","status":"publish","type":"product","link":"https:\/\/www.mkreborns.com\/sv\/product\/18-inch-soft-vinyl-open-eye-reborn-baby-doll\/","title":{"rendered":"18 tums mjuk vinyl \u00e5terf\u00f6dd babydocka med \u00f6ppna \u00f6gon"},"content":{"rendered":"<p>Denna \u00e5terf\u00f6dda docka har tydligt synliga vener och \u00e4r mycket realistisk. Den kan sitta eller ligga ner, varken talar eller blinkar, och har inga komplicerade elektroniska delar, vilket g\u00f6r den l\u00e4tt att ta hand om och perfekt f\u00f6r samlarobjekt. Hantera dockan f\u00f6rsiktigt n\u00e4r du reng\u00f6r den; undvik att skrapa kraftigt p\u00e5 \u00f6gonbrynen f\u00f6r att f\u00f6rhindra att f\u00e4rgen bleknar.<\/p>\n<p>&nbsp;<\/p>\n<p>Material: Helkropps-PVC<br \/>\nK\u00f6n: V\u00e4lj mellan pojke eller flicka<br \/>\nH\u00f6jd: 45 cm<br \/>\nVikt: 1,1 kg<br \/>\n\u00d6gonfransar: Sj\u00e4lvh\u00e4ftande \u00f6gonfransar<br \/>\nF\u00f6rpackningsvikt: 1,6 kg<br \/>\nF\u00f6rpackningens m\u00e5tt: 46*20*13 cm<br \/>\nKomplett paket inneh\u00e5ller: Kl\u00e4der, bl\u00f6ja, magnetisk napp, flaska och f\u00f6delsebevis.<\/p>\n<p>&nbsp;<\/p>\n<p><img decoding=\"async\" src=\"https:\/\/www.mkreborns.com\/wp-content\/uploads\/2026\/03\/O1CN01PhbSDV1lsnmHX7b7l_2831564875-0-cib.jpg\" alt=\"\" title=\"\"><\/p>\n<p><img decoding=\"async\" src=\"https:\/\/www.mkreborns.com\/wp-content\/uploads\/2026\/03\/O1CN01Fqa8AT1lsnmKDSTq1_2831564875-0-cib.jpg\" alt=\"\" title=\"\"><\/p>\n<p>V\u00e4nligen till\u00e5t en manuell tolerans p\u00e5 0,5\u20132,5 cm, eftersom produkten m\u00e4ttes manuellt.<\/p>","protected":false},"excerpt":{"rendered":"<p>Som v\u00e5rdare av den \u00e5terf\u00f6dda dockan kan du k\u00f6pa olika kl\u00e4dstilar till dockan f\u00f6r olika tillf\u00e4llen.<\/p>","protected":false},"featured_media":4167,"comment_status":"open","ping_status":"closed","template":"","meta":[],"product_brand":[],"product_cat":[151,145,144,155,156,154,157,152],"product_tag":[],"class_list":{"0":"post-4165","1":"product","2":"type-product","3":"status-publish","4":"has-post-thumbnail","6":"product_cat-18-inch-reborn-dolls","7":"product_cat-baby-boy-reborn-dolls","8":"product_cat-baby-girl-reborn-dolls","9":"product_cat-cute-reborn-dolls","10":"product_cat-life-sized-dolls","11":"product_cat-lifelike-reborn-dolls","12":"product_cat-real-life-baby-dolls","13":"product_cat-vinyl-reborn-dolls","15":"first","16":"instock","17":"sale","18":"shipping-taxable","19":"purchasable","20":"product-type-variable","21":"has-default-attributes"},"_links":{"self":[{"href":"https:\/\/www.mkreborns.com\/sv\/wp-json\/wp\/v2\/product\/4165","targetHints":{"allow":["GET"]}}],"collection":[{"href":"https:\/\/www.mkreborns.com\/sv\/wp-json\/wp\/v2\/product"}],"about":[{"href":"https:\/\/www.mkreborns.com\/sv\/wp-json\/wp\/v2\/types\/product"}],"replies":[{"embeddable":true,"href":"https:\/\/www.mkreborns.com\/sv\/wp-json\/wp\/v2\/comments?post=4165"}],"wp:featuredmedia":[{"embeddable":true,"href":"https:\/\/www.mkreborns.com\/sv\/wp-json\/wp\/v2\/media\/4167"}],"wp:attachment":[{"href":"https:\/\/www.mkreborns.com\/sv\/wp-json\/wp\/v2\/media?parent=4165"}],"wp:term":[{"taxonomy":"product_brand","embeddable":true,"href":"https:\/\/www.mkreborns.com\/sv\/wp-json\/wp\/v2\/product_brand?post=4165"},{"taxonomy":"product_cat","embeddable":true,"href":"https:\/\/www.mkreborns.com\/sv\/wp-json\/wp\/v2\/product_cat?post=4165"},{"taxonomy":"product_tag","embeddable":true,"href":"https:\/\/www.mkreborns.com\/sv\/wp-json\/wp\/v2\/product_tag?post=4165"}],"curies":[{"name":"wp","href":"https:\/\/api.w.org\/{rel}","templated":true}]}}