{"id":4094,"date":"2026-03-19T02:43:43","date_gmt":"2026-03-19T02:43:43","guid":{"rendered":"https:\/\/www.mkreborns.com\/?post_type=product&#038;p=4094"},"modified":"2026-03-19T15:52:52","modified_gmt":"2026-03-19T15:52:52","slug":"reborn-baby-doll-magnetic-pacifier-realistic-fit","status":"publish","type":"product","link":"https:\/\/www.mkreborns.com\/sv\/product\/reborn-baby-doll-magnetic-pacifier-realistic-fit\/","title":{"rendered":"Reborn-bebisdocka med magnetnapp \u2013 realistisk passform"},"content":{"rendered":"<h2>Reborn-bebisdocka med magnetisk napp<\/h2>\n<div>Reborn-bebisdockans magnetiska napp \u00e4r utformad f\u00f6r att skapa en \u00f6vertygande och naturlig interaktion mellan dockan och dess tillbeh\u00f6r. Den \u00e4r kompatibel med nyf\u00f6dda reborn-bebisdockor med magnetiska nappsystem och f\u00e4sts smidigt p\u00e5 dockor som har interna magneter. Dess balanserade konstruktion s\u00e4kerst\u00e4ller korrekt justering utan att f\u00f6rskjutas, vilket beh\u00e5ller en verklighetstrogen presentation.<\/div>\n<h3>S\u00e4ker inf\u00e4stning och realistisk detaljering<\/h3>\n<div>Denna napp har en inb\u00e4ddad magnetisk k\u00e4rna som m\u00f6jligg\u00f6r enkel placering och borttagning samtidigt som den bibeh\u00e5ller stabiliteten. Den \u00e4r s\u00e4rskilt l\u00e4mplig f\u00f6r naturtrogna reborn-dockor som kan ta riktiga nappar, vilket ger en visuellt korrekt matnings- eller lugnande position. Den sl\u00e4ta ytan garanterar s\u00e4ker hantering och en raffinerad finish.<\/div>\n<h3>Viktiga funktioner och f\u00f6rdelar<\/h3>\n<ul>\n<li>Stark inv\u00e4ndig magnet f\u00f6r stabil positionering<\/li>\n<li>Utformad f\u00f6r nyf\u00f6dda reborn dockor med magnetisk napp<\/li>\n<li>Kompatibel med naturtrogna reborn-dockor som kan ta riktiga nappar<\/li>\n<li>L\u00e4tt konstruktion f\u00f6r naturlig placering<\/li>\n<li>Slitstarkt material f\u00f6r upprepad anv\u00e4ndning<\/li>\n<\/ul>\n<div>Detta tillbeh\u00f6r f\u00f6rst\u00e4rker din samlings verklighetstrogna utseende, vilket g\u00f6r det till ett oumb\u00e4rligt tillskott f\u00f6r samlare som s\u00f6ker en h\u00f6gkvalitativ magnetisk napp till en reborn docka.<\/div>\n<div>Magnetisk napp, ett \u00e5terf\u00f6tt barn \u00e4r n\u00f6dv\u00e4ndigt! Med den kan dockan (med munnen st\u00e4ngd) suga p\u00e5 en napp! Men f\u00f6rst och fr\u00e4mst b\u00f6r det finnas en magnet i dockans mun.<\/div>\n<div>Storlek: som bilderna visar<\/div>\n<div>Paketet inkluderar: 1 st<\/div>\n<div class=\"detailmodule_image\"><img decoding=\"async\" class=\"detail-desc-decorate-image\" src=\"https:\/\/www.mkreborns.com\/wp-content\/uploads\/2026\/03\/kf-S57fdc27edc6e45fd90840739bcbc10bdK.webp\" alt=\"\" title=\"\"><img decoding=\"async\" class=\"detail-desc-decorate-image\" src=\"https:\/\/www.mkreborns.com\/wp-content\/uploads\/2026\/03\/kf-Scd0b0263191840aca2c6d9d9092853bb8.webp\" alt=\"\" title=\"\"><img decoding=\"async\" class=\"detail-desc-decorate-image\" src=\"https:\/\/www.mkreborns.com\/wp-content\/uploads\/2026\/03\/kf-Sad85ad6e0e2e4333b9ffe757ec183004e.webp\" alt=\"\" title=\"\"><img decoding=\"async\" class=\"detail-desc-decorate-image\" src=\"https:\/\/www.mkreborns.com\/wp-content\/uploads\/2026\/03\/kf-Sca74611577a2480781484c8c07bd4ff2F.webp\" alt=\"\" title=\"\"><img decoding=\"async\" class=\"detail-desc-decorate-image\" src=\"https:\/\/www.mkreborns.com\/wp-content\/uploads\/2026\/03\/kf-Sa13d45d1c7c54ba29181db819686fb23X.webp\" alt=\"\" title=\"\"><img decoding=\"async\" class=\"detail-desc-decorate-image\" src=\"https:\/\/www.mkreborns.com\/wp-content\/uploads\/2026\/03\/kf-S5499cdc26d4a40e9903777a859be4f1eP.webp\" alt=\"\" title=\"\"><img decoding=\"async\" class=\"detail-desc-decorate-image\" src=\"https:\/\/www.mkreborns.com\/wp-content\/uploads\/2026\/03\/kf-S11408845c0cb4f4193474b5608f40c9fI.webp\" alt=\"\" title=\"\"><img decoding=\"async\" class=\"detail-desc-decorate-image\" src=\"https:\/\/www.mkreborns.com\/wp-content\/uploads\/2026\/03\/kf-S0113e3dd80594293b07c453364e8fb07i.webp\" alt=\"\" title=\"\"><\/div>","protected":false},"excerpt":{"rendered":"<p>En noggrant tillverkad magnetisk napp utformad f\u00f6r att f\u00f6rb\u00e4ttra realismen och erbjuder en s\u00e4ker och naturlig passform f\u00f6r kompatibla reborn-dockor.<\/p>","protected":false},"featured_media":4095,"comment_status":"open","ping_status":"closed","template":"","meta":[],"product_brand":[],"product_cat":[162,148],"product_tag":[],"class_list":{"0":"post-4094","1":"product","2":"type-product","3":"status-publish","4":"has-post-thumbnail","6":"product_cat-reborn-pacifier","7":"product_cat-reborn-doll-accessories","9":"first","10":"instock","11":"sale","12":"shipping-taxable","13":"purchasable","14":"product-type-variable"},"_links":{"self":[{"href":"https:\/\/www.mkreborns.com\/sv\/wp-json\/wp\/v2\/product\/4094","targetHints":{"allow":["GET"]}}],"collection":[{"href":"https:\/\/www.mkreborns.com\/sv\/wp-json\/wp\/v2\/product"}],"about":[{"href":"https:\/\/www.mkreborns.com\/sv\/wp-json\/wp\/v2\/types\/product"}],"replies":[{"embeddable":true,"href":"https:\/\/www.mkreborns.com\/sv\/wp-json\/wp\/v2\/comments?post=4094"}],"wp:featuredmedia":[{"embeddable":true,"href":"https:\/\/www.mkreborns.com\/sv\/wp-json\/wp\/v2\/media\/4095"}],"wp:attachment":[{"href":"https:\/\/www.mkreborns.com\/sv\/wp-json\/wp\/v2\/media?parent=4094"}],"wp:term":[{"taxonomy":"product_brand","embeddable":true,"href":"https:\/\/www.mkreborns.com\/sv\/wp-json\/wp\/v2\/product_brand?post=4094"},{"taxonomy":"product_cat","embeddable":true,"href":"https:\/\/www.mkreborns.com\/sv\/wp-json\/wp\/v2\/product_cat?post=4094"},{"taxonomy":"product_tag","embeddable":true,"href":"https:\/\/www.mkreborns.com\/sv\/wp-json\/wp\/v2\/product_tag?post=4094"}],"curies":[{"name":"wp","href":"https:\/\/api.w.org\/{rel}","templated":true}]}}