{"id":4043,"date":"2026-03-18T15:39:40","date_gmt":"2026-03-18T15:39:40","guid":{"rendered":"https:\/\/www.mkreborns.com\/?post_type=product&#038;p=4043"},"modified":"2026-04-03T16:02:07","modified_gmt":"2026-04-03T16:02:07","slug":"complete-reborn-doll-kit-starter-sets-accessories","status":"publish","type":"product","link":"https:\/\/www.mkreborns.com\/sv\/product\/complete-reborn-doll-kit-starter-sets-accessories\/","title":{"rendered":"Komplett reborn-dockkit \u2013 startset med tillbeh\u00f6r"},"content":{"rendered":"<div class=\"product-specs-list-container\">\n<h2>Kompletta startpaket f\u00f6r reborn-dockor<\/h2>\n<div>Kompletta startset f\u00f6r reborn-dockor ger en praktisk grund f\u00f6r samlare som s\u00f6ker en sammanh\u00e4ngande och naturtrohet. Detta utvalda paket inneh\u00e5ller viktiga tillbeh\u00f6rsset f\u00f6r reborn-dockor, s\u00e5som nappflaskor, nappar och miniatyrv\u00e5rdsartiklar, alla proportionerade f\u00f6r 18-tums dockor. Varje komponent bidrar till en enhetlig estetik samtidigt som den bibeh\u00e5ller anv\u00e4ndarv\u00e4nlighet f\u00f6r b\u00e5de visning och hantering.<\/div>\n<h3>Funktionell design och sammanh\u00e4ngande styling<\/h3>\n<div>Dessa tillbeh\u00f6r till reborn-dockor i silikon \u00e4r konstruerade f\u00f6r kompatibilitet och integreras smidigt med olika docktyper, inklusive vinyl- och silikonformer. Materialen \u00e4r l\u00e4tta men \u00e4nd\u00e5 t\u00e5liga, vilket garanterar l\u00e5ngvarig anv\u00e4ndbarhet. Som en del av tillbeh\u00f6ren till reborn-dockor till salu balanserar detta kit \u00f6verkomliga priser med noggrannhet i detalj, vilket g\u00f6r det l\u00e4mpligt f\u00f6r samlare p\u00e5 olika niv\u00e5er.<\/div>\n<h3>Viktiga funktioner och f\u00f6rdelar<\/h3>\n<ul>\n<li>Inneh\u00e5ller flera tillbeh\u00f6rsset f\u00f6r reborn babydockor i ett paket<\/li>\n<li>Utformad f\u00f6r reborn-dockor p\u00e5 43 cm \/ 18 tum<\/li>\n<li>Slitstark plast och mjuka komponenter f\u00f6r upprepad anv\u00e4ndning<\/li>\n<li>Kostnadseffektivt alternativ bland billiga tillbeh\u00f6r till reborn babydockor<\/li>\n<li>Kompatibel med tillbeh\u00f6r till silikondockor, reborn<\/li>\n<\/ul>\n<div>Detta m\u00e5ngsidiga paket f\u00f6renklar installationen samtidigt som det f\u00f6rb\u00e4ttrar realismen, vilket g\u00f6r det till ett viktigt tillskott f\u00f6r samlare som letar efter kompletta startset f\u00f6r reborn-dockor.<\/div>\n<\/div>\n<p><img decoding=\"async\" src=\"https:\/\/ae01.alicdn.com\/kf\/S2ac0c07b28bc4ac8bbc8ec1493f5eca1O.jpg\" alt=\"\" title=\"\"><img decoding=\"async\" src=\"https:\/\/ae01.alicdn.com\/kf\/S6441869820c0453aba5911026275c27ep.jpg\" alt=\"\" title=\"\"><img decoding=\"async\" src=\"https:\/\/ae01.alicdn.com\/kf\/S5ab5abe146bb48fa9a94c8997f2c7ee4Q.jpg\" alt=\"\" title=\"\"><img decoding=\"async\" src=\"https:\/\/ae01.alicdn.com\/kf\/S3be2280f24a34965835a8ce1a38fd957R.jpg\" alt=\"\" title=\"\"><img decoding=\"async\" src=\"https:\/\/ae01.alicdn.com\/kf\/S6fe7d906696141b0ab07dde1e6e5908aw.jpg\" alt=\"\" title=\"\"><img decoding=\"async\" src=\"https:\/\/ae01.alicdn.com\/kf\/S3c5d9ee971ad4bd78e12de7dc8cd6ea2u.jpg\" alt=\"\" title=\"\"><img decoding=\"async\" src=\"https:\/\/ae01.alicdn.com\/kf\/Sebfcb2540dcf40888a721f47209f1862r.jpg\" alt=\"\" title=\"\"><img decoding=\"async\" src=\"https:\/\/ae01.alicdn.com\/kf\/S11f70586ef5d40829a72c2d3c3839908x.jpg\" alt=\"\" title=\"\"><img decoding=\"async\" src=\"https:\/\/ae01.alicdn.com\/kf\/Sa441d5ba97b64c05b54233527ce711d4p.jpg\" alt=\"\" title=\"\"><img decoding=\"async\" src=\"https:\/\/ae01.alicdn.com\/kf\/S33ea08f4b52549eaba6ec4b300eb133en.jpg\" alt=\"\" title=\"\"><img decoding=\"async\" src=\"https:\/\/ae01.alicdn.com\/kf\/Sfe1a1140e2f84221af639b7f50630a7e8.jpg\" alt=\"\" title=\"\"><img decoding=\"async\" src=\"https:\/\/ae01.alicdn.com\/kf\/S81d555bccfea4f4a85ffddd12ce9000aE.jpg\" alt=\"\" title=\"\"><img decoding=\"async\" src=\"https:\/\/ae01.alicdn.com\/kf\/S486e610f959b4b88b28666d56447564f4.jpg\" alt=\"\" title=\"\"><img decoding=\"async\" src=\"https:\/\/ae01.alicdn.com\/kf\/Sfa43f26ea86e4e08913ebcf4b01e20202.jpg\" alt=\"\" title=\"\"><img decoding=\"async\" src=\"https:\/\/ae01.alicdn.com\/kf\/S2382dce1c04247f0b0299b7f841cce3dk.jpg\" alt=\"\" title=\"\"><\/p>","protected":false},"excerpt":{"rendered":"<p>Ett allt-i-ett-startset utformat f\u00f6r att utrusta din reborn-docka med viktiga tillbeh\u00f6r, vilket f\u00f6rb\u00e4ttrar realismen och den vardagliga stilen.<\/p>","protected":false},"featured_media":4044,"comment_status":"open","ping_status":"closed","template":"","meta":[],"product_brand":[],"product_cat":[148],"product_tag":[],"class_list":{"0":"post-4043","1":"product","2":"type-product","3":"status-publish","4":"has-post-thumbnail","6":"product_cat-reborn-doll-accessories","8":"first","9":"instock","10":"sale","11":"shipping-taxable","12":"purchasable","13":"product-type-variable","14":"has-default-attributes"},"_links":{"self":[{"href":"https:\/\/www.mkreborns.com\/sv\/wp-json\/wp\/v2\/product\/4043","targetHints":{"allow":["GET"]}}],"collection":[{"href":"https:\/\/www.mkreborns.com\/sv\/wp-json\/wp\/v2\/product"}],"about":[{"href":"https:\/\/www.mkreborns.com\/sv\/wp-json\/wp\/v2\/types\/product"}],"replies":[{"embeddable":true,"href":"https:\/\/www.mkreborns.com\/sv\/wp-json\/wp\/v2\/comments?post=4043"}],"wp:featuredmedia":[{"embeddable":true,"href":"https:\/\/www.mkreborns.com\/sv\/wp-json\/wp\/v2\/media\/4044"}],"wp:attachment":[{"href":"https:\/\/www.mkreborns.com\/sv\/wp-json\/wp\/v2\/media?parent=4043"}],"wp:term":[{"taxonomy":"product_brand","embeddable":true,"href":"https:\/\/www.mkreborns.com\/sv\/wp-json\/wp\/v2\/product_brand?post=4043"},{"taxonomy":"product_cat","embeddable":true,"href":"https:\/\/www.mkreborns.com\/sv\/wp-json\/wp\/v2\/product_cat?post=4043"},{"taxonomy":"product_tag","embeddable":true,"href":"https:\/\/www.mkreborns.com\/sv\/wp-json\/wp\/v2\/product_tag?post=4043"}],"curies":[{"name":"wp","href":"https:\/\/api.w.org\/{rel}","templated":true}]}}