{"id":4029,"date":"2026-03-18T15:28:55","date_gmt":"2026-03-18T15:28:55","guid":{"rendered":"https:\/\/www.mkreborns.com\/?post_type=product&#038;p=4029"},"modified":"2026-03-19T15:51:56","modified_gmt":"2026-03-19T15:51:56","slug":"17-18-inch-reborn-doll-feeding-pacifier-accessories","status":"publish","type":"product","link":"https:\/\/www.mkreborns.com\/sv\/product\/17-18-inch-reborn-doll-feeding-pacifier-accessories\/","title":{"rendered":"17-18 tums napptillbeh\u00f6r f\u00f6r reborn dockor"},"content":{"rendered":"<div class=\"product-specs-list-container\"><\/div>\n<div class=\"detailmodule_html\">\n<div class=\"detail-desc-decorate-richtext\">\n<h2>Tillbeh\u00f6r f\u00f6r reborn-dockor utan h\u00e5l, nappflaskor<\/h2>\n<div>Tillbeh\u00f6ren till Reborn-dockorna, nappnappar utan h\u00e5l, \u00e4r tillverkade f\u00f6r att \u00e5terskapa autentiska matningsrutiner f\u00f6r sp\u00e4dbarn samtidigt som dockan bibeh\u00e5ller sin integritet. Detta set inneh\u00e5ller noggrant gjutna nappflaskor, mjuka silikontoppar och matchande delar som kompletterar Reborn-dockornas nappset. Tillbeh\u00f6ren \u00e4r designade f\u00f6r samlare som prioriterar realism och skapar ett naturtroget intryck av omtanke utan att dockan beh\u00f6ver modifieras strukturellt.<\/div>\n<h3>S\u00e4ker silikondesign och realistiska detaljer<\/h3>\n<div>De medf\u00f6ljande silikonnapparna utan h\u00e5l f\u00f6r reborn-dockor f\u00f6r f\u00f6r tidigt bebisar \u00e4r konstruerade med en sluten spetsstruktur som f\u00f6rhindrar v\u00e4tskefl\u00f6de samtidigt som den visuella autenticiteten bevaras. Varje komponent \u00e4r proportionerad f\u00f6r att passa dockor p\u00e5 17-18 tum, vilket s\u00e4kerst\u00e4ller en naturlig passform vid matningsscener eller uppvisningsarrangemang.<\/div>\n<h3>Viktiga funktioner och f\u00f6rdelar<\/h3>\n<ul>\n<li>Inkluderar nappflaskor och nappset f\u00f6r reborn-dockor<\/li>\n<li>Sluten spetsdesign f\u00f6r s\u00e4ker, icke-funktionell matningssimulering<\/li>\n<li>Tillverkad med mjuk silikon f\u00f6r realistisk textur<\/li>\n<li>Kompatibel med reborn-dockor p\u00e5 17-18 tum<\/li>\n<li>Idealisk f\u00f6r anv\u00e4ndning med silikonnappar utan h\u00e5l f\u00f6r reborn dockor f\u00f6r f\u00f6r tidigt f\u00f6dda barn<\/li>\n<\/ul>\n<div>Detta omsorgsfullt sammansatta kit f\u00f6rst\u00e4rker den visuella ber\u00e4ttandet och samlingsv\u00e4rdet, vilket g\u00f6r det till ett p\u00e5litligt val f\u00f6r alla som s\u00f6ker tillbeh\u00f6r till reborn-dockor med nappflaskor utan h\u00e5l.<\/div>\n<p><img decoding=\"async\" src=\"https:\/\/www.mkreborns.com\/wp-content\/uploads\/2026\/03\/kf-S821bc0c09e4b42a393cbbc2780b410d4P.webp\" alt=\"\" title=\"\"><img decoding=\"async\" src=\"https:\/\/www.mkreborns.com\/wp-content\/uploads\/2026\/03\/kf-S3ddca035184249b39a97908487b4d497n.webp\" alt=\"\" title=\"\"><img decoding=\"async\" src=\"https:\/\/www.mkreborns.com\/wp-content\/uploads\/2026\/03\/kf-Se4f5ae05ae6f4ec4a8ef9889288959d4L.webp\" alt=\"\" title=\"\"><img decoding=\"async\" src=\"https:\/\/www.mkreborns.com\/wp-content\/uploads\/2026\/03\/kf-S63a5bb887a674b8ab8ce2a3c3e8dc6den.webp\" alt=\"\" title=\"\"><span style=\"font-size: 18px;\"><strong>Liten storlek rosa:<\/strong><\/span><img decoding=\"async\" src=\"https:\/\/www.mkreborns.com\/wp-content\/uploads\/2026\/03\/kf-S5937a950d18c457d9632bc051f5569f9r.webp\" alt=\"\" title=\"\"><\/p>\n<p><span style=\"font-size: 18px;\"><strong>Liten storlek bl\u00e5:<\/strong><\/span><img decoding=\"async\" src=\"https:\/\/www.mkreborns.com\/wp-content\/uploads\/2026\/03\/kf-Scbcae8c5f5a14ec8ac5007fdc863b93cg.webp\" alt=\"\" title=\"\"><img decoding=\"async\" src=\"https:\/\/www.mkreborns.com\/wp-content\/uploads\/2026\/03\/kf-S5e160258b8954f42a85e81b8690efd27l.webp\" alt=\"\" title=\"\"><img decoding=\"async\" src=\"https:\/\/www.mkreborns.com\/wp-content\/uploads\/2026\/03\/kf-Sb8e5eb1c653f4d77bd66c73376d647894.webp\" alt=\"\" title=\"\"><img decoding=\"async\" src=\"https:\/\/www.mkreborns.com\/wp-content\/uploads\/2026\/03\/kf-S42bdf04560824f58a60c86c965c4d3f5Q.webp\" alt=\"\" title=\"\"><img decoding=\"async\" src=\"https:\/\/www.mkreborns.com\/wp-content\/uploads\/2026\/03\/kf-Sf8bed42865e04064a00206620943d9dfR.webp\" alt=\"\" title=\"\"><img decoding=\"async\" src=\"https:\/\/www.mkreborns.com\/wp-content\/uploads\/2026\/03\/kf-S419dce937a6049f997aa62428da2071dR.webp\" alt=\"Matningstillbeh\u00f6r till Reborn-dockor inklusive nappflaska, napp och matningsverktyg.\" title=\"\"><\/p>\n<\/div>\n<\/div>","protected":false},"excerpt":{"rendered":"<div>Ett komplett matningstillbeh\u00f6rsset designat f\u00f6r reborn-dockor p\u00e5 17\u201318 tum, som kombinerar realism, s\u00e4kerhet och fina detaljer i ett kompakt kit.<\/div>","protected":false},"featured_media":4030,"comment_status":"open","ping_status":"closed","template":"","meta":[],"product_brand":[],"product_cat":[148,162],"product_tag":[],"class_list":{"0":"post-4029","1":"product","2":"type-product","3":"status-publish","4":"has-post-thumbnail","6":"product_cat-reborn-doll-accessories","7":"product_cat-reborn-pacifier","9":"first","10":"instock","11":"sale","12":"shipping-taxable","13":"purchasable","14":"product-type-variable","15":"has-default-attributes"},"_links":{"self":[{"href":"https:\/\/www.mkreborns.com\/sv\/wp-json\/wp\/v2\/product\/4029","targetHints":{"allow":["GET"]}}],"collection":[{"href":"https:\/\/www.mkreborns.com\/sv\/wp-json\/wp\/v2\/product"}],"about":[{"href":"https:\/\/www.mkreborns.com\/sv\/wp-json\/wp\/v2\/types\/product"}],"replies":[{"embeddable":true,"href":"https:\/\/www.mkreborns.com\/sv\/wp-json\/wp\/v2\/comments?post=4029"}],"wp:featuredmedia":[{"embeddable":true,"href":"https:\/\/www.mkreborns.com\/sv\/wp-json\/wp\/v2\/media\/4030"}],"wp:attachment":[{"href":"https:\/\/www.mkreborns.com\/sv\/wp-json\/wp\/v2\/media?parent=4029"}],"wp:term":[{"taxonomy":"product_brand","embeddable":true,"href":"https:\/\/www.mkreborns.com\/sv\/wp-json\/wp\/v2\/product_brand?post=4029"},{"taxonomy":"product_cat","embeddable":true,"href":"https:\/\/www.mkreborns.com\/sv\/wp-json\/wp\/v2\/product_cat?post=4029"},{"taxonomy":"product_tag","embeddable":true,"href":"https:\/\/www.mkreborns.com\/sv\/wp-json\/wp\/v2\/product_tag?post=4029"}],"curies":[{"name":"wp","href":"https:\/\/api.w.org\/{rel}","templated":true}]}}