{"id":4000,"date":"2026-03-18T14:46:48","date_gmt":"2026-03-18T14:46:48","guid":{"rendered":"https:\/\/www.mkreborns.com\/?post_type=product&#038;p=4000"},"modified":"2026-03-19T15:52:09","modified_gmt":"2026-03-19T15:52:09","slug":"american-girl-doll-clothes-fit-18-inch-reborns-set","status":"publish","type":"product","link":"https:\/\/www.mkreborns.com\/sv\/product\/american-girl-doll-clothes-fit-18-inch-reborns-set\/","title":{"rendered":"American Girl dockkl\u00e4der passar 18 tums reborn-set"},"content":{"rendered":"<div class=\"product-specs-list-container\">\n<h2>Kl\u00e4der till American Girl-dockorna passar till reborns<\/h2>\n<div>Dockkl\u00e4der f\u00f6r amerikanska tjejer passar reborna med anm\u00e4rkningsv\u00e4rd precision, vilket s\u00e4kerst\u00e4ller kompatibilitet med 18-tums dockor som f\u00f6ljer realistiska proportioner. Dessa kl\u00e4der \u00e4r strukturerade f\u00f6r att passa nya stilar av reborn-tygdockkroppar och erbjuder en balanserad silhuett som f\u00f6rst\u00e4rker autenticiteten. Oavsett om de \u00e4r utformade f\u00f6r uppvisning eller varsam hantering, \u00e5terspeglar varje plagg ett genomt\u00e4nkt hantverk.<\/div>\n<h3>Skr\u00e4ddarsydd design och materialintegritet<\/h3>\n<div>Dessa handgjorda dockkl\u00e4der \u00e4r tillverkade av mjukt men \u00e4nd\u00e5 elastiskt tyg och bibeh\u00e5ller strukturen utan att vara stela. S\u00f6mmarna f\u00f6ljer anatomiska konturer, vilket g\u00f6r att plagget sitter naturligt p\u00e5 dockans ram. Detta s\u00e4kerst\u00e4ller b\u00e5de visuell noggrannhet och l\u00e5ngvarig anv\u00e4ndbarhet.<\/div>\n<h3>Viktiga funktioner och f\u00f6rdelar<\/h3>\n<ul>\n<li>Utformad f\u00f6r att passa reborn-bebisar p\u00e5 43 cm \/ 18 tum exakt<\/li>\n<li>L\u00e4mplig f\u00f6r b\u00e5de reborn-dockkl\u00e4der f\u00f6r pojkar och neutrala modeller<\/li>\n<li>F\u00f6rst\u00e4rkta s\u00f6mmar f\u00f6r \u00f6kad h\u00e5llbarhet<\/li>\n<li>L\u00e4tt textil f\u00f6r bekv\u00e4m hantering<\/li>\n<li>Kompatibel med nya modeller av reborn-dockor av tyger<\/li>\n<\/ul>\n<div>Med en balans mellan struktur och mjukhet ger detta set djup och realism till vilken samling som helst, vilket g\u00f6r det till ett p\u00e5litligt val f\u00f6r samlare som s\u00f6ker kl\u00e4der till American Girl-dockor som passar reborn-dockor.<\/div>\n<div><\/div>\n<\/div>\n<div class=\"detailmodule_html\">\n<div class=\"detail-desc-decorate-richtext\">\n<p style=\"text-align: center; margin: 0px;\" align=\"center\"><img decoding=\"async\" src=\"https:\/\/www.mkreborns.com\/wp-content\/uploads\/2026\/03\/kf-Sbb815d83d55a42c6b75a953932f9eec9r.webp\" alt=\"\" title=\"\"><img decoding=\"async\" src=\"https:\/\/www.mkreborns.com\/wp-content\/uploads\/2026\/03\/kf-Sc2b352c412684bd7acc6bb9bcdf0c927X.webp\" alt=\"\" title=\"\"><img decoding=\"async\" src=\"https:\/\/www.mkreborns.com\/wp-content\/uploads\/2026\/03\/kf-S359e5961003a4ef683ca7929699e081fB.webp\" alt=\"\" title=\"\"><img decoding=\"async\" src=\"https:\/\/www.mkreborns.com\/wp-content\/uploads\/2026\/03\/kf-Scc518a1bba6e434daac8f2dece7ee61fs.webp\" alt=\"\" title=\"\"><img decoding=\"async\" src=\"https:\/\/www.mkreborns.com\/wp-content\/uploads\/2026\/03\/kf-S5c9fd673d94b407495c1b13241048299B.webp\" alt=\"\" title=\"\"><img decoding=\"async\" src=\"https:\/\/www.mkreborns.com\/wp-content\/uploads\/2026\/03\/kf-S4b118a05358c496d84bb2426874d92c8u.webp\" alt=\"\" title=\"\"><img decoding=\"async\" src=\"https:\/\/www.mkreborns.com\/wp-content\/uploads\/2026\/03\/kf-S41958fdfe8b14b4481003fedf9275197D.webp\" alt=\"\" title=\"\"><img decoding=\"async\" src=\"https:\/\/www.mkreborns.com\/wp-content\/uploads\/2026\/03\/kf-Sb7de3410d1f5466194271c86cc3b11047.webp\" alt=\"\" title=\"\"><img decoding=\"async\" src=\"https:\/\/www.mkreborns.com\/wp-content\/uploads\/2026\/03\/kf-Sf2d8e29dcfbb4426a9b5e0f048bc41bbl.webp\" alt=\"\" title=\"\"><img decoding=\"async\" src=\"https:\/\/www.mkreborns.com\/wp-content\/uploads\/2026\/03\/kf-S87f2002a343949f78d65c595eb6297c7W.webp\" alt=\"\" title=\"\"><img decoding=\"async\" src=\"https:\/\/www.mkreborns.com\/wp-content\/uploads\/2026\/03\/kf-Se889b72926b445a58aea59fc7b6b49b5L.webp\" alt=\"\" title=\"\"><\/p>\n<\/div>\n<\/div>","protected":false},"excerpt":{"rendered":"<div>Noggrant skr\u00e4ddarsydda kl\u00e4der designade f\u00f6r att passa 18-tums reborn-bebisar, som blandar klassisk stil med mjuka material f\u00f6r ett raffinerat och naturtroget utseende.<\/div>","protected":false},"featured_media":4001,"comment_status":"open","ping_status":"closed","template":"","meta":[],"product_brand":[],"product_cat":[159,148],"product_tag":[],"class_list":{"0":"post-4000","1":"product","2":"type-product","3":"status-publish","4":"has-post-thumbnail","6":"product_cat-clothes-for-reborn-dolls","7":"product_cat-reborn-doll-accessories","9":"first","10":"instock","11":"sale","12":"shipping-taxable","13":"purchasable","14":"product-type-variable","15":"has-default-attributes"},"_links":{"self":[{"href":"https:\/\/www.mkreborns.com\/sv\/wp-json\/wp\/v2\/product\/4000","targetHints":{"allow":["GET"]}}],"collection":[{"href":"https:\/\/www.mkreborns.com\/sv\/wp-json\/wp\/v2\/product"}],"about":[{"href":"https:\/\/www.mkreborns.com\/sv\/wp-json\/wp\/v2\/types\/product"}],"replies":[{"embeddable":true,"href":"https:\/\/www.mkreborns.com\/sv\/wp-json\/wp\/v2\/comments?post=4000"}],"wp:featuredmedia":[{"embeddable":true,"href":"https:\/\/www.mkreborns.com\/sv\/wp-json\/wp\/v2\/media\/4001"}],"wp:attachment":[{"href":"https:\/\/www.mkreborns.com\/sv\/wp-json\/wp\/v2\/media?parent=4000"}],"wp:term":[{"taxonomy":"product_brand","embeddable":true,"href":"https:\/\/www.mkreborns.com\/sv\/wp-json\/wp\/v2\/product_brand?post=4000"},{"taxonomy":"product_cat","embeddable":true,"href":"https:\/\/www.mkreborns.com\/sv\/wp-json\/wp\/v2\/product_cat?post=4000"},{"taxonomy":"product_tag","embeddable":true,"href":"https:\/\/www.mkreborns.com\/sv\/wp-json\/wp\/v2\/product_tag?post=4000"}],"curies":[{"name":"wp","href":"https:\/\/api.w.org\/{rel}","templated":true}]}}