{"id":3908,"date":"2026-03-18T13:24:18","date_gmt":"2026-03-18T13:24:18","guid":{"rendered":"https:\/\/www.mkreborns.com\/?post_type=product&#038;p=3908"},"modified":"2026-03-19T15:51:18","modified_gmt":"2026-03-19T15:51:18","slug":"18-inch-reborn-dolls-clothes-for-baby-doll-outfits","status":"publish","type":"product","link":"https:\/\/www.mkreborns.com\/sv\/product\/18-inch-reborn-dolls-clothes-for-baby-doll-outfits\/","title":{"rendered":"Kl\u00e4der till reborn-dockor p\u00e5 18 tum f\u00f6r babydockor"},"content":{"rendered":"<h2>Snygga kl\u00e4der till reborn-dockor p\u00e5 18 tum f\u00f6r alla tillf\u00e4llen<\/h2>\n<div>Ge din docksamling charm och \u00e4kthet med v\u00e5ra 18-tums reborn-dockkl\u00e4der. Varje outfit \u00e4r noggrant utformad f\u00f6r att passa reborn-dockor perfekt samtidigt som den erbjuder komfort och ett naturtroget utseende. Perfekt f\u00f6r b\u00e5de lek och uppvisning, dessa kl\u00e4der f\u00f6rvandlar varje docka till en moderiktig f\u00f6ljeslagare.<\/div>\n<h3>Detaljerade designer och bekv\u00e4m passform<\/h3>\n<div>V\u00e5r kollektion visar upp kl\u00e4der f\u00f6r reborn-dockor till salu med fokus p\u00e5 tygkroppen f\u00f6r reborn-dockor, vilket s\u00e4kerst\u00e4ller att varje plagg sitter tajt samtidigt som det framh\u00e4ver realistiska drag. Fr\u00e5n lekfulla sparkdr\u00e4kter till eleganta kl\u00e4nningar, dessa kl\u00e4der erbjuder m\u00e5ngsidighet och stil, vilket g\u00f6r att din 18-tums docka sticker ut.<\/div>\n<ul>\n<li>Noggrann storlek: Utformad f\u00f6r dockor p\u00e5 18 tum f\u00f6r att s\u00e4kerst\u00e4lla perfekt passform och enkel p\u00e5kl\u00e4dning.<\/li>\n<li>H\u00f6gkvalitativa tyger: Mjuka, slitstarka material ger komfort och l\u00e5ngvarig anv\u00e4ndning.<\/li>\n<li>Realistiska detaljer: Invecklade s\u00f6mmar och m\u00f6nster \u00e5terspeglar autentiska babykl\u00e4der.<\/li>\n<li>M\u00e5ngfald av stilar: Inkluderar vardagliga, formella och s\u00e4songsbetonade kl\u00e4der f\u00f6r alla tillf\u00e4llen.<\/li>\n<li>F\u00f6rb\u00e4ttrad dockrealism: Skr\u00e4ddarsydd f\u00f6r att komplettera den \u00e5terf\u00f6dda dockans tygkropp f\u00f6r naturtrohet.<\/li>\n<\/ul>\n<div>Uppgradera din dockgarderob med dessa uts\u00f6kta 18-tums reborn-dockkl\u00e4der, som blandar stil, komfort och autentisk charm.<\/div>\n<p style=\"text-align: center;\" align=\"center\"><img decoding=\"async\" src=\"https:\/\/www.mkreborns.com\/wp-content\/uploads\/2026\/03\/kf-S9d31fc2e9fcd434fafe9c0f471411531G.webp\" alt=\"\" title=\"\"><img decoding=\"async\" src=\"https:\/\/www.mkreborns.com\/wp-content\/uploads\/2026\/03\/kf-Sb94cdf6699bc46d3a5df6fd0f3b9305eP.webp\" alt=\"\" title=\"\"><img decoding=\"async\" src=\"https:\/\/www.mkreborns.com\/wp-content\/uploads\/2026\/03\/kf-S2c32be6ab85b4bc298e8b61239d41026x.webp\" alt=\"\" title=\"\"><img decoding=\"async\" src=\"https:\/\/www.mkreborns.com\/wp-content\/uploads\/2026\/03\/kf-S572f25d107b74315a31d1340abf1216fq.webp\" alt=\"\" title=\"\"><img decoding=\"async\" src=\"https:\/\/www.mkreborns.com\/wp-content\/uploads\/2026\/03\/kf-S5255329b890042289e03e8edbc8650fdh.webp\" alt=\"\" title=\"\"><\/p>","protected":false},"excerpt":{"rendered":"<p>Smycka din 45 cm stora reborn-docka med snygga, mjuka och detaljerade kl\u00e4der utformade f\u00f6r realistisk lek och varaktig elegans.<\/p>","protected":false},"featured_media":3909,"comment_status":"open","ping_status":"closed","template":"","meta":[],"product_brand":[],"product_cat":[159,148],"product_tag":[],"class_list":{"0":"post-3908","1":"product","2":"type-product","3":"status-publish","4":"has-post-thumbnail","6":"product_cat-clothes-for-reborn-dolls","7":"product_cat-reborn-doll-accessories","9":"first","10":"instock","11":"sale","12":"shipping-taxable","13":"purchasable","14":"product-type-simple"},"_links":{"self":[{"href":"https:\/\/www.mkreborns.com\/sv\/wp-json\/wp\/v2\/product\/3908","targetHints":{"allow":["GET"]}}],"collection":[{"href":"https:\/\/www.mkreborns.com\/sv\/wp-json\/wp\/v2\/product"}],"about":[{"href":"https:\/\/www.mkreborns.com\/sv\/wp-json\/wp\/v2\/types\/product"}],"replies":[{"embeddable":true,"href":"https:\/\/www.mkreborns.com\/sv\/wp-json\/wp\/v2\/comments?post=3908"}],"wp:featuredmedia":[{"embeddable":true,"href":"https:\/\/www.mkreborns.com\/sv\/wp-json\/wp\/v2\/media\/3909"}],"wp:attachment":[{"href":"https:\/\/www.mkreborns.com\/sv\/wp-json\/wp\/v2\/media?parent=3908"}],"wp:term":[{"taxonomy":"product_brand","embeddable":true,"href":"https:\/\/www.mkreborns.com\/sv\/wp-json\/wp\/v2\/product_brand?post=3908"},{"taxonomy":"product_cat","embeddable":true,"href":"https:\/\/www.mkreborns.com\/sv\/wp-json\/wp\/v2\/product_cat?post=3908"},{"taxonomy":"product_tag","embeddable":true,"href":"https:\/\/www.mkreborns.com\/sv\/wp-json\/wp\/v2\/product_tag?post=3908"}],"curies":[{"name":"wp","href":"https:\/\/api.w.org\/{rel}","templated":true}]}}