{"id":3890,"date":"2026-03-18T13:08:27","date_gmt":"2026-03-18T13:08:27","guid":{"rendered":"https:\/\/www.mkreborns.com\/?post_type=product&#038;p=3890"},"modified":"2026-03-19T15:52:23","modified_gmt":"2026-03-19T15:52:23","slug":"baby-doll-clothes-17-18-inch-reborn-outfits-for-girls","status":"publish","type":"product","link":"https:\/\/www.mkreborns.com\/sv\/product\/baby-doll-clothes-17-18-inch-reborn-outfits-for-girls\/","title":{"rendered":"Kl\u00e4der till babydockor, 17-18 tum, reborn-kl\u00e4der f\u00f6r flickor"},"content":{"rendered":"<div class=\"detailmodule_html\">\n<div class=\"detail-desc-decorate-richtext\">\n<h2>Charmiga stilar f\u00f6r dockkl\u00e4der till 17-18 tums Reborn<\/h2>\n<div>F\u00f6rh\u00f6j din reborn-kollektion med v\u00e5ra premiumdockkl\u00e4der f\u00f6r 17-18 tum. Varje outfit \u00e4r noggrant utformad f\u00f6r att komplettera reborn-dockkl\u00e4der f\u00f6r flickor och kombinerar komfort, h\u00e5llbarhet och naturtrogna detaljer. Oavsett om det \u00e4r f\u00f6r lek eller uppvisning, erbjuder dessa kl\u00e4der en perfekt passform och livfulla, i\u00f6gonfallande design.<\/div>\n<h3>Unika designer och m\u00f6nstrade detaljer<\/h3>\n<div>V\u00e5rt urval har invecklade tygm\u00f6nster f\u00f6r reborn-dockor, vilket g\u00f6r att varje docka kan visa upp personlighet och stil. V\u00e4lj bland kl\u00e4nningar, sparkdr\u00e4kter och matchande set skr\u00e4ddarsydda f\u00f6r b\u00e5de 17-tums och 18-tums reborn-dockor. Med mjuka tyger och realistiska ytor f\u00f6rst\u00e4rker varje outfit din dockas naturtrogna charm.<\/div>\n<ul>\n<li>Anpassad passform: Exakt storleksanpassad f\u00f6r reborn-dockor p\u00e5 17-18 tum f\u00f6r problemfri p\u00e5kl\u00e4dning.<\/li>\n<li>H\u00f6gkvalitativa material: Skonsamma, slitstarka tyger som beh\u00e5ller form och f\u00e4rg.<\/li>\n<li>M\u00f6nstrad variation: Reborn-dockans tygm\u00f6nster ger individualitet till varje outfit.<\/li>\n<li>M\u00e5ngsidig garderob: Inkluderar vardagskl\u00e4der, formella kl\u00e4nningar och lekfulla set.<\/li>\n<li>F\u00f6rb\u00e4ttrad realism: Detaljerade s\u00f6mmar och ytbehandlingar ger autenticitet till varje m\u00f6bel.<\/li>\n<\/ul>\n<div>Ge varje dockuppvisning gl\u00e4dje och sofistikering med dessa vackert tillverkade dockkl\u00e4der p\u00e5 17-18 tum som kombinerar stil, komfort och naturtrohet.<\/div>\n<div><\/div>\n<p style=\"text-align: center; margin: 0px;\" align=\"center\"><img decoding=\"async\" src=\"https:\/\/www.mkreborns.com\/wp-content\/uploads\/2026\/03\/kf-Sff4af0a0ce8d4485b7c09410cb094249I.webp\" alt=\"\" title=\"\"><img decoding=\"async\" src=\"https:\/\/www.mkreborns.com\/wp-content\/uploads\/2026\/03\/kf-S10d68fad596841c589219dc0c10319fbZ.webp\" alt=\"\" title=\"\"><img decoding=\"async\" src=\"https:\/\/www.mkreborns.com\/wp-content\/uploads\/2026\/03\/kf-S8dbdfa36fe014c8fa0765011983d82caD.webp\" alt=\"\" title=\"\"><img decoding=\"async\" src=\"https:\/\/www.mkreborns.com\/wp-content\/uploads\/2026\/03\/kf-S920d035ab985467b8517b1483d4f6bbaY.webp\" alt=\"\" title=\"\"><img decoding=\"async\" src=\"https:\/\/www.mkreborns.com\/wp-content\/uploads\/2026\/03\/kf-S4b96cea014a44b709b752532f6113fbfu.webp\" alt=\"\" title=\"\"><img decoding=\"async\" src=\"https:\/\/www.mkreborns.com\/wp-content\/uploads\/2026\/03\/kf-S44c92652455b47b98527b3aa131f6b1eT.webp\" alt=\"\" title=\"\"><img decoding=\"async\" src=\"https:\/\/www.mkreborns.com\/wp-content\/uploads\/2026\/03\/kf-S56de3d76be034bbfb5ae1261f59232a1O.webp\" alt=\"\" title=\"\"><img decoding=\"async\" src=\"https:\/\/www.mkreborns.com\/wp-content\/uploads\/2026\/03\/kf-S0590e45ab54740c38d581d7611ef244cS.webp\" alt=\"\" title=\"\"><img decoding=\"async\" src=\"https:\/\/www.mkreborns.com\/wp-content\/uploads\/2026\/03\/kf-S4d9af2659e454d8b87e97bd159ed9cdfz.webp\" alt=\"\" title=\"\"><img decoding=\"async\" src=\"https:\/\/www.mkreborns.com\/wp-content\/uploads\/2026\/03\/kf-Sb9c38680031e40f6b3db3e4e386af5c5l.webp\" alt=\"\" title=\"\"><\/p>\n<\/div>\n<\/div>","protected":false},"excerpt":{"rendered":"<p>F\u00f6rvandla din \u00e5terf\u00f6dda docka till en snygg f\u00f6ljeslagare med mjuka, detaljerade kl\u00e4der designade f\u00f6r realistisk lek och o\u00e4ndlig charm.<\/p>","protected":false},"featured_media":3891,"comment_status":"open","ping_status":"closed","template":"","meta":[],"product_brand":[],"product_cat":[159,148],"product_tag":[],"class_list":{"0":"post-3890","1":"product","2":"type-product","3":"status-publish","4":"has-post-thumbnail","6":"product_cat-clothes-for-reborn-dolls","7":"product_cat-reborn-doll-accessories","9":"first","10":"instock","11":"sale","12":"shipping-taxable","13":"purchasable","14":"product-type-variable","15":"has-default-attributes"},"_links":{"self":[{"href":"https:\/\/www.mkreborns.com\/sv\/wp-json\/wp\/v2\/product\/3890","targetHints":{"allow":["GET"]}}],"collection":[{"href":"https:\/\/www.mkreborns.com\/sv\/wp-json\/wp\/v2\/product"}],"about":[{"href":"https:\/\/www.mkreborns.com\/sv\/wp-json\/wp\/v2\/types\/product"}],"replies":[{"embeddable":true,"href":"https:\/\/www.mkreborns.com\/sv\/wp-json\/wp\/v2\/comments?post=3890"}],"wp:featuredmedia":[{"embeddable":true,"href":"https:\/\/www.mkreborns.com\/sv\/wp-json\/wp\/v2\/media\/3891"}],"wp:attachment":[{"href":"https:\/\/www.mkreborns.com\/sv\/wp-json\/wp\/v2\/media?parent=3890"}],"wp:term":[{"taxonomy":"product_brand","embeddable":true,"href":"https:\/\/www.mkreborns.com\/sv\/wp-json\/wp\/v2\/product_brand?post=3890"},{"taxonomy":"product_cat","embeddable":true,"href":"https:\/\/www.mkreborns.com\/sv\/wp-json\/wp\/v2\/product_cat?post=3890"},{"taxonomy":"product_tag","embeddable":true,"href":"https:\/\/www.mkreborns.com\/sv\/wp-json\/wp\/v2\/product_tag?post=3890"}],"curies":[{"name":"wp","href":"https:\/\/api.w.org\/{rel}","templated":true}]}}