{"id":3868,"date":"2026-03-18T10:01:51","date_gmt":"2026-03-18T10:01:51","guid":{"rendered":"https:\/\/www.mkreborns.com\/?post_type=product&#038;p=3868"},"modified":"2026-03-19T15:52:36","modified_gmt":"2026-03-19T15:52:36","slug":"18-inch-reborn-doll-clothes-for-toddlers-and-girls","status":"publish","type":"product","link":"https:\/\/www.mkreborns.com\/sv\/product\/18-inch-reborn-doll-clothes-for-toddlers-and-girls\/","title":{"rendered":"18-tums reborn-dockkl\u00e4der f\u00f6r sm\u00e5barn och flickor"},"content":{"rendered":"<div class=\"product-specs-list-container\">\n<h2>Eleganta kl\u00e4der f\u00f6r varje 18-tums reborn-docka<\/h2>\n<div>G\u00f6r din reborn-docka till centrum f\u00f6r uppm\u00e4rksamheten med v\u00e5ra premium 18-tums reborn-dockkl\u00e4der. Varje outfit \u00e4r designad f\u00f6r att passa reborn-sm\u00e5barnsdockor perfekt och balanserar realistiska detaljer med mjuka, slitstarka tyger. Fr\u00e5n vardagskl\u00e4der till speciella tillf\u00e4llen s\u00e4kerst\u00e4ller dessa kl\u00e4der att din docka alltid ser perfekt ut.<\/div>\n<h3>Snygg variation och accessoarer<\/h3>\n<div>V\u00e5r kollektion inneh\u00e5ller kl\u00e4der och tillbeh\u00f6r till reborn-dockor i silikon f\u00f6r att f\u00f6rb\u00e4ttra varje dockas garderob. V\u00e4lj mellan livfulla lila kl\u00e4der f\u00f6r reborn-dockor, fina kl\u00e4nningar f\u00f6r reborn-flickor och m\u00e5ngsidiga babykl\u00e4der som passar alla situationer. Varje plagg \u00e4r skr\u00e4ddarsytt f\u00f6r att g\u00f6ra det enkelt att kl\u00e4 p\u00e5 sig samtidigt som det bibeh\u00e5ller en realistisk, handgjord k\u00e4nsla.<\/div>\n<ul>\n<li>Premiumpassform: Perfekt storlek f\u00f6r 18-tums reborn-dockor, vilket garanterar komfort och elegans.<\/li>\n<li>H\u00f6gkvalitativa tyger: Mjuka, slitstarka material som efterliknar riktiga babykl\u00e4ders texturer.<\/li>\n<li>M\u00e5ngsidiga stilar: Fr\u00e5n lekfulla vardagskl\u00e4der till sofistikerade lila outfits.<\/li>\n<li>Tillbeh\u00f6rsalternativ: Inkluderar matchande m\u00f6ssor, skor och filtar f\u00f6r kompletta ensembler.<\/li>\n<li>Realistiska detaljer: Handgjorda s\u00f6mmar och charmiga utsmyckningar f\u00f6r en naturtrogna look.<\/li>\n<\/ul>\n<div>Ge din samling charm, realism och gl\u00e4dje med dessa vackert tillverkade 45 cm stora reborn-dockkl\u00e4der som f\u00f6rh\u00f6jer varje lek\u00e4ventyr.<\/div>\n<div><\/div>\n<\/div>\n<div class=\"detailmodule_html\">\n<div class=\"detail-desc-decorate-richtext\">\n<p style=\"text-align: center; margin: 0px;\" align=\"center\"><img decoding=\"async\" src=\"https:\/\/www.mkreborns.com\/wp-content\/uploads\/2026\/03\/kf-S7d8ebb1a885d44398f64514886946629E.webp\" alt=\"\" title=\"\"><img decoding=\"async\" src=\"https:\/\/www.mkreborns.com\/wp-content\/uploads\/2026\/03\/kf-S89a1ffaead92487d9a130af90b3d4fc5K.webp\" alt=\"\" title=\"\"><img decoding=\"async\" src=\"https:\/\/www.mkreborns.com\/wp-content\/uploads\/2026\/03\/kf-Sc34b80cf2d3a4c60b3a32babd9f3f5548.webp\" alt=\"\" title=\"\"><img decoding=\"async\" src=\"https:\/\/www.mkreborns.com\/wp-content\/uploads\/2026\/03\/kf-S160a0246ec60450ba40c67d32c0961672.webp\" alt=\"\" title=\"\"><img decoding=\"async\" src=\"https:\/\/www.mkreborns.com\/wp-content\/uploads\/2026\/03\/kf-S4d9f66438f1f42e0b260f4684f54fb0bW.webp\" alt=\"\" title=\"\"><img decoding=\"async\" src=\"https:\/\/ae01.alicdn.com\/kf\/S9f14fbaf63524021b86c7a946d713f30N.jpg\" alt=\"\" title=\"\"><img decoding=\"async\" src=\"https:\/\/ae01.alicdn.com\/kf\/Sf7fd6a137dba47e9aecbf4de66cb87df3.jpg\" alt=\"\" title=\"\"><img decoding=\"async\" src=\"https:\/\/ae01.alicdn.com\/kf\/S06ea55e7d37a45acb579364f3408aa76B.jpg\" alt=\"\" title=\"\"><img decoding=\"async\" src=\"https:\/\/ae01.alicdn.com\/kf\/S81d380c3ee694b8eafebd8a9c2653a1at.jpg\" alt=\"\" title=\"\"><img decoding=\"async\" src=\"https:\/\/ae01.alicdn.com\/kf\/S580e530ac6c84a7a82ce96a246202693U.jpg\" alt=\"\" title=\"\"><img decoding=\"async\" src=\"https:\/\/ae01.alicdn.com\/kf\/S4fce4907e8dd42a7b8679f2512ebba25I.jpg\" alt=\"\" title=\"\"><img decoding=\"async\" src=\"https:\/\/ae01.alicdn.com\/kf\/S0f517424cd3642999a0a881e47972c1du.jpg\" alt=\"\" title=\"\"><img decoding=\"async\" src=\"https:\/\/ae01.alicdn.com\/kf\/Sca06b8ff57b34251853a9fb540f747afw.jpg\" alt=\"\" title=\"\"><img decoding=\"async\" src=\"https:\/\/ae01.alicdn.com\/kf\/Sfd3631ab03ee426692991be15c6afe4ee.jpg\" alt=\"\" title=\"\"><\/p>\n<\/div>\n<\/div>","protected":false},"excerpt":{"rendered":"<p>Kl\u00e4 din reborn docka stilfullt med mysiga, h\u00f6gkvalitativa kl\u00e4der som kombinerar charm och komfort f\u00f6r timmar av fantasifull lek.<\/p>","protected":false},"featured_media":3869,"comment_status":"open","ping_status":"closed","template":"","meta":[],"product_brand":[],"product_cat":[159,148],"product_tag":[],"class_list":{"0":"post-3868","1":"product","2":"type-product","3":"status-publish","4":"has-post-thumbnail","6":"product_cat-clothes-for-reborn-dolls","7":"product_cat-reborn-doll-accessories","9":"first","10":"instock","11":"sale","12":"shipping-taxable","13":"purchasable","14":"product-type-variable","15":"has-default-attributes"},"_links":{"self":[{"href":"https:\/\/www.mkreborns.com\/sv\/wp-json\/wp\/v2\/product\/3868","targetHints":{"allow":["GET"]}}],"collection":[{"href":"https:\/\/www.mkreborns.com\/sv\/wp-json\/wp\/v2\/product"}],"about":[{"href":"https:\/\/www.mkreborns.com\/sv\/wp-json\/wp\/v2\/types\/product"}],"replies":[{"embeddable":true,"href":"https:\/\/www.mkreborns.com\/sv\/wp-json\/wp\/v2\/comments?post=3868"}],"wp:featuredmedia":[{"embeddable":true,"href":"https:\/\/www.mkreborns.com\/sv\/wp-json\/wp\/v2\/media\/3869"}],"wp:attachment":[{"href":"https:\/\/www.mkreborns.com\/sv\/wp-json\/wp\/v2\/media?parent=3868"}],"wp:term":[{"taxonomy":"product_brand","embeddable":true,"href":"https:\/\/www.mkreborns.com\/sv\/wp-json\/wp\/v2\/product_brand?post=3868"},{"taxonomy":"product_cat","embeddable":true,"href":"https:\/\/www.mkreborns.com\/sv\/wp-json\/wp\/v2\/product_cat?post=3868"},{"taxonomy":"product_tag","embeddable":true,"href":"https:\/\/www.mkreborns.com\/sv\/wp-json\/wp\/v2\/product_tag?post=3868"}],"curies":[{"name":"wp","href":"https:\/\/api.w.org\/{rel}","templated":true}]}}