{"id":3815,"date":"2026-03-09T03:08:37","date_gmt":"2026-03-09T03:08:37","guid":{"rendered":"https:\/\/www.mkreborns.com\/?post_type=product&#038;p=3815"},"modified":"2026-03-18T15:28:50","modified_gmt":"2026-03-18T15:28:50","slug":"mary-realistic-silicone-toy-reborn-doll","status":"publish","type":"product","link":"https:\/\/www.mkreborns.com\/sv\/product\/mary-realistic-silicone-toy-reborn-doll\/","title":{"rendered":"Mary Realistisk Silikonleksak Reborn Docka"},"content":{"rendered":"<p>Att underh\u00e5lla en reborn-docka i silikon \u00e4r ocks\u00e5 v\u00e4ldigt enkelt. Undvik bara att bl\u00f6tl\u00e4gga den och h\u00e5ll den borta fr\u00e5n v\u00e4rmek\u00e4llor. Torka f\u00f6rsiktigt av den med en mjuk, fuktig trasa, s\u00e5 beh\u00e5ller den sitt ursprungliga utseende. Med r\u00e4tt sk\u00f6tsel kan den realistiska reborn-dockan f\u00f6lja med dig som en leksak eller ett konstverk, och f\u00f6rbli of\u00f6r\u00e4ndrad och stadig.<\/p>\n<p>K\u00f6n: Flicka<br \/>\nH\u00f6jd: 40 cm<br \/>\nVikt: 1,75 kg<br \/>\nF\u00f6rpackningsvikt: 2,5 kg<br \/>\nF\u00f6rpackningens m\u00e5tt: 46*21*15 cm<\/p>\n<p><img decoding=\"async\" class=\"aligncenter wp-image-3826 size-full\" src=\"https:\/\/www.mkreborns.com\/wp-content\/themes\/woodmart\/images\/lazy.svg\" data-src=\"https:\/\/www.mkreborns.com\/wp-content\/uploads\/2026\/03\/Mary-Reborn-doll11.jpg\" alt=\"\" width=\"1400\" height=\"933\" title=\"\" srcset=\"\" data-srcset=\"https:\/\/www.mkreborns.com\/wp-content\/uploads\/2026\/03\/Mary-Reborn-doll11.jpg 1400w, https:\/\/www.mkreborns.com\/wp-content\/uploads\/2026\/03\/Mary-Reborn-doll11-400x267.jpg 400w, https:\/\/www.mkreborns.com\/wp-content\/uploads\/2026\/03\/Mary-Reborn-doll11-1200x800.jpg 1200w, https:\/\/www.mkreborns.com\/wp-content\/uploads\/2026\/03\/Mary-Reborn-doll11-768x512.jpg 768w, https:\/\/www.mkreborns.com\/wp-content\/uploads\/2026\/03\/Mary-Reborn-doll11-18x12.jpg 18w, https:\/\/www.mkreborns.com\/wp-content\/uploads\/2026\/03\/Mary-Reborn-doll11-700x467.jpg 700w, https:\/\/www.mkreborns.com\/wp-content\/uploads\/2026\/03\/Mary-Reborn-doll11-150x100.jpg 150w\" sizes=\"(max-width: 1400px) 100vw, 1400px\" \/> <img decoding=\"async\" class=\"aligncenter wp-image-3830 size-full\" src=\"https:\/\/www.mkreborns.com\/wp-content\/themes\/woodmart\/images\/lazy.svg\" data-src=\"https:\/\/www.mkreborns.com\/wp-content\/uploads\/2026\/03\/Mary-Reborn-doll15.jpg\" alt=\"Reborn dockan Bonnie, tillverkad av silikon, med realistiska egenskaper, liggande p\u00e5 en lila filt i en mysig s.\" width=\"1400\" height=\"933\" title=\"\" srcset=\"\" data-srcset=\"https:\/\/www.mkreborns.com\/wp-content\/uploads\/2026\/03\/Mary-Reborn-doll15.jpg 1400w, https:\/\/www.mkreborns.com\/wp-content\/uploads\/2026\/03\/Mary-Reborn-doll15-400x267.jpg 400w, https:\/\/www.mkreborns.com\/wp-content\/uploads\/2026\/03\/Mary-Reborn-doll15-1200x800.jpg 1200w, https:\/\/www.mkreborns.com\/wp-content\/uploads\/2026\/03\/Mary-Reborn-doll15-768x512.jpg 768w, https:\/\/www.mkreborns.com\/wp-content\/uploads\/2026\/03\/Mary-Reborn-doll15-18x12.jpg 18w, https:\/\/www.mkreborns.com\/wp-content\/uploads\/2026\/03\/Mary-Reborn-doll15-700x467.jpg 700w, https:\/\/www.mkreborns.com\/wp-content\/uploads\/2026\/03\/Mary-Reborn-doll15-150x100.jpg 150w\" sizes=\"(max-width: 1400px) 100vw, 1400px\" \/><\/p>","protected":false},"excerpt":{"rendered":"<p>Om du funderar p\u00e5 att ge en reborn-docka till en v\u00e4n eller familj kanske det inte bara \u00e4r en vanlig present. Den reborn-dockan kommer att vara en present full av v\u00e4nlighet och helande kraft.<\/p>","protected":false},"featured_media":3827,"comment_status":"open","ping_status":"closed","template":"","meta":[],"product_brand":[],"product_cat":[158,144,155,146,154,153,157],"product_tag":[],"class_list":{"0":"post-3815","1":"product","2":"type-product","3":"status-publish","4":"has-post-thumbnail","6":"product_cat-15-inch-baby-dolls","7":"product_cat-baby-girl-reborn-dolls","8":"product_cat-cute-reborn-dolls","9":"product_cat-full-silicone-reborn-dolls","10":"product_cat-lifelike-reborn-dolls","11":"product_cat-newborn-reborn-dolls","12":"product_cat-real-life-baby-dolls","14":"first","15":"instock","16":"sale","17":"shipping-taxable","18":"purchasable","19":"product-type-simple"},"_links":{"self":[{"href":"https:\/\/www.mkreborns.com\/sv\/wp-json\/wp\/v2\/product\/3815","targetHints":{"allow":["GET"]}}],"collection":[{"href":"https:\/\/www.mkreborns.com\/sv\/wp-json\/wp\/v2\/product"}],"about":[{"href":"https:\/\/www.mkreborns.com\/sv\/wp-json\/wp\/v2\/types\/product"}],"replies":[{"embeddable":true,"href":"https:\/\/www.mkreborns.com\/sv\/wp-json\/wp\/v2\/comments?post=3815"}],"wp:featuredmedia":[{"embeddable":true,"href":"https:\/\/www.mkreborns.com\/sv\/wp-json\/wp\/v2\/media\/3827"}],"wp:attachment":[{"href":"https:\/\/www.mkreborns.com\/sv\/wp-json\/wp\/v2\/media?parent=3815"}],"wp:term":[{"taxonomy":"product_brand","embeddable":true,"href":"https:\/\/www.mkreborns.com\/sv\/wp-json\/wp\/v2\/product_brand?post=3815"},{"taxonomy":"product_cat","embeddable":true,"href":"https:\/\/www.mkreborns.com\/sv\/wp-json\/wp\/v2\/product_cat?post=3815"},{"taxonomy":"product_tag","embeddable":true,"href":"https:\/\/www.mkreborns.com\/sv\/wp-json\/wp\/v2\/product_tag?post=3815"}],"curies":[{"name":"wp","href":"https:\/\/api.w.org\/{rel}","templated":true}]}}