{"id":3763,"date":"2026-03-08T14:20:28","date_gmt":"2026-03-08T14:20:28","guid":{"rendered":"https:\/\/www.mkreborns.com\/?post_type=product&#038;p=3763"},"modified":"2026-03-18T14:53:37","modified_gmt":"2026-03-18T14:53:37","slug":"kay-40-cm-silicone-preemie-reborn-doll","status":"publish","type":"product","link":"https:\/\/www.mkreborns.com\/sv\/product\/kay-40-cm-silicone-preemie-reborn-doll\/","title":{"rendered":"Kay 40 cm silikondocka med prematurbebisar"},"content":{"rendered":"<p>I v\u00e4rlden av reborn-dockor \u00e4r en 40 cm h\u00f6g docka den perfekta, mildaste storleken, som ett f\u00f6r tidigt f\u00f6dd barn fortfarande insvept i lindor. N\u00e4r en 40 cm h\u00f6g reborn-docka \u00e4r gjord helt av silikon och skulpterad i formen av en liten pojke, \u00e4r han mer \u00e4n bara en docka; han \u00e4r en f\u00f6ljeslagare att omfamna, ett konstverk genomsyrat av k\u00e4nslor. Data visar att omfamningar kan frig\u00f6ra endorfiner, vilket kan lindra \u00e5ngest och depression och d\u00e4rigenom \u00f6ka k\u00e4nslorna av v\u00e4lbefinnande.<\/p>\n<p>K\u00f6n: Pojke<br \/>\nH\u00f6jd: 40 cm<br \/>\nVikt: 1,4 kg<br \/>\nF\u00f6rpackningsvikt: 2,3 kg<br \/>\nF\u00f6rpackningens m\u00e5tt: 46*21*15 cm<\/p>\n<p><img decoding=\"async\" class=\"aligncenter wp-image-3781 size-full\" src=\"https:\/\/www.mkreborns.com\/wp-content\/themes\/woodmart\/images\/lazy.svg\" data-src=\"https:\/\/www.mkreborns.com\/wp-content\/uploads\/2026\/03\/Kay-Preemie-Reborn-Doll18.jpg\" alt=\"\" width=\"1400\" height=\"933\" title=\"\" srcset=\"\" data-srcset=\"https:\/\/www.mkreborns.com\/wp-content\/uploads\/2026\/03\/Kay-Preemie-Reborn-Doll18.jpg 1400w, https:\/\/www.mkreborns.com\/wp-content\/uploads\/2026\/03\/Kay-Preemie-Reborn-Doll18-400x267.jpg 400w, https:\/\/www.mkreborns.com\/wp-content\/uploads\/2026\/03\/Kay-Preemie-Reborn-Doll18-1200x800.jpg 1200w, https:\/\/www.mkreborns.com\/wp-content\/uploads\/2026\/03\/Kay-Preemie-Reborn-Doll18-768x512.jpg 768w, https:\/\/www.mkreborns.com\/wp-content\/uploads\/2026\/03\/Kay-Preemie-Reborn-Doll18-18x12.jpg 18w, https:\/\/www.mkreborns.com\/wp-content\/uploads\/2026\/03\/Kay-Preemie-Reborn-Doll18-700x467.jpg 700w, https:\/\/www.mkreborns.com\/wp-content\/uploads\/2026\/03\/Kay-Preemie-Reborn-Doll18-150x100.jpg 150w\" sizes=\"(max-width: 1400px) 100vw, 1400px\" \/> <img decoding=\"async\" class=\"aligncenter wp-image-3780 size-full\" src=\"https:\/\/www.mkreborns.com\/wp-content\/themes\/woodmart\/images\/lazy.svg\" data-src=\"https:\/\/www.mkreborns.com\/wp-content\/uploads\/2026\/03\/Kay-Preemie-Reborn-Doll17.jpg\" alt=\"\" width=\"1400\" height=\"933\" title=\"\" srcset=\"\" data-srcset=\"https:\/\/www.mkreborns.com\/wp-content\/uploads\/2026\/03\/Kay-Preemie-Reborn-Doll17.jpg 1400w, https:\/\/www.mkreborns.com\/wp-content\/uploads\/2026\/03\/Kay-Preemie-Reborn-Doll17-400x267.jpg 400w, https:\/\/www.mkreborns.com\/wp-content\/uploads\/2026\/03\/Kay-Preemie-Reborn-Doll17-1200x800.jpg 1200w, https:\/\/www.mkreborns.com\/wp-content\/uploads\/2026\/03\/Kay-Preemie-Reborn-Doll17-768x512.jpg 768w, https:\/\/www.mkreborns.com\/wp-content\/uploads\/2026\/03\/Kay-Preemie-Reborn-Doll17-18x12.jpg 18w, https:\/\/www.mkreborns.com\/wp-content\/uploads\/2026\/03\/Kay-Preemie-Reborn-Doll17-700x467.jpg 700w, https:\/\/www.mkreborns.com\/wp-content\/uploads\/2026\/03\/Kay-Preemie-Reborn-Doll17-150x100.jpg 150w\" sizes=\"(max-width: 1400px) 100vw, 1400px\" \/><\/p>","protected":false},"excerpt":{"rendered":"<p>En 40 cm stor reborn-docka v\u00e4ger ungef\u00e4r 1,5 kg, vilket \u00e4r exakt vikten av ett f\u00f6r tidigt sp\u00e4dbarn. Att h\u00e5lla den reborn-dockan i sina armar k\u00e4nns som att h\u00e5lla i ett nyf\u00f6tt liv.<\/p>","protected":false},"featured_media":3775,"comment_status":"open","ping_status":"closed","template":"","meta":[],"product_brand":[],"product_cat":[145,158,155,146,153],"product_tag":[],"class_list":{"0":"post-3763","1":"product","2":"type-product","3":"status-publish","4":"has-post-thumbnail","6":"product_cat-baby-boy-reborn-dolls","7":"product_cat-15-inch-baby-dolls","8":"product_cat-cute-reborn-dolls","9":"product_cat-full-silicone-reborn-dolls","10":"product_cat-newborn-reborn-dolls","12":"first","13":"instock","14":"sale","15":"shipping-taxable","16":"purchasable","17":"product-type-simple"},"_links":{"self":[{"href":"https:\/\/www.mkreborns.com\/sv\/wp-json\/wp\/v2\/product\/3763","targetHints":{"allow":["GET"]}}],"collection":[{"href":"https:\/\/www.mkreborns.com\/sv\/wp-json\/wp\/v2\/product"}],"about":[{"href":"https:\/\/www.mkreborns.com\/sv\/wp-json\/wp\/v2\/types\/product"}],"replies":[{"embeddable":true,"href":"https:\/\/www.mkreborns.com\/sv\/wp-json\/wp\/v2\/comments?post=3763"}],"wp:featuredmedia":[{"embeddable":true,"href":"https:\/\/www.mkreborns.com\/sv\/wp-json\/wp\/v2\/media\/3775"}],"wp:attachment":[{"href":"https:\/\/www.mkreborns.com\/sv\/wp-json\/wp\/v2\/media?parent=3763"}],"wp:term":[{"taxonomy":"product_brand","embeddable":true,"href":"https:\/\/www.mkreborns.com\/sv\/wp-json\/wp\/v2\/product_brand?post=3763"},{"taxonomy":"product_cat","embeddable":true,"href":"https:\/\/www.mkreborns.com\/sv\/wp-json\/wp\/v2\/product_cat?post=3763"},{"taxonomy":"product_tag","embeddable":true,"href":"https:\/\/www.mkreborns.com\/sv\/wp-json\/wp\/v2\/product_tag?post=3763"}],"curies":[{"name":"wp","href":"https:\/\/api.w.org\/{rel}","templated":true}]}}