{"id":3454,"date":"2026-01-21T15:16:46","date_gmt":"2026-01-21T15:16:46","guid":{"rendered":"https:\/\/www.mkreborns.com\/?page_id=3454"},"modified":"2026-01-28T02:26:13","modified_gmt":"2026-01-28T02:26:13","slug":"shipping-policy","status":"publish","type":"page","link":"https:\/\/www.mkreborns.com\/sv\/shipping-policy\/","title":{"rendered":"Leveranspolicy"},"content":{"rendered":"<div>Tack f\u00f6r att du valde Mk Reborns. Din best\u00e4llning f\u00f6rbereds noggrant och skickas effektivt och diskretion\u00e4rt.<\/div>\n<hr \/>\n<h2>Gratis frakt \u00f6ver hela v\u00e4rlden<\/h2>\n<div>Vi erbjuder fri frakt fr\u00e5n strategiskt placerade utl\u00e4ndska lager i USA, Europa, Kanada, Storbritannien och Australien.<br \/>\nN\u00e4r lokalt lager finns tillg\u00e4ngligt skickas varor fr\u00e5n n\u00e4rmaste anl\u00e4ggning f\u00f6r att s\u00e4kerst\u00e4lla snabbare leverans.<\/div>\n<hr \/>\n<h2>Ber\u00e4knad leveranstid (varor i lager)<\/h2>\n<div>\n<table border=\"1\" data-coda-grid-id=\"grid-O7-V0P1M6p\" data-coda-display-column-id=\"c-gzvnCsHVXd\" data-coda-view-config-inheritsdefaultformat=\"false\" data-coda-view-config-tablesearch=\"&quot;AlwaysShow&quot;\" data-coda-grid-configuration-set=\"SimpleTable\">\n<tbody>\n<tr>\n<td>Los Angeles, USA<\/td>\n<td>\n<div>USA (Alaska och Hawaii kr\u00e4ver en avgift p\u00e5 cirka 100 USD)<\/div>\n<\/td>\n<td>3\u20135 arbetsdagar<\/td>\n<\/tr>\n<tr>\n<td>EU-lager (Tyskland\/Polen)<\/td>\n<td>De flesta EU- och utvalda EES-l\u00e4nder<\/td>\n<td>3\u201310 arbetsdagar<\/td>\n<\/tr>\n<tr>\n<td>Vancouver<\/td>\n<td>Kanada<\/td>\n<td>3\u20135 arbetsdagar<\/td>\n<\/tr>\n<tr>\n<td>Sydney<\/td>\n<td>Australien<\/td>\n<td>3\u20137 arbetsdagar<\/td>\n<\/tr>\n<tr>\n<td>Storbritannien<\/td>\n<td>Storbritannien<\/td>\n<td>3\u20137 arbetsdagar<\/td>\n<\/tr>\n<\/tbody>\n<\/table>\n<\/div>\n<div>Obs: De flesta best\u00e4llningar behandlas och skickas inom 48 timmar. Den genomsnittliga leveranstiden \u00e4r 3\u20135 arbetsdagar, s\u00e5vida inte exceptionella omst\u00e4ndigheter f\u00f6religger.<\/div>\n<hr \/>\n<h2>Tull och avgifter<\/h2>\n<div>Om det inte finns lokalt lager kan varor skickas fr\u00e5n ett annat land.<br \/>\nI begr\u00e4nsade fall kan mottagarna bli ombedda att hj\u00e4lpa till med tullklarering eller importtullar.<\/div>\n<div>F\u00f6r Norge, Schweiz, Island och Mexiko \u00e4r tullklarering och till\u00e4mpliga skatter mottagarens eget ansvar.<\/div>\n<hr \/>\n<h2>Ordersp\u00e5rning<\/h2>\n<div>N\u00e4r f\u00f6rs\u00e4ndelsen har skickats skickas ett bekr\u00e4ftelsemejl med sp\u00e5rningsinformation.<br \/>\nDet kan ta upp till 48 timmar f\u00f6r sp\u00e5rningsinformationen att uppdateras.<\/div>\n<hr \/>\n<h2>Delade leveranser<\/h2>\n<div>Best\u00e4llningar som inneh\u00e5ller flera varor kan komma i separata paket.<br \/>\nOm en del av din best\u00e4llning anl\u00e4nder f\u00f6rst, \u00e4r de \u00e5terst\u00e5ende varorna fortfarande under transport.<\/div>\n<hr \/>\n<h2>Leveransproblem<\/h2>\n<ul>\n<li>Markerat som levererat men inte mottaget: Kontakta budfirman omedelbart och skicka e-post <a href=\"http:\/\/\">support@mkreborns.com<\/a>.<\/li>\n<li>Skadade f\u00f6rem\u00e5l: Dokumentera skadan med tydliga foton eller videor och skicka sedan in en reklamation via budfirma.<\/li>\n<li>Felaktiga varor: V\u00e4nligen bifoga foto- och videobevis s\u00e5 l\u00f6ser v\u00e5r kundtj\u00e4nst problemet s\u00e5 snart som m\u00f6jligt.<\/li>\n<\/ul>\n<hr \/>\n<h2>Returer och byten<\/h2>\n<div>V\u00e4nligen kontakta <a href=\"http:\/\/\">support@mkreborns.com<\/a> innan n\u00e5gon retur p\u00e5b\u00f6rjas.<br \/>\nObeh\u00f6riga returer eller v\u00e4grade leveranser accepteras inte.<\/div>\n<div>Varorna m\u00e5ste f\u00f6rbli oanv\u00e4nda och med den inre skyddande f\u00f6rpackningen o\u00f6ppnad.<br \/>\nSe v\u00e5r fullst\u00e4ndiga returpolicy f\u00f6r detaljerade villkor.<\/div>","protected":false},"excerpt":{"rendered":"<p>Tack f\u00f6r att du valde Mk Reborns. Din best\u00e4llning f\u00f6rbereds noggrant och skickas effektivt och diskretion\u00e4rt. Fri frakt \u00f6ver hela v\u00e4rlden.<\/p>","protected":false},"author":1,"featured_media":0,"parent":0,"menu_order":0,"comment_status":"closed","ping_status":"closed","template":"","meta":{"footnotes":""},"class_list":["post-3454","page","type-page","status-publish","hentry"],"_links":{"self":[{"href":"https:\/\/www.mkreborns.com\/sv\/wp-json\/wp\/v2\/pages\/3454","targetHints":{"allow":["GET"]}}],"collection":[{"href":"https:\/\/www.mkreborns.com\/sv\/wp-json\/wp\/v2\/pages"}],"about":[{"href":"https:\/\/www.mkreborns.com\/sv\/wp-json\/wp\/v2\/types\/page"}],"author":[{"embeddable":true,"href":"https:\/\/www.mkreborns.com\/sv\/wp-json\/wp\/v2\/users\/1"}],"replies":[{"embeddable":true,"href":"https:\/\/www.mkreborns.com\/sv\/wp-json\/wp\/v2\/comments?post=3454"}],"version-history":[{"count":0,"href":"https:\/\/www.mkreborns.com\/sv\/wp-json\/wp\/v2\/pages\/3454\/revisions"}],"wp:attachment":[{"href":"https:\/\/www.mkreborns.com\/sv\/wp-json\/wp\/v2\/media?parent=3454"}],"curies":[{"name":"wp","href":"https:\/\/api.w.org\/{rel}","templated":true}]}}