{"id":13,"date":"2026-01-16T17:03:18","date_gmt":"2026-01-16T17:03:18","guid":{"rendered":"https:\/\/www.mkreborns.com\/?page_id=13"},"modified":"2026-01-28T02:12:14","modified_gmt":"2026-01-28T02:12:14","slug":"refund_returns","status":"publish","type":"page","link":"https:\/\/www.mkreborns.com\/sv\/refund_returns\/","title":{"rendered":"\u00c5terbetalning och returer"},"content":{"rendered":"<p>P\u00e5 <strong>Mk Reborns<\/strong>, \u00e4gnar vi oss \u00e5t att skapa h\u00f6gkvalitativa reborn-dockor, var och en omsorgsfullt utformad f\u00f6r att vara distinkt, uttrycksfull och exceptionellt naturtrogna. Om ditt k\u00f6p inte uppfyller f\u00f6rv\u00e4ntningarna ber vi dig v\u00e4nligen kontakta v\u00e5r kundtj\u00e4nst p\u00e5 <strong><a href=\"mailto:support@mkreborns.com\">support@mkreborns.com<\/a><\/strong> utan dr\u00f6jsm\u00e5l. Varje beg\u00e4ran bed\u00f6ms individuellt och l\u00e4mpliga l\u00f6sningar ges baserat p\u00e5 de specifika omst\u00e4ndigheterna.<\/p>\r\n\r\n\r\n<hr class=\"wp-block-separator has-alpha-channel-opacity\" \/>\r\n\r\n\r\n<h2 class=\"wp-block-heading\">Avbokning av order<\/h2>\r\n\r\n\r\n\r\n<p>Efter att best\u00e4llningen \u00e4r lagd kan f\u00f6rberedelse eller leverans av din reborn-docka p\u00e5b\u00f6rjas omg\u00e5ende. <strong>N\u00e4r en best\u00e4llning har skickats \u00e4r det inte l\u00e4ngre m\u00f6jligt att avbryta.<\/strong><\/p>\r\n\r\n\r\n\r\n<p>Om din best\u00e4llning har <strong>\u00e4nnu inte in i leveransstadiet<\/strong>, kan du skicka in en beg\u00e4ran om avbokning <strong>inom 24 timmar efter k\u00f6pet<\/strong>. Kunder m\u00e5ste fylla i ett formellt formul\u00e4r f\u00f6r avbokningsf\u00f6rfr\u00e5gan. V\u00e5rt supportteam kommer att v\u00e4gleda dig genom processen fr\u00e5n b\u00f6rjan till slut.<\/p>\r\n\r\n\r\n\r\n<h3 class=\"wp-block-heading\">Schema f\u00f6r \u00e5terbetalning vid avbokning<\/h3>\r\n\r\n\r\n\r\n<ul class=\"wp-block-list\">\r\n<li>\u2705 <strong>Inom 12 timmar (f\u00f6re leverans):<\/strong> A <strong>10%-bearbetningsavdrag<\/strong> g\u00e4ller, vilket t\u00e4cker avgifter f\u00f6r bank- och onlinebetalningar.<\/li>\r\n\r\n\r\n\r\n<li>\u2705 <strong>Inom 24 timmar:<\/strong> <strong>85% av orderv\u00e4rdet<\/strong> kommer att \u00e5terbetalas.<\/li>\r\n\r\n\r\n\r\n<li>\u2705 <strong>Inom 48 timmar:<\/strong> <strong>70% av orderv\u00e4rdet<\/strong> kommer att \u00e5terbetalas.<\/li>\r\n\r\n\r\n\r\n<li>\u274c <strong>Efter leverans:<\/strong> Avbokningar accepteras inte.<\/li>\r\n<\/ul>\r\n\r\n\r\n\r\n<p><strong>Viktigt meddelande:<\/strong><br \/>\u00c5terbetalningen f\u00f6rv\u00e4ntas komma inom 10\u201320 arbetsdagar, beroende p\u00e5 bankens handl\u00e4ggningstid. Endast beg\u00e4randen om avbokning. <strong>skickas in inom 24 timmar efter k\u00f6pet och uttryckligen godk\u00e4nns av v\u00e5r <a href=\"https:\/\/www.mkreborns.com\/sv\/contact-us\/\">supportteam<\/a><\/strong> kommer att anses giltigt.<\/p>\r\n\r\n\r\n<hr class=\"wp-block-separator has-alpha-channel-opacity\" \/>\r\n\r\n\r\n<h2 class=\"wp-block-heading\">Order\u00e4ndringar<\/h2>\r\n\r\n\r\n\r\n<p>Vi uppmanar starkt kunder att noggrant kontrollera alla dockspecifikationer innan de slutf\u00f6r sitt k\u00f6p.<\/p>\r\n\r\n\r\n\r\n<ul class=\"wp-block-list\">\r\n<li>\u2705 <strong>Inom 12 timmar efter best\u00e4llning:<\/strong> \u00c4ndringar kan beg\u00e4ras f\u00f6r en <strong>eng\u00e5ngsavgift f\u00f6r \u00e4ndringar p\u00e5 USD $19<\/strong>.<br \/>F\u00f6r att forts\u00e4tta, v\u00e4nligen skicka in en f\u00f6rfr\u00e5gan via v\u00e5r <strong>Kontakta oss<\/strong> form.<\/li>\r\n\r\n\r\n\r\n<li>\u274c <strong>Efter 12 timmar:<\/strong> Best\u00e4llningar paketeras vanligtvis och k\u00f6as f\u00f6r leverans, vilket g\u00f6r ytterligare \u00e4ndringar om\u00f6jliga.<\/li>\r\n<\/ul>\r\n\r\n\r\n<hr class=\"wp-block-separator has-alpha-channel-opacity\" \/>\r\n\r\n\r\n<h2 class=\"wp-block-heading\">Saknade varor i en best\u00e4llning<\/h2>\r\n\r\n\r\n\r\n<p>P\u00e5 grund av logistiska och f\u00f6rpackningsm\u00e4ssiga sk\u00e4l kan vissa best\u00e4llningar skickas inom <strong>flera s\u00e4ndningar<\/strong>.<br \/>Till exempel kan en reborn-docka och medf\u00f6ljande tillbeh\u00f6r skickas separat och anl\u00e4nda vid olika tidpunkter.<\/p>\r\n\r\n\r\n\r\n<p>Om upph\u00e4mtning fr\u00e5n ett postkontor kr\u00e4vs, v\u00e4nligen se till att du har <strong>alla till\u00e4mpliga sp\u00e5rningsnummer<\/strong>. Om det uppst\u00e5r n\u00e5gon os\u00e4kerhet finns v\u00e5rt supportteam tillg\u00e4ngligt f\u00f6r att hj\u00e4lpa till.<\/p>\r\n\r\n\r\n<hr class=\"wp-block-separator has-alpha-channel-opacity\" \/>\r\n\r\n\r\n<h2 class=\"wp-block-heading\">Returer och \u00e5terbetalningsr\u00e4tt<\/h2>\r\n\r\n\r\n\r\n<p>Vi uppr\u00e4tth\u00e5ller rigor\u00f6sa kvalitetsstandarder. Returer eller byten \u00e4r till\u00e5tna. <strong>endast under f\u00f6ljande villkor<\/strong>:<\/p>\r\n\r\n\r\n\r\n<h3 class=\"wp-block-heading\">Acceptabla omst\u00e4ndigheter<\/h3>\r\n\r\n\r\n\r\n<ul class=\"wp-block-list\">\r\n<li>\u2705 <strong>Skador som uppst\u00e5tt f\u00f6re anv\u00e4ndning eller under transport<\/strong><\/li>\r\n\r\n\r\n\r\n<li>\u2705 <strong>Felaktig vara mottagen:<\/strong><br \/>Om den levererade dockan inte \u00f6verensst\u00e4mmer med din best\u00e4llning, v\u00e4nligen skicka in en <strong>tydlig uppackningsvideo<\/strong> visar:\r\n<ul class=\"wp-block-list\">\r\n<li>Dockan<\/li>\r\n\r\n\r\n\r\n<li>Huvudet<\/li>\r\n\r\n\r\n\r\n<li>Fraktetiketten<\/li>\r\n\r\n\r\n\r\n<li>Den yttre f\u00f6rpackningen<br \/>Efter verifiering kommer en ers\u00e4ttningsprodukt att ordnas.<\/li>\r\n<\/ul>\r\n<\/li>\r\n\r\n\r\n\r\n<li>\u2705 <strong>F\u00f6rlorad leverans:<\/strong><br \/>Vid f\u00f6rlust under transport, v\u00e4nligen anm\u00e4l detta till transport\u00f6ren och meddela oss omedelbart.<br \/>De flesta paket kr\u00e4ver\u00a0<strong>en vuxen underskrift vid leverans<\/strong>; noggrann uppf\u00f6ljning rekommenderas.<\/li>\r\n\r\n\r\n\r\n<li>\u2705 <strong>Tillverknings- eller kvalitetsproblem:<\/strong><br \/>Om n\u00e5gra defekter uppt\u00e4cks vid f\u00f6rsta \u00f6ppningen av paketet, v\u00e4nligen p\u00e5b\u00f6rja returprocessen. <strong>inom 12 timmar efter leverans<\/strong>.<br \/>Fotografisk eller videobevis av den o\u00f6ppnade f\u00f6rpackningen och uppackningsprocessen kr\u00e4vs n\u00e4r en produktproblemrapport skickas in.<\/li>\r\n<\/ul>\r\n\r\n\r\n<hr class=\"wp-block-separator has-alpha-channel-opacity\" \/>\r\n\r\n\r\n<h3 class=\"wp-block-heading\">Situationer d\u00e4r varan inte kan returneras eller inte kan \u00e5terbetalas<\/h3>\r\n\r\n\r\n\r\n<ul class=\"wp-block-list\">\r\n<li>\u274c Den \u00e5terf\u00f6dda dockan har varit <strong>anv\u00e4ndas eller hanteras ut\u00f6ver inspektion<\/strong>.<\/li>\r\n\r\n\r\n\r\n<li>\u274c Problemen \u00e4r <strong>inte rapporterad inom 12 timmar efter mottagandet<\/strong>, \u00e5tf\u00f6ljda av tydliga visuella bevis.<\/li>\r\n\r\n\r\n\r\n<li>\u274c Missn\u00f6je efter anv\u00e4ndning. Reborn-dockor betraktas som\u00a0<strong>personliga tillh\u00f6righeter<\/strong> och kan inte s\u00e4ljas vidare efter anv\u00e4ndning.<\/li>\r\n\r\n\r\n\r\n<li>\u274c F\u00f6rfr\u00e5gningar som g\u00f6rs efter att paketet har \u00f6ppnats, s\u00e5vida de inte godk\u00e4nts p\u00e5 grund av verifierade kvalitetsfel.<\/li>\r\n\r\n\r\n\r\n<li>\u274c Leveransfel till f\u00f6ljd av <strong>kundlevererade fel<\/strong>, inklusive felaktiga eller ofullst\u00e4ndiga leveransadresser.<\/li>\r\n\r\n\r\n\r\n<li>\u274c Leveransst\u00f6rningar orsakade av faktorer utanf\u00f6r v\u00e5r kontroll, s\u00e5som misslyckad tullklarering eller naturkatastrofer.<\/li>\r\n<\/ul>\r\n\r\n\r\n\r\n<p><strong>Var v\u00e4nlig och observera:<\/strong><br \/>Alla Mk Reborns-dockor \u00e4r <strong>handgjorda konstverk<\/strong>. Mindre egenskaper som svaga s\u00f6mmar eller subtila f\u00e4rgvariationer \u00e4r inneboende i den handgjorda processen och betraktas inte som defekter.<br \/>Om du observerar n\u00e5gra mindre oegentligheter uppmuntrar vi dig att kontakta oss \u2013 v\u00e5rt team \u00e4r alltid villiga att hj\u00e4lpa till.<\/p>\r\n\r\n\r\n<hr class=\"wp-block-separator has-alpha-channel-opacity\" \/>\r\n\r\n\r\n<h2 class=\"wp-block-heading\">Ansvar f\u00f6r returfrakt<\/h2>\r\n\r\n\r\n\r\n<ul class=\"wp-block-list\">\r\n<li>Om en retur initieras f\u00f6r\u00a0<strong>kundrelaterade sk\u00e4l<\/strong>, m\u00e5ste kunden betala returfraktkostnaderna, vilka varierar beroende p\u00e5 transport\u00f6r.<\/li>\r\n\r\n\r\n\r\n<li>Om \u00e5terkomsten beror p\u00e5 <strong>v\u00e5rt ansvar<\/strong> (skadad eller felaktig vara) kommer Mk Reborns att st\u00e5 f\u00f6r alla tillh\u00f6rande returfraktkostnader.<\/li>\r\n<\/ul>\r\n\r\n\r\n<hr class=\"wp-block-separator has-alpha-channel-opacity\" \/>\r\n\r\n\r\n<h2 class=\"wp-block-heading\">Beh\u00f6ver du ytterligare hj\u00e4lp?<\/h2>\r\n\r\n\r\n\r\n<p>Om du beh\u00f6ver ytterligare st\u00f6d eller f\u00f6rtydligande, v\u00e4nligen kontakta oss p\u00e5:<br \/>\ud83d\udce7 <strong><a href=\"mailto:support@mkreborns.com\">support@mkreborns.com<\/a><\/strong><\/p>\r\n\r\n\r\n\r\n<p>V\u00e5r kundtj\u00e4nst str\u00e4var efter att svara p\u00e5 alla f\u00f6rfr\u00e5gningar <strong>inom 24 timmar<\/strong>.<\/p>\r\n\r\n\r\n\r\n<p>&nbsp;<\/p>","protected":false},"excerpt":{"rendered":"<p>P\u00e5 Mk Reborns \u00e4gnar vi oss \u00e5t att skapa h\u00f6gkvalitativa reborn-dockor, var och en omsorgsfullt utformad f\u00f6r att vara distinkt, uttrycksfull och exceptionellt.<\/p>","protected":false},"author":1,"featured_media":0,"parent":0,"menu_order":0,"comment_status":"closed","ping_status":"closed","template":"","meta":{"footnotes":""},"class_list":["post-13","page","type-page","status-publish","hentry"],"_links":{"self":[{"href":"https:\/\/www.mkreborns.com\/sv\/wp-json\/wp\/v2\/pages\/13","targetHints":{"allow":["GET"]}}],"collection":[{"href":"https:\/\/www.mkreborns.com\/sv\/wp-json\/wp\/v2\/pages"}],"about":[{"href":"https:\/\/www.mkreborns.com\/sv\/wp-json\/wp\/v2\/types\/page"}],"author":[{"embeddable":true,"href":"https:\/\/www.mkreborns.com\/sv\/wp-json\/wp\/v2\/users\/1"}],"replies":[{"embeddable":true,"href":"https:\/\/www.mkreborns.com\/sv\/wp-json\/wp\/v2\/comments?post=13"}],"version-history":[{"count":0,"href":"https:\/\/www.mkreborns.com\/sv\/wp-json\/wp\/v2\/pages\/13\/revisions"}],"wp:attachment":[{"href":"https:\/\/www.mkreborns.com\/sv\/wp-json\/wp\/v2\/media?parent=13"}],"curies":[{"name":"wp","href":"https:\/\/api.w.org\/{rel}","templated":true}]}}