{"id":4614,"date":"2026-05-07T01:55:32","date_gmt":"2026-05-07T01:55:32","guid":{"rendered":"https:\/\/www.mkreborns.com\/?post_type=product&#038;p=4614"},"modified":"2026-05-07T03:27:22","modified_gmt":"2026-05-07T03:27:22","slug":"potato-7-inch-mini-reborn-dolls-smiling-baby-toy","status":"publish","type":"product","link":"https:\/\/www.mkreborns.com\/sl\/product\/potato-7-inch-mini-reborn-dolls-smiling-baby-toy\/","title":{"rendered":"Krompirjeva 7-pal\u010dna mini prerojena pun\u010dka, nasmejana igra\u010da za dojen\u010dke"},"content":{"rendered":"<h2>Mini prerojene pun\u010dke iz krompirja s sladkimi nasmejanimi detajli<\/h2>\n<div>Krompir\u010dek je ena najbolj sr\u010dnih mini reborn pun\u010dk, ustvarjenih za zbiratelje, ki obo\u017eujejo drobne realisti\u010dne spremljevalce. S svojim veselim izrazom, ne\u017eno obliko in \u017eivo modrimi akrilnimi o\u010dmi nosi Krompir\u010dek \u010dar mirnega novorojen\u010dka, ki po\u010diva v va\u0161ih rokah. Zaradi svoje kompaktne 18 cm velikosti je idealen za razstavljanje na policah, kot sopotnik na potovanjih, kot rekvizit za fotografiranje in za premi\u0161ljene trenutke obdarovanja.<\/div>\n<h3>Majhna nasmejana prerojena pun\u010dka, polna osebnosti<\/h3>\n<div>Za razliko od obi\u010dajnih igra\u010d je Potato izdelan iz mehkega vinila, kar daje pun\u010dki voljno in ne\u017eno teksturo. Njeni gibljivi udi in gibljiva glava omogo\u010dajo naravno poziranje, njen nasmejani videz prerojene pun\u010dke pa ustvarja prijetno vzdu\u0161je v vsaki otro\u0161ki sobi ali zbirki prerojenih pun\u010dk. Zbiratelji, ki i\u0161\u010dejo mini prerojene pun\u010dke za prodajo, pogosto i\u0161\u010dejo zna\u010dilno obliko obraza in realisti\u010dna razmerja, Potato pa ponuja oboje v kompaktni obliki z nepozabnim zna\u010dajem.<\/div>\n<h2>Specifikacije izdelka<\/h2>\n<ul>\n<li>Ime pun\u010dke: Krompir<\/li>\n<li>Velikost: 7 palcev \/ 17 cm<\/li>\n<li>Material: Mehki vinil<\/li>\n<li>Spol: Unisex<\/li>\n<li>O\u010di: Modre akrilne o\u010di<\/li>\n<li>Premi\u010dna glava in okon\u010dine<\/li>\n<li>Primerno za vodo: Primerno za igro v kopeli<\/li>\n<li>Zelo zaskrbljujo\u010da kemikalija: Nobena<\/li>\n<\/ul>\n<div>Krompir zdru\u017euje realizem, mehkobo in zbirateljsko umetnost v eni drobni stvaritvi, zaradi \u010desar je \u010dudovita izbira za vse, ki i\u0161\u010dejo mini reborn pun\u010dke.<\/div>\n<p><img decoding=\"async\" src=\"https:\/\/www.mkreborns.com\/wp-content\/uploads\/2026\/05\/kf-Se154f858f6a849349cdcd76bbf1872d0W.webp\" alt=\"\" title=\"\"><img decoding=\"async\" src=\"https:\/\/www.mkreborns.com\/wp-content\/uploads\/2026\/05\/kf-S410aa67aa548435698fbd27a3fb64c19p.webp\" alt=\"\" title=\"\"><img decoding=\"async\" src=\"https:\/\/www.mkreborns.com\/wp-content\/uploads\/2026\/05\/kf-S4125dbf4d532429b9571597763eb7d3eI-1.webp\" alt=\"\" title=\"\"><img decoding=\"async\" src=\"https:\/\/www.mkreborns.com\/wp-content\/uploads\/2026\/05\/kf-Sf180e3a8185c4ab5a05c6659d3876e49U-1.webp\" alt=\"\" title=\"\"><img decoding=\"async\" src=\"https:\/\/www.mkreborns.com\/wp-content\/uploads\/2026\/05\/kf-S23d6d7b83f794931857b73f6bd85a9a9c-1.webp\" alt=\"\" title=\"\"><img decoding=\"async\" src=\"https:\/\/www.mkreborns.com\/wp-content\/uploads\/2026\/05\/kf-S9684c1e9c66040cfa84f6ae70eb82a03a-1.webp\" alt=\"\" title=\"\"><img decoding=\"async\" src=\"https:\/\/www.mkreborns.com\/wp-content\/uploads\/2026\/05\/kf-S2371c35111914378822505f3c2dd234bx-1.webp\" alt=\"\" title=\"\"><img decoding=\"async\" src=\"https:\/\/www.mkreborns.com\/wp-content\/uploads\/2026\/05\/kf-S213e1f76af814b5398bc23eda5fded5et.webp\" alt=\"\" title=\"\"><img decoding=\"async\" src=\"https:\/\/www.mkreborns.com\/wp-content\/uploads\/2026\/05\/kf-Sc2a2e60655264e8abb4ad94432039d95L.webp\" alt=\"\" title=\"\"><img decoding=\"async\" src=\"https:\/\/www.mkreborns.com\/wp-content\/uploads\/2026\/05\/kf-S6b0ee659018143f6ba8f9ba3cf98f50fd.webp\" alt=\"\" title=\"\"><\/p>","protected":false},"excerpt":{"rendered":"<div>Krompir\u010dek je droben, nasmejan spremljevalec s svetlo modrimi o\u010dmi in mehkim vinilnim telesom, ki se popolnoma prilega va\u0161i dlani. Ta o\u010darljivi mali dojen\u010dek v vsako kolekcijo vnese toplino, udobje in realisti\u010dne podrobnosti.<\/div>","protected":false},"featured_media":4615,"comment_status":"open","ping_status":"closed","template":"","meta":[],"product_brand":[],"product_cat":[250,145,144,155,152],"product_tag":[],"class_list":{"0":"post-4614","1":"product","2":"type-product","3":"status-publish","4":"has-post-thumbnail","6":"product_cat-7-inch-reborn-dolls","7":"product_cat-baby-boy-reborn-dolls","8":"product_cat-baby-girl-reborn-dolls","9":"product_cat-cute-reborn-dolls","10":"product_cat-vinyl-reborn-dolls","12":"first","13":"instock","14":"sale","15":"shipping-taxable","16":"purchasable","17":"product-type-simple"},"_links":{"self":[{"href":"https:\/\/www.mkreborns.com\/sl\/wp-json\/wp\/v2\/product\/4614","targetHints":{"allow":["GET"]}}],"collection":[{"href":"https:\/\/www.mkreborns.com\/sl\/wp-json\/wp\/v2\/product"}],"about":[{"href":"https:\/\/www.mkreborns.com\/sl\/wp-json\/wp\/v2\/types\/product"}],"replies":[{"embeddable":true,"href":"https:\/\/www.mkreborns.com\/sl\/wp-json\/wp\/v2\/comments?post=4614"}],"wp:featuredmedia":[{"embeddable":true,"href":"https:\/\/www.mkreborns.com\/sl\/wp-json\/wp\/v2\/media\/4615"}],"wp:attachment":[{"href":"https:\/\/www.mkreborns.com\/sl\/wp-json\/wp\/v2\/media?parent=4614"}],"wp:term":[{"taxonomy":"product_brand","embeddable":true,"href":"https:\/\/www.mkreborns.com\/sl\/wp-json\/wp\/v2\/product_brand?post=4614"},{"taxonomy":"product_cat","embeddable":true,"href":"https:\/\/www.mkreborns.com\/sl\/wp-json\/wp\/v2\/product_cat?post=4614"},{"taxonomy":"product_tag","embeddable":true,"href":"https:\/\/www.mkreborns.com\/sl\/wp-json\/wp\/v2\/product_tag?post=4614"}],"curies":[{"name":"delovni list","href":"https:\/\/api.w.org\/{rel}","templated":true}]}}