{"id":4602,"date":"2026-05-07T01:53:54","date_gmt":"2026-05-07T01:53:54","guid":{"rendered":"https:\/\/www.mkreborns.com\/?post_type=product&#038;p=4602"},"modified":"2026-05-13T14:41:14","modified_gmt":"2026-05-13T14:41:14","slug":"12-inch-full-silicone-children-gifts-reborn-baby-doll","status":"publish","type":"product","link":"https:\/\/www.mkreborns.com\/sl\/product\/12-inch-full-silicone-children-gifts-reborn-baby-doll\/","title":{"rendered":"12-pal\u010dna polna silikonska darila za otroke Ponovno rojena lutka"},"content":{"rendered":"<div class=\"product-specs-list-container\"><\/div>\n<div class=\"detailmodule_text\">\n<p class=\"detail-desc-decorate-content\" style=\"font-family: OpenSans; font-size: 14px; font-weight: 300; line-height: 20px; white-space: pre-wrap; margin-bottom: 12px;\"><span style=\"color: #000000;\">Vi\u0161ina: 30 cm<\/span><br \/>\n<span style=\"color: #000000;\">Te\u017ea: 1,1 kg<\/span><br \/>\n<span style=\"color: #000000;\">Spol: Fant<\/span><br \/>\n<span style=\"color: #000000;\">Material: Silikon<\/span><br \/>\n<span style=\"color: #000000;\">Ta prerojena pun\u010dka je dostavljena gola; obla\u010dila niso prilo\u017eena. \u010ce potrebujete obla\u010dila, si oglejte na\u0161 razdelek z dodatki za prerojene pun\u010dke in izberite obla\u010dila, ki ustrezajo va\u0161im \u017eeljam.<\/span><br \/>\n<span style=\"color: #000000;\">Reborn pun\u010dka ima gibljive okon\u010dine, ki ji omogo\u010dajo enostavno sedenje, le\u017eanje ali razli\u010dne spalne polo\u017eaje. Ne vsebuje dodatnih elektronskih komponent, kar znatno zmanj\u0161a potrebe po vzdr\u017eevanju. Reborn pun\u010dke lahko podarite ljudem, ki jih imate najraje, kot darilo za rojstni dan, bo\u017ei\u010d, otro\u0161ke igra\u010de ali kot kos za zbirko pun\u010dk.<\/span><\/p>\n<p>&nbsp;<\/p>\n<\/div>\n<div class=\"detailmodule_image\"><img decoding=\"async\" class=\"detail-desc-decorate-image\" src=\"https:\/\/www.mkreborns.com\/wp-content\/uploads\/2026\/05\/kf-Sa2b8d47ad684458b990351e19f5d1a2bs-1.webp\" alt=\"\" title=\"\"><img decoding=\"async\" class=\"detail-desc-decorate-image\" src=\"https:\/\/www.mkreborns.com\/wp-content\/uploads\/2026\/05\/kf-S39ce9a8a554f438a96fcf130a132d83aa-1.webp\" alt=\"\" title=\"\"><img decoding=\"async\" class=\"detail-desc-decorate-image\" src=\"https:\/\/www.mkreborns.com\/wp-content\/uploads\/2026\/05\/kf-S3d4515f2deb64d17aeee4f89277607772-1.webp\" alt=\"Silikonska pun\u010dka prerojena z nastavljivimi okon\u010dinami, idealna za otroke in zbiratelje. Mehka, realisti\u010dna.\" title=\"\"> <img decoding=\"async\" class=\"detail-desc-decorate-image\" src=\"https:\/\/www.mkreborns.com\/wp-content\/uploads\/2026\/05\/kf-S83d31e6e6fb847929a053f66ca75cd2dp-1.webp\" alt=\"Realisti\u010dna prerojena pun\u010dka, 30,5 cm, polna silikona, primerna za otroke in darila, s podrobnostmi.\" title=\"\"> <img decoding=\"async\" class=\"detail-desc-decorate-image\" src=\"https:\/\/www.mkreborns.com\/wp-content\/uploads\/2026\/05\/kf-S1d7c4a92f2da488182c621f78f77ba35K-1.webp\" alt=\"\" title=\"\"><\/div>","protected":false},"excerpt":{"rendered":"<p>Ta novorojena reborn pun\u010dka je idealno darilo za otroke, prijatelje ali dru\u017einske \u010dlane, saj lahko slu\u017ei kot \u010dudovit spremljevalec. Reborn pun\u010dkine okon\u010dine so gibljive, kar ji omogo\u010da, da jo namestimo v razli\u010dne spalne polo\u017eaje \u2013 kar njeni vlogi spremljevalke doda dodaten pridih realisti\u010dnega realizma.<\/p>","protected":false},"featured_media":4603,"comment_status":"open","ping_status":"closed","template":"","meta":[],"product_brand":[],"product_cat":[240,145,155,154,153],"product_tag":[],"class_list":{"0":"post-4602","1":"product","2":"type-product","3":"status-publish","4":"has-post-thumbnail","6":"product_cat-12-inch-reborn-dolls","7":"product_cat-baby-boy-reborn-dolls","8":"product_cat-cute-reborn-dolls","9":"product_cat-lifelike-reborn-dolls","10":"product_cat-newborn-reborn-dolls","12":"first","13":"instock","14":"sale","15":"shipping-taxable","16":"purchasable","17":"product-type-simple"},"_links":{"self":[{"href":"https:\/\/www.mkreborns.com\/sl\/wp-json\/wp\/v2\/product\/4602","targetHints":{"allow":["GET"]}}],"collection":[{"href":"https:\/\/www.mkreborns.com\/sl\/wp-json\/wp\/v2\/product"}],"about":[{"href":"https:\/\/www.mkreborns.com\/sl\/wp-json\/wp\/v2\/types\/product"}],"replies":[{"embeddable":true,"href":"https:\/\/www.mkreborns.com\/sl\/wp-json\/wp\/v2\/comments?post=4602"}],"wp:featuredmedia":[{"embeddable":true,"href":"https:\/\/www.mkreborns.com\/sl\/wp-json\/wp\/v2\/media\/4603"}],"wp:attachment":[{"href":"https:\/\/www.mkreborns.com\/sl\/wp-json\/wp\/v2\/media?parent=4602"}],"wp:term":[{"taxonomy":"product_brand","embeddable":true,"href":"https:\/\/www.mkreborns.com\/sl\/wp-json\/wp\/v2\/product_brand?post=4602"},{"taxonomy":"product_cat","embeddable":true,"href":"https:\/\/www.mkreborns.com\/sl\/wp-json\/wp\/v2\/product_cat?post=4602"},{"taxonomy":"product_tag","embeddable":true,"href":"https:\/\/www.mkreborns.com\/sl\/wp-json\/wp\/v2\/product_tag?post=4602"}],"curies":[{"name":"delovni list","href":"https:\/\/api.w.org\/{rel}","templated":true}]}}