{"id":4594,"date":"2026-05-07T01:52:24","date_gmt":"2026-05-07T01:52:24","guid":{"rendered":"https:\/\/www.mkreborns.com\/?post_type=product&#038;p=4594"},"modified":"2026-05-13T15:23:59","modified_gmt":"2026-05-13T15:23:59","slug":"19-inches-solid-silicone-cute-reborn-doll","status":"publish","type":"product","link":"https:\/\/www.mkreborns.com\/sl\/product\/19-inches-solid-silicone-cute-reborn-doll\/","title":{"rendered":"19-pal\u010dna ljubka prerojena lutka iz trdnega silikona"},"content":{"rendered":"<div class=\"product-specs-list-container\"><\/div>\n<div class=\"detailmodule_text\">\n<p>Vi\u0161ina: 18,9 palcev<br \/>\nSpol: Dojen\u010dek<br \/>\nTe\u017ea: 3,1 kg<br \/>\nMaterial: Silikon<br \/>\nOb nakupu te prerojene pun\u010dke bo kot brezpla\u010dno darilo prilo\u017een naklju\u010dno izbran kostum.<\/p>\n<p>Ta reborn pun\u010dka je izdelana iz silikona in jo je mogo\u010de o\u010distiti s toplo vodo, vendar jo je treba takoj po pranju temeljito posu\u0161iti. Kot trdna silikonska reborn pun\u010dka ponuja otipni ob\u010dutek, ki je izjemno podoben ob\u010dutku ko\u017ee pravega dojen\u010dka. Z vi\u0161ino 45 cm se ta reborn pun\u010dka zelo pribli\u017ea fizi\u010dnim meram pravega novorojen\u010dka, zaradi \u010desar je idealna za crkljanje ali razstavljanje. Ta ljubka reborn pun\u010dka ima zmerno te\u017eo, zaradi \u010desar jo je enostavno nositi, hkrati pa ohranja pristno, realisti\u010dno te\u017eo pravega dojen\u010dka.<br \/>\nZa shranjevanje je priporo\u010dljivo, da reborn lutko polo\u017eite vodoravno ali pokonci, da prepre\u010dite deformacije zaradi te\u017ekih predmetov ali dolgotrajnega stiskanja. Da bi zagotovili dolgo \u017eivljenjsko dobo va\u0161e reborn lutke, jo hranite stran od neposredne svetlobe in prahu ter jo za\u0161\u010ditite pred ostrimi predmeti in hi\u0161nimi ljubljen\u010dki, da prepre\u010dite po\u0161kodbe silikonskega materiala.<\/p>\n<p>&nbsp;<\/p>\n<\/div>\n<div class=\"detailmodule_image\"><img decoding=\"async\" class=\"detail-desc-decorate-image\" src=\"https:\/\/www.mkreborns.com\/wp-content\/uploads\/2026\/05\/kf-Sd449c2299cac4582b03493bccbd5ba86G.webp\" alt=\"Zelo podrobna 49,9 cm velika silikonska reborn lutka, mehka na dotik, pralna, idealna za zbiranje ali darilo.\" title=\"\"><\/div>","protected":false},"excerpt":{"rendered":"<p>Pun\u010dke Reborn posnemajo mehkobo in elasti\u010dnost prave dojen\u010dkove ko\u017ee ter ponujajo topel, ne\u017een in ko\u017ei prijazen dotik. Izdelane so iz trdnega silikona in so izjemno odporne na oksidacijo, kar zagotavlja, da tudi po dolgotrajni uporabi ne porumenijo ali razpokajo.<\/p>","protected":false},"featured_media":4595,"comment_status":"open","ping_status":"closed","template":"","meta":[],"product_brand":[],"product_cat":[241,145,243,155,146,154,153,157],"product_tag":[],"class_list":{"0":"post-4594","1":"product","2":"type-product","3":"status-publish","4":"has-post-thumbnail","6":"product_cat-19-inch-reborn-dolls","7":"product_cat-baby-boy-reborn-dolls","8":"product_cat-black-reborn-dolls","9":"product_cat-cute-reborn-dolls","10":"product_cat-full-silicone-reborn-dolls","11":"product_cat-lifelike-reborn-dolls","12":"product_cat-newborn-reborn-dolls","13":"product_cat-real-life-baby-dolls","15":"first","16":"instock","17":"sale","18":"shipping-taxable","19":"purchasable","20":"product-type-simple"},"_links":{"self":[{"href":"https:\/\/www.mkreborns.com\/sl\/wp-json\/wp\/v2\/product\/4594","targetHints":{"allow":["GET"]}}],"collection":[{"href":"https:\/\/www.mkreborns.com\/sl\/wp-json\/wp\/v2\/product"}],"about":[{"href":"https:\/\/www.mkreborns.com\/sl\/wp-json\/wp\/v2\/types\/product"}],"replies":[{"embeddable":true,"href":"https:\/\/www.mkreborns.com\/sl\/wp-json\/wp\/v2\/comments?post=4594"}],"wp:featuredmedia":[{"embeddable":true,"href":"https:\/\/www.mkreborns.com\/sl\/wp-json\/wp\/v2\/media\/4595"}],"wp:attachment":[{"href":"https:\/\/www.mkreborns.com\/sl\/wp-json\/wp\/v2\/media?parent=4594"}],"wp:term":[{"taxonomy":"product_brand","embeddable":true,"href":"https:\/\/www.mkreborns.com\/sl\/wp-json\/wp\/v2\/product_brand?post=4594"},{"taxonomy":"product_cat","embeddable":true,"href":"https:\/\/www.mkreborns.com\/sl\/wp-json\/wp\/v2\/product_cat?post=4594"},{"taxonomy":"product_tag","embeddable":true,"href":"https:\/\/www.mkreborns.com\/sl\/wp-json\/wp\/v2\/product_tag?post=4594"}],"curies":[{"name":"delovni list","href":"https:\/\/api.w.org\/{rel}","templated":true}]}}