{"id":4220,"date":"2026-03-25T02:36:20","date_gmt":"2026-03-25T02:36:20","guid":{"rendered":"https:\/\/www.mkreborns.com\/?post_type=product&#038;p=4220"},"modified":"2026-03-25T02:47:14","modified_gmt":"2026-03-25T02:47:14","slug":"ronal-avatar-silicone-newborn-baby-reborn-doll","status":"publish","type":"product","link":"https:\/\/www.mkreborns.com\/sl\/product\/ronal-avatar-silicone-newborn-baby-reborn-doll\/","title":{"rendered":"Silikonska prerojena lutka Ronal Avatar"},"content":{"rendered":"<p><strong>Parametri:<\/strong><\/p>\n<ul>\n<li>Zelo zaskrbljujo\u010da kemikalija: Nobena<\/li>\n<li>Spol: Unisex<\/li>\n<li>Dimenzije: 12 palcev, 30 cm<\/li>\n<li>Material: silikon<\/li>\n<li>Te\u017ea: Neto te\u017ea lutke je pribli\u017eno 1,15 kg<\/li>\n<\/ul>\n<h2>Pun\u010dke avatarjev prerojenih dojen\u010dkov z mehkim silikonskim realizmom<\/h2>\n<div>Ta prerojena avatarska pun\u010dka je skrbno oblikovana tako, da odra\u017ea proporce novorojen\u010dka, hkrati pa prina\u0161a subtilno fantazijsko estetiko. Celotno telo je izdelano iz trdnega silikona in zagotavlja gladek, pro\u017een ob\u010dutek, ki presega tradicionalni vinil. V trgovinah s popolnoma silikonskimi prerojenimi avatarskimi pun\u010dkami ta model izstopa po svoji kompaktni 30-centimetrski velikosti in uravnote\u017eeni izdelavi.<\/div>\n<h3>Trpe\u017ena struktura z izpopolnjenimi vizualnimi detajli<\/h3>\n<div>Brez\u0161ivno silikonsko telo zagotavlja vzdr\u017eljivost, hkrati pa ohranja realisti\u010den taktilni odziv. Z prozornimi akrilnimi o\u010dmi in ne\u017eno te\u017eo 1,15 kg ponuja naraven oprijem. Kot realisti\u010dna prerojena avatarska lutka po nizki ceni ponuja zanesljivo kakovost brez visokih stro\u0161kov, zaradi \u010desar je primerna tako za zbiratelje kot za kupce daril.<\/div>\n<h3>Zna\u010dilnosti in prednosti izdelka<\/h3>\n<ol>\n<li>Polno silikonsko telo z mehko, elasti\u010dno teksturo<\/li>\n<li>12-pal\u010dna velikost je idealna za prikaz in rokovanje<\/li>\n<li>Lahka konstrukcija, pribli\u017eno 1,15 kg<\/li>\n<li>Podrobne akrilne o\u010di s prozornim zaklju\u010dkom<\/li>\n<li>Unisex dizajn za vsestransko privla\u010dnost<\/li>\n<\/ol>","protected":false},"excerpt":{"rendered":"<p>Mehka, kompaktna in vizualno osupljiva, ta prenovljena avatarska pun\u010dka zdru\u017euje ne\u017ene proporce novorojen\u010dka z gladko silikonsko teksturo za o\u010darljiv videz.<\/p>","protected":false},"featured_media":4221,"comment_status":"open","ping_status":"closed","template":"","meta":[],"product_brand":[],"product_cat":[239,240,145,144,146,156,153],"product_tag":[],"class_list":{"0":"post-4220","1":"product","2":"type-product","3":"status-publish","4":"has-post-thumbnail","6":"product_cat-avatar-reborn-dolls","7":"product_cat-12-inch-reborn-dolls","8":"product_cat-baby-boy-reborn-dolls","9":"product_cat-baby-girl-reborn-dolls","10":"product_cat-full-silicone-reborn-dolls","11":"product_cat-life-sized-dolls","12":"product_cat-newborn-reborn-dolls","14":"first","15":"instock","16":"sale","17":"shipping-taxable","18":"purchasable","19":"product-type-simple"},"_links":{"self":[{"href":"https:\/\/www.mkreborns.com\/sl\/wp-json\/wp\/v2\/product\/4220","targetHints":{"allow":["GET"]}}],"collection":[{"href":"https:\/\/www.mkreborns.com\/sl\/wp-json\/wp\/v2\/product"}],"about":[{"href":"https:\/\/www.mkreborns.com\/sl\/wp-json\/wp\/v2\/types\/product"}],"replies":[{"embeddable":true,"href":"https:\/\/www.mkreborns.com\/sl\/wp-json\/wp\/v2\/comments?post=4220"}],"wp:featuredmedia":[{"embeddable":true,"href":"https:\/\/www.mkreborns.com\/sl\/wp-json\/wp\/v2\/media\/4221"}],"wp:attachment":[{"href":"https:\/\/www.mkreborns.com\/sl\/wp-json\/wp\/v2\/media?parent=4220"}],"wp:term":[{"taxonomy":"product_brand","embeddable":true,"href":"https:\/\/www.mkreborns.com\/sl\/wp-json\/wp\/v2\/product_brand?post=4220"},{"taxonomy":"product_cat","embeddable":true,"href":"https:\/\/www.mkreborns.com\/sl\/wp-json\/wp\/v2\/product_cat?post=4220"},{"taxonomy":"product_tag","embeddable":true,"href":"https:\/\/www.mkreborns.com\/sl\/wp-json\/wp\/v2\/product_tag?post=4220"}],"curies":[{"name":"delovni list","href":"https:\/\/api.w.org\/{rel}","templated":true}]}}