{"id":4213,"date":"2026-03-25T02:10:39","date_gmt":"2026-03-25T02:10:39","guid":{"rendered":"https:\/\/www.mkreborns.com\/?post_type=product&#038;p=4213"},"modified":"2026-03-25T02:18:24","modified_gmt":"2026-03-25T02:18:24","slug":"kiri-avatar-baby-doll-reborn-girl-20-inch-vinyl-baby","status":"publish","type":"product","link":"https:\/\/www.mkreborns.com\/sl\/product\/kiri-avatar-baby-doll-reborn-girl-20-inch-vinyl-baby\/","title":{"rendered":"Kiri Avatar reborn lutka deklica 20\u2011pal\u010dni vinilni dojen\u010dek"},"content":{"rendered":"<h3>Specifikacije izdelka<\/h3>\n<ul>\n<li>Zelo zaskrbljujo\u010da kemikalija: Nobena<\/li>\n<li>Spol: Dekleta<\/li>\n<li>Dimenzije: 20 palcev<\/li>\n<li>Material: Vinil<\/li>\n<\/ul>\n<h2>Pun\u010dka Avatar, prerojena z novorojen\u010dkovo natan\u010dnostjo<\/h2>\n<div>Ta avatarska pun\u010dka, ki se je prerodila, odra\u017ea skrbno umetni\u0161ko izdelavo z mehkimi konturami, umirjenimi prelivi ko\u017ee in mirno spalno pozo. Zasnovana kot avatarska deklica, ima ne\u017eno prezenco, primerno za zbiratelje in darila. Za tiste, ki i\u0161\u010dejo modele avatarskih pun\u010dk, ki se prerodijo, ta kos uravnote\u017ei vzdr\u017eljivost s finimi detajli, zaradi \u010desar je izstopajo\u010da avatarska pun\u010dka, ki je naprodaj.<\/div>\n<h3>Realisti\u010dna vinilna izdelava in fini detajli<\/h3>\n<div>20-pal\u010dna vinilna struktura ponuja gladko otipno povr\u0161ino, hkrati pa ohranja subtilen anatomski realizem. Od ro\u010dno poslikanih las do naravno obarvanih ustnic in nohtov, vsak element poudarja pristnost. Telo, ki ga je mogo\u010de prilagoditi, omogo\u010da prilagodljivo pozicioniranje brez kompromisov pri obliki.<\/div>\n<h3>Klju\u010dne lastnosti in prednosti<\/h3>\n<ol>\n<li>Velikost 20 palcev z uravnote\u017eenimi proporci za novorojen\u010dka<\/li>\n<li>Vrhunski vinilni material z mehko mat povr\u0161ino<\/li>\n<li>Zapletene ro\u010dno poslikane zna\u010dilnosti za realizem<\/li>\n<li>Prilagodljivi okon\u010dine za enostavno poziranje in razstavljanje<\/li>\n<\/ol>\n<div>Ta zbirateljski predmet, izdelan brez kemikalij, ki vsebujejo veliko zaskrbljenosti, in izdelan za dolgotrajno razstavljanje ali darilo, ostaja prefinjena izbira za vse navdu\u0161ence nad avatarji in pun\u010dkami, ki se preobrazijo.<\/div>","protected":false},"excerpt":{"rendered":"<p>Umirjena avatarska pun\u010dka, prerojena z ne\u017eno oblikovanim obrazom, mehko vinilno teksturo in prefinjenim realizmom novorojen\u010dka, ki takoj pritegne pozornost.<\/p>","protected":false},"featured_media":4214,"comment_status":"open","ping_status":"closed","template":"","meta":[],"product_brand":[],"product_cat":[237,239,144,156,153,152],"product_tag":[],"class_list":{"0":"post-4213","1":"product","2":"type-product","3":"status-publish","4":"has-post-thumbnail","6":"product_cat-20-inch-reborn-dolls","7":"product_cat-avatar-reborn-dolls","8":"product_cat-baby-girl-reborn-dolls","9":"product_cat-life-sized-dolls","10":"product_cat-newborn-reborn-dolls","11":"product_cat-vinyl-reborn-dolls","13":"first","14":"instock","15":"sale","16":"shipping-taxable","17":"purchasable","18":"product-type-simple"},"_links":{"self":[{"href":"https:\/\/www.mkreborns.com\/sl\/wp-json\/wp\/v2\/product\/4213","targetHints":{"allow":["GET"]}}],"collection":[{"href":"https:\/\/www.mkreborns.com\/sl\/wp-json\/wp\/v2\/product"}],"about":[{"href":"https:\/\/www.mkreborns.com\/sl\/wp-json\/wp\/v2\/types\/product"}],"replies":[{"embeddable":true,"href":"https:\/\/www.mkreborns.com\/sl\/wp-json\/wp\/v2\/comments?post=4213"}],"wp:featuredmedia":[{"embeddable":true,"href":"https:\/\/www.mkreborns.com\/sl\/wp-json\/wp\/v2\/media\/4214"}],"wp:attachment":[{"href":"https:\/\/www.mkreborns.com\/sl\/wp-json\/wp\/v2\/media?parent=4213"}],"wp:term":[{"taxonomy":"product_brand","embeddable":true,"href":"https:\/\/www.mkreborns.com\/sl\/wp-json\/wp\/v2\/product_brand?post=4213"},{"taxonomy":"product_cat","embeddable":true,"href":"https:\/\/www.mkreborns.com\/sl\/wp-json\/wp\/v2\/product_cat?post=4213"},{"taxonomy":"product_tag","embeddable":true,"href":"https:\/\/www.mkreborns.com\/sl\/wp-json\/wp\/v2\/product_tag?post=4213"}],"curies":[{"name":"delovni list","href":"https:\/\/api.w.org\/{rel}","templated":true}]}}