{"id":4202,"date":"2026-03-24T16:06:44","date_gmt":"2026-03-24T16:06:44","guid":{"rendered":"https:\/\/www.mkreborns.com\/?post_type=product&#038;p=4202"},"modified":"2026-03-25T00:45:53","modified_gmt":"2026-03-25T00:45:53","slug":"full-body-silicone-twins-mini-reborn-baby-girl-dolls","status":"publish","type":"product","link":"https:\/\/www.mkreborns.com\/sl\/product\/full-body-silicone-twins-mini-reborn-baby-girl-dolls\/","title":{"rendered":"Tracy in Tasha silikonski dvoj\u010dki, prerojeni pun\u010dki"},"content":{"rendered":"<h2>Silikonska dvoj\u010dka Tracy in Tasha po celem telesu<\/h2>\n<div>Tracy in Tasha sta prefinjen par silikonskih dvoj\u010dic, natan\u010dno oblikovanih tako, da odra\u017eata mehkobo in simetrijo novorojen\u010dka. Ti dvoj\u010dici iz silikona, ki sta naprodaj, sta ob\u010dudovani zaradi svoje drobne 33-centimetrske velikosti in uravnote\u017eenih proporcev, zaradi \u010desar sta izjemna izbira za zbiratelje, ki i\u0161\u010dejo ljubke dvoj\u010dice prerojenih dojen\u010dkov z zna\u010dilno identiteto.<\/div>\n<h3>Deklica dvoj\u010dka prerojena z mini detajli<\/h3>\n<div>Tracy in Tasha, kot prerojeni deklici dvoj\u010dici, imata mehka silikonska telesa in ne\u017ene obrazne izraze, ki odra\u017eajo prave dojen\u010dke. Ti prerojeni pun\u010dki dvoj\u010dici sta lahki in z pro\u017eno strukturo, ki pove\u010duje realizem, hkrati pa ju je enostavno uporabljati in razstavljati.<\/div>\n<h3>Zna\u010dilnosti in prednosti<\/h3>\n<ol>\n<li>Kompaktna 13-pal\u010dna mini velikost s podrobno izdelavo<\/li>\n<li>Silikonska konstrukcija po celotni povr\u0161ini z mehko otipno povr\u0161ino<\/li>\n<li>Lahka zasnova za lahkotno poziranje<\/li>\n<li>Izdelano brez zelo zaskrbljujo\u010dih kemikalij<\/li>\n<\/ol>\n<div>Specifikacije<\/div>\n<ul>\n<li>Material: Silikon<\/li>\n<li>Velikost: 13 palcev<\/li>\n<li>Zna\u010dilnosti: Mini, mehka<\/li>\n<li>Spol: Dekleta<\/li>\n<li>Zelo zaskrbljujo\u010da kemikalija: Nobena<\/li>\n<\/ul>\n<div>Tracy in Tasha ustvarjata harmoni\u010dno predstavitev dvoj\u010dkov, zaradi \u010desar sta izjemen dodatek k vsaki kolekciji silikonskih dvoj\u010dkov za celo telo.<\/div>","protected":false},"excerpt":{"rendered":"<p>Tracy in Tasha prina\u0161ata ne\u017eno dvoj\u010dico z mehko silikonsko teksturo in realisti\u010dnimi potezami novorojen\u010dka, zasnovana tako, da takoj pritegneta pozornost.<\/p>","protected":false},"featured_media":4203,"comment_status":"open","ping_status":"closed","template":"","meta":[],"product_brand":[],"product_cat":[236,238,146,156,153],"product_tag":[],"class_list":{"0":"post-4202","1":"product","2":"type-product","3":"status-publish","4":"has-post-thumbnail","6":"product_cat-twin-reborn-dolls","7":"product_cat-13-inch-reborn-dolls","8":"product_cat-full-silicone-reborn-dolls","9":"product_cat-life-sized-dolls","10":"product_cat-newborn-reborn-dolls","12":"first","13":"instock","14":"sale","15":"shipping-taxable","16":"purchasable","17":"product-type-simple"},"_links":{"self":[{"href":"https:\/\/www.mkreborns.com\/sl\/wp-json\/wp\/v2\/product\/4202","targetHints":{"allow":["GET"]}}],"collection":[{"href":"https:\/\/www.mkreborns.com\/sl\/wp-json\/wp\/v2\/product"}],"about":[{"href":"https:\/\/www.mkreborns.com\/sl\/wp-json\/wp\/v2\/types\/product"}],"replies":[{"embeddable":true,"href":"https:\/\/www.mkreborns.com\/sl\/wp-json\/wp\/v2\/comments?post=4202"}],"wp:featuredmedia":[{"embeddable":true,"href":"https:\/\/www.mkreborns.com\/sl\/wp-json\/wp\/v2\/media\/4203"}],"wp:attachment":[{"href":"https:\/\/www.mkreborns.com\/sl\/wp-json\/wp\/v2\/media?parent=4202"}],"wp:term":[{"taxonomy":"product_brand","embeddable":true,"href":"https:\/\/www.mkreborns.com\/sl\/wp-json\/wp\/v2\/product_brand?post=4202"},{"taxonomy":"product_cat","embeddable":true,"href":"https:\/\/www.mkreborns.com\/sl\/wp-json\/wp\/v2\/product_cat?post=4202"},{"taxonomy":"product_tag","embeddable":true,"href":"https:\/\/www.mkreborns.com\/sl\/wp-json\/wp\/v2\/product_tag?post=4202"}],"curies":[{"name":"delovni list","href":"https:\/\/api.w.org\/{rel}","templated":true}]}}