{"id":4195,"date":"2026-03-24T08:06:41","date_gmt":"2026-03-24T08:06:41","guid":{"rendered":"https:\/\/www.mkreborns.com\/?post_type=product&#038;p=4195"},"modified":"2026-03-24T08:33:50","modified_gmt":"2026-03-24T08:33:50","slug":"realistic-bonnie-brown-20-inch-vinyl-boy-twin-reborn-doll","status":"publish","type":"product","link":"https:\/\/www.mkreborns.com\/sl\/product\/realistic-bonnie-brown-20-inch-vinyl-boy-twin-reborn-doll\/","title":{"rendered":"Realisti\u010dna prerojena lutka Bonnie Brown iz vinila, 20-pal\u010dna"},"content":{"rendered":"<h2>Mojstrska umetnost Bonnie Brown Twin A<\/h2>\n<div>Mk Reborns predstavlja izvrstno upodobitev ikoni\u010dne skulpture dvoj\u010dice Bonnie Brown, ki ujame eteri\u010dno nedol\u017enost otro\u0161tva. Vsaka 20-pal\u010dna vinilna kreacija ima ro\u010dno poslikane dermalne lise in mehke okon\u010dine, ki posnemajo pro\u017enost prave ko\u017ee. \u010ceprav so te prenovljene dvoj\u010dice cenovno dostopne, njihova prefinjena izdelava zagotavlja, da zasedejo presti\u017eno mesto v va\u0161i kurirani razstavi.<\/div>\n<h3>Avtenti\u010dne zna\u010dilnosti pun\u010dk Reborn Twins Baby<\/h3>\n<div>Te pun\u010dke prerojenih dvoj\u010dkov prihajajo s prilagojenimi obla\u010dili in taktilno prisotnostjo, ki zahteva ne\u017eno rokovanje. Njihova anatomska natan\u010dnost in umirjeni izrazi obraza zagotavljajo terapevtsko sredi\u0161\u010de za tiste, ki i\u0161\u010dejo realisti\u010dno simulacijo nege.<\/div>\n<ul>\n<li>Izdelano iz vrhunskega, nestrupenega vinila za trajno strukturno celovitost.<\/li>\n<li>Merjeno na 50 cm, da zagotavlja precej\u0161njo, realisti\u010dno te\u017eo, ko je v zibelki.<\/li>\n<li>Podrobno z mikro \u017eilicami in prosojnimi nohtnimi le\u017ei\u0161\u010di za vizualno globino.<\/li>\n<\/ul>\n<div>Lastniki cenijo dvojno dru\u017ebo, ki jo ponujata ti ljubki prerojeni pun\u010dki dvoj\u010dkov, saj popolnoma ujameta sinhroniziran \u010dar bratov in sester. Vsaka estetska izbira \u0161e okrepi nedvomno privla\u010dnost visokokakovostne prerojene pun\u010dke dvoj\u010dkov Bonnie Brown Boy.<\/div>","protected":false},"excerpt":{"rendered":"<div>Posvojitev teh ne\u017enih prebivalcev otro\u0161ke sobe prina\u0161a globok ob\u010dutek miru v zato\u010di\u0161\u010de vsakega zbiratelja. Ti skrbno obte\u017eeni spremljevalci odra\u017eajo subtilne nianse neonatalne anatomije in spodbujajo takoj\u0161njo \u010dustveno vez, ki presega zgolj hobi.<\/div>","protected":false},"featured_media":4196,"comment_status":"open","ping_status":"closed","template":"","meta":[],"product_brand":[],"product_cat":[237,145,236,152],"product_tag":[],"class_list":{"0":"post-4195","1":"product","2":"type-product","3":"status-publish","4":"has-post-thumbnail","6":"product_cat-20-inch-reborn-dolls","7":"product_cat-baby-boy-reborn-dolls","8":"product_cat-twin-reborn-dolls","9":"product_cat-vinyl-reborn-dolls","11":"first","12":"instock","13":"sale","14":"shipping-taxable","15":"purchasable","16":"product-type-simple"},"_links":{"self":[{"href":"https:\/\/www.mkreborns.com\/sl\/wp-json\/wp\/v2\/product\/4195","targetHints":{"allow":["GET"]}}],"collection":[{"href":"https:\/\/www.mkreborns.com\/sl\/wp-json\/wp\/v2\/product"}],"about":[{"href":"https:\/\/www.mkreborns.com\/sl\/wp-json\/wp\/v2\/types\/product"}],"replies":[{"embeddable":true,"href":"https:\/\/www.mkreborns.com\/sl\/wp-json\/wp\/v2\/comments?post=4195"}],"wp:featuredmedia":[{"embeddable":true,"href":"https:\/\/www.mkreborns.com\/sl\/wp-json\/wp\/v2\/media\/4196"}],"wp:attachment":[{"href":"https:\/\/www.mkreborns.com\/sl\/wp-json\/wp\/v2\/media?parent=4195"}],"wp:term":[{"taxonomy":"product_brand","embeddable":true,"href":"https:\/\/www.mkreborns.com\/sl\/wp-json\/wp\/v2\/product_brand?post=4195"},{"taxonomy":"product_cat","embeddable":true,"href":"https:\/\/www.mkreborns.com\/sl\/wp-json\/wp\/v2\/product_cat?post=4195"},{"taxonomy":"product_tag","embeddable":true,"href":"https:\/\/www.mkreborns.com\/sl\/wp-json\/wp\/v2\/product_tag?post=4195"}],"curies":[{"name":"delovni list","href":"https:\/\/api.w.org\/{rel}","templated":true}]}}