{"id":4165,"date":"2026-03-22T14:35:28","date_gmt":"2026-03-22T14:35:28","guid":{"rendered":"https:\/\/www.mkreborns.com\/product\/18-inch-soft-vinyl-open-eye-reborn-baby-doll\/"},"modified":"2026-03-22T15:34:35","modified_gmt":"2026-03-22T15:34:35","slug":"18-inch-soft-vinyl-open-eye-reborn-baby-doll","status":"publish","type":"product","link":"https:\/\/www.mkreborns.com\/sl\/product\/18-inch-soft-vinyl-open-eye-reborn-baby-doll\/","title":{"rendered":"18-pal\u010dna mehka vinilna prerojena pun\u010dka z odprtimi o\u010dmi"},"content":{"rendered":"<p>Ta prerojena lutka ima jasno vidne \u017eile in je zelo realisti\u010dna. Lahko sedi ali le\u017ei, ne govori ali me\u017eika ter nima zapletenih elektronskih delov, zaradi \u010desar je enostavna za vzdr\u017eevanje in idealna za zbiranje. Pri \u010di\u0161\u010denju lutke ravnajte previdno; izogibajte se mo\u010dnemu praskanju obrvi, da prepre\u010dite bledenje barve.<\/p>\n<p>&nbsp;<\/p>\n<p>Material: PVC po celem telesu<br \/>\nSpol: Izberi med fantom ali deklico<br \/>\nVi\u0161ina: 18 palcev<br \/>\nTe\u017ea: 1,1 kg<br \/>\nTrepalnice: Lepilne trepalnice<br \/>\nTe\u017ea embala\u017ee: 1,6 kg<br \/>\nDimenzije embala\u017ee: 46*20*13 cm<br \/>\nCeloten paket vklju\u010duje: obla\u010dila, plenico, magnetno dudo, stekleni\u010dko in rojstni list.<\/p>\n<p>&nbsp;<\/p>\n<p><img decoding=\"async\" src=\"https:\/\/www.mkreborns.com\/wp-content\/uploads\/2026\/03\/O1CN01PhbSDV1lsnmHX7b7l_2831564875-0-cib.jpg\" alt=\"\" title=\"\"><\/p>\n<p><img decoding=\"async\" src=\"https:\/\/www.mkreborns.com\/wp-content\/uploads\/2026\/03\/O1CN01Fqa8AT1lsnmKDSTq1_2831564875-0-cib.jpg\" alt=\"\" title=\"\"><\/p>\n<p>Prosimo, upo\u0161tevajte ro\u010dno toleranco 0,5-1 palca, saj je bil izdelek izmerjen ro\u010dno.<\/p>","protected":false},"excerpt":{"rendered":"<p>Kot skrbnik prerojene pun\u010dke lahko kupite razli\u010dne sloge obla\u010dil za pun\u010dko za razli\u010dne prilo\u017enosti.<\/p>","protected":false},"featured_media":4167,"comment_status":"open","ping_status":"closed","template":"","meta":[],"product_brand":[],"product_cat":[151,145,144,155,156,154,157,152],"product_tag":[],"class_list":{"0":"post-4165","1":"product","2":"type-product","3":"status-publish","4":"has-post-thumbnail","6":"product_cat-18-inch-reborn-dolls","7":"product_cat-baby-boy-reborn-dolls","8":"product_cat-baby-girl-reborn-dolls","9":"product_cat-cute-reborn-dolls","10":"product_cat-life-sized-dolls","11":"product_cat-lifelike-reborn-dolls","12":"product_cat-real-life-baby-dolls","13":"product_cat-vinyl-reborn-dolls","15":"first","16":"instock","17":"sale","18":"shipping-taxable","19":"purchasable","20":"product-type-variable","21":"has-default-attributes"},"_links":{"self":[{"href":"https:\/\/www.mkreborns.com\/sl\/wp-json\/wp\/v2\/product\/4165","targetHints":{"allow":["GET"]}}],"collection":[{"href":"https:\/\/www.mkreborns.com\/sl\/wp-json\/wp\/v2\/product"}],"about":[{"href":"https:\/\/www.mkreborns.com\/sl\/wp-json\/wp\/v2\/types\/product"}],"replies":[{"embeddable":true,"href":"https:\/\/www.mkreborns.com\/sl\/wp-json\/wp\/v2\/comments?post=4165"}],"wp:featuredmedia":[{"embeddable":true,"href":"https:\/\/www.mkreborns.com\/sl\/wp-json\/wp\/v2\/media\/4167"}],"wp:attachment":[{"href":"https:\/\/www.mkreborns.com\/sl\/wp-json\/wp\/v2\/media?parent=4165"}],"wp:term":[{"taxonomy":"product_brand","embeddable":true,"href":"https:\/\/www.mkreborns.com\/sl\/wp-json\/wp\/v2\/product_brand?post=4165"},{"taxonomy":"product_cat","embeddable":true,"href":"https:\/\/www.mkreborns.com\/sl\/wp-json\/wp\/v2\/product_cat?post=4165"},{"taxonomy":"product_tag","embeddable":true,"href":"https:\/\/www.mkreborns.com\/sl\/wp-json\/wp\/v2\/product_tag?post=4165"}],"curies":[{"name":"delovni list","href":"https:\/\/api.w.org\/{rel}","templated":true}]}}