{"id":4094,"date":"2026-03-19T02:43:43","date_gmt":"2026-03-19T02:43:43","guid":{"rendered":"https:\/\/www.mkreborns.com\/?post_type=product&#038;p=4094"},"modified":"2026-03-19T15:52:52","modified_gmt":"2026-03-19T15:52:52","slug":"reborn-baby-doll-magnetic-pacifier-realistic-fit","status":"publish","type":"product","link":"https:\/\/www.mkreborns.com\/sl\/product\/reborn-baby-doll-magnetic-pacifier-realistic-fit\/","title":{"rendered":"Magnetna duda za reborn otro\u0161ke lutke z realisti\u010dnim prileganjem"},"content":{"rendered":"<h2>Reborn otro\u0161ka lutka magnetni dudek<\/h2>\n<div>Magnetna duda za pun\u010dko Reborn je zasnovana tako, da ustvari prepri\u010dljivo in naravno interakcijo med pun\u010dko in njenimi dodatki. Ta duda je izdelana za zdru\u017eljivost z novorojen\u010dki z magnetnimi dudami in se brezhibno pritrdi na pun\u010dke, opremljene z notranjimi magneti. Njena uravnote\u017eena struktura zagotavlja pravilno poravnavo brez premikanja in ohranja realisti\u010den videz.<\/div>\n<h3>Varna pritrditev in realisti\u010dne podrobnosti<\/h3>\n<div>Ta duda ima vgrajeno magnetno jedro, ki omogo\u010da enostavno namestitev in odstranitev, hkrati pa ohranja stabilnost. \u0160e posebej je primerna za realisti\u010dne pun\u010dke reborn, ki lahko sprejmejo prave dude, kar zagotavlja vizualno natan\u010den polo\u017eaj za hranjenje ali pomirjanje. Gladka zunanja povr\u0161ina zagotavlja varno rokovanje in prefinjen videz.<\/div>\n<h3>Klju\u010dne lastnosti in prednosti<\/h3>\n<ul>\n<li>Mo\u010dan notranji magnet za stabilno pozicioniranje<\/li>\n<li>Zasnovano za novorojen\u010dka in pun\u010dko reborn z magnetno dudo<\/li>\n<li>Zdru\u017eljivo z realisti\u010dnimi prerojenimi pun\u010dkami, ki lahko sprejmejo prave dude<\/li>\n<li>Lahka konstrukcija za naravno namestitev<\/li>\n<li>Trpe\u017een material za ve\u010dkratno uporabo<\/li>\n<\/ul>\n<div>Ta dodatek izbolj\u0161a celoten realizem va\u0161e zbirke, zaradi \u010desar je nepogre\u0161ljiv dodatek za zbiratelje, ki i\u0161\u010dejo visokokakovostno magnetno dudo za pun\u010dko Reborn.<\/div>\n<div>Magnetna duda, nujno potrebna za preporoda! Z njo lahko pun\u010dka (zaprta usta) sesa dudo! Najprej pa mora biti magnet v pun\u010dkinih ustih.<\/div>\n<div>Velikost: kot ka\u017eejo fotografije<\/div>\n<div>Paket vklju\u010duje: 1 kos<\/div>\n<div class=\"detailmodule_image\"><img decoding=\"async\" class=\"detail-desc-decorate-image\" src=\"https:\/\/www.mkreborns.com\/wp-content\/uploads\/2026\/03\/kf-S57fdc27edc6e45fd90840739bcbc10bdK.webp\" alt=\"\" title=\"\"><img decoding=\"async\" class=\"detail-desc-decorate-image\" src=\"https:\/\/www.mkreborns.com\/wp-content\/uploads\/2026\/03\/kf-Scd0b0263191840aca2c6d9d9092853bb8.webp\" alt=\"\" title=\"\"><img decoding=\"async\" class=\"detail-desc-decorate-image\" src=\"https:\/\/www.mkreborns.com\/wp-content\/uploads\/2026\/03\/kf-Sad85ad6e0e2e4333b9ffe757ec183004e.webp\" alt=\"\" title=\"\"><img decoding=\"async\" class=\"detail-desc-decorate-image\" src=\"https:\/\/www.mkreborns.com\/wp-content\/uploads\/2026\/03\/kf-Sca74611577a2480781484c8c07bd4ff2F.webp\" alt=\"\" title=\"\"><img decoding=\"async\" class=\"detail-desc-decorate-image\" src=\"https:\/\/www.mkreborns.com\/wp-content\/uploads\/2026\/03\/kf-Sa13d45d1c7c54ba29181db819686fb23X.webp\" alt=\"\" title=\"\"><img decoding=\"async\" class=\"detail-desc-decorate-image\" src=\"https:\/\/www.mkreborns.com\/wp-content\/uploads\/2026\/03\/kf-S5499cdc26d4a40e9903777a859be4f1eP.webp\" alt=\"\" title=\"\"><img decoding=\"async\" class=\"detail-desc-decorate-image\" src=\"https:\/\/www.mkreborns.com\/wp-content\/uploads\/2026\/03\/kf-S11408845c0cb4f4193474b5608f40c9fI.webp\" alt=\"\" title=\"\"><img decoding=\"async\" class=\"detail-desc-decorate-image\" src=\"https:\/\/www.mkreborns.com\/wp-content\/uploads\/2026\/03\/kf-S0113e3dd80594293b07c453364e8fb07i.webp\" alt=\"\" title=\"\"><\/div>","protected":false},"excerpt":{"rendered":"<p>Natan\u010dno izdelana magnetna duda, zasnovana za pove\u010danje realizma, ki ponuja varno in naravno prileganje za zdru\u017eljive pun\u010dke Reborn.<\/p>","protected":false},"featured_media":4095,"comment_status":"open","ping_status":"closed","template":"","meta":[],"product_brand":[],"product_cat":[162,148],"product_tag":[],"class_list":{"0":"post-4094","1":"product","2":"type-product","3":"status-publish","4":"has-post-thumbnail","6":"product_cat-reborn-pacifier","7":"product_cat-reborn-doll-accessories","9":"first","10":"instock","11":"sale","12":"shipping-taxable","13":"purchasable","14":"product-type-variable"},"_links":{"self":[{"href":"https:\/\/www.mkreborns.com\/sl\/wp-json\/wp\/v2\/product\/4094","targetHints":{"allow":["GET"]}}],"collection":[{"href":"https:\/\/www.mkreborns.com\/sl\/wp-json\/wp\/v2\/product"}],"about":[{"href":"https:\/\/www.mkreborns.com\/sl\/wp-json\/wp\/v2\/types\/product"}],"replies":[{"embeddable":true,"href":"https:\/\/www.mkreborns.com\/sl\/wp-json\/wp\/v2\/comments?post=4094"}],"wp:featuredmedia":[{"embeddable":true,"href":"https:\/\/www.mkreborns.com\/sl\/wp-json\/wp\/v2\/media\/4095"}],"wp:attachment":[{"href":"https:\/\/www.mkreborns.com\/sl\/wp-json\/wp\/v2\/media?parent=4094"}],"wp:term":[{"taxonomy":"product_brand","embeddable":true,"href":"https:\/\/www.mkreborns.com\/sl\/wp-json\/wp\/v2\/product_brand?post=4094"},{"taxonomy":"product_cat","embeddable":true,"href":"https:\/\/www.mkreborns.com\/sl\/wp-json\/wp\/v2\/product_cat?post=4094"},{"taxonomy":"product_tag","embeddable":true,"href":"https:\/\/www.mkreborns.com\/sl\/wp-json\/wp\/v2\/product_tag?post=4094"}],"curies":[{"name":"delovni list","href":"https:\/\/api.w.org\/{rel}","templated":true}]}}