{"id":4043,"date":"2026-03-18T15:39:40","date_gmt":"2026-03-18T15:39:40","guid":{"rendered":"https:\/\/www.mkreborns.com\/?post_type=product&#038;p=4043"},"modified":"2026-04-03T16:02:07","modified_gmt":"2026-04-03T16:02:07","slug":"complete-reborn-doll-kit-starter-sets-accessories","status":"publish","type":"product","link":"https:\/\/www.mkreborns.com\/sl\/product\/complete-reborn-doll-kit-starter-sets-accessories\/","title":{"rendered":"Celotni za\u010detni kompleti dodatkov za reborn lutke"},"content":{"rendered":"<div class=\"product-specs-list-container\">\n<h2>Komplet za za\u010detnike za pun\u010dke Reborn<\/h2>\n<div>Kompleti za za\u010detnike za pun\u010dke Reborn ponujajo prakti\u010dno osnovo za zbiratelje, ki i\u0161\u010dejo celovito in realisti\u010dno postavitev. Ta izbrani paket vklju\u010duje bistvene dodatke za pun\u010dke Reborn, kot so stekleni\u010dke za hranjenje, dude in miniaturni pripomo\u010dki za nego, vse prilagojeno 45-centimetrskim pun\u010dkam. Vsaka komponenta podpira dosledno estetiko, hkrati pa ohranja enostavno uporabo tako za razstavljanje kot za rokovanje.<\/div>\n<h3>Funkcionalno oblikovanje in skladen slog<\/h3>\n<div>Ti silikonski dodatki za pun\u010dke Reborn so zasnovani za zdru\u017eljivost in se gladko integrirajo z razli\u010dnimi vrstami pun\u010dk, vklju\u010dno z vinilnimi in silikonskimi oblikami. Materiali so lahki, a hkrati trpe\u017eni, kar zagotavlja dolgotrajno uporabnost. Kot del dodatkov za pun\u010dke Reborn, ki so naprodaj, ta komplet uravnote\u017ei cenovno dostopnost z natan\u010dnostjo detajlov, zaradi \u010desar je primeren za zbiratelje razli\u010dnih ravni.<\/div>\n<h3>Klju\u010dne lastnosti in prednosti<\/h3>\n<ul>\n<li>Vklju\u010duje ve\u010d kompletov dodatkov za reborn otro\u0161ke lutke v enem paketu<\/li>\n<li>Zasnovano za reborn pun\u010dke velikosti 43 cm \/ 18 palcev<\/li>\n<li>Trpe\u017ena plastika in mehke komponente za ve\u010dkratno uporabo<\/li>\n<li>Stro\u0161kovno u\u010dinkovita mo\u017enost med poceni dodatki za reborn otro\u0161ke lutke<\/li>\n<li>Zdru\u017eljivo s silikonskimi dodatki za pun\u010dke Reborn<\/li>\n<\/ul>\n<div>Ta vsestranski paket poenostavlja nastavitev in hkrati pove\u010duje realizem, zaradi \u010desar je nepogre\u0161ljiv dodatek za zbiratelje, ki i\u0161\u010dejo popolne za\u010detne komplete za pun\u010dke Reborn.<\/div>\n<\/div>\n<p><img decoding=\"async\" src=\"https:\/\/ae01.alicdn.com\/kf\/S2ac0c07b28bc4ac8bbc8ec1493f5eca1O.jpg\" alt=\"\" title=\"\"><img decoding=\"async\" src=\"https:\/\/ae01.alicdn.com\/kf\/S6441869820c0453aba5911026275c27ep.jpg\" alt=\"\" title=\"\"><img decoding=\"async\" src=\"https:\/\/ae01.alicdn.com\/kf\/S5ab5abe146bb48fa9a94c8997f2c7ee4Q.jpg\" alt=\"\" title=\"\"><img decoding=\"async\" src=\"https:\/\/ae01.alicdn.com\/kf\/S3be2280f24a34965835a8ce1a38fd957R.jpg\" alt=\"\" title=\"\"><img decoding=\"async\" src=\"https:\/\/ae01.alicdn.com\/kf\/S6fe7d906696141b0ab07dde1e6e5908aw.jpg\" alt=\"\" title=\"\"><img decoding=\"async\" src=\"https:\/\/ae01.alicdn.com\/kf\/S3c5d9ee971ad4bd78e12de7dc8cd6ea2u.jpg\" alt=\"\" title=\"\"><img decoding=\"async\" src=\"https:\/\/ae01.alicdn.com\/kf\/Sebfcb2540dcf40888a721f47209f1862r.jpg\" alt=\"\" title=\"\"><img decoding=\"async\" src=\"https:\/\/ae01.alicdn.com\/kf\/S11f70586ef5d40829a72c2d3c3839908x.jpg\" alt=\"\" title=\"\"><img decoding=\"async\" src=\"https:\/\/ae01.alicdn.com\/kf\/Sa441d5ba97b64c05b54233527ce711d4p.jpg\" alt=\"\" title=\"\"><img decoding=\"async\" src=\"https:\/\/ae01.alicdn.com\/kf\/S33ea08f4b52549eaba6ec4b300eb133en.jpg\" alt=\"\" title=\"\"><img decoding=\"async\" src=\"https:\/\/ae01.alicdn.com\/kf\/Sfe1a1140e2f84221af639b7f50630a7e8.jpg\" alt=\"\" title=\"\"><img decoding=\"async\" src=\"https:\/\/ae01.alicdn.com\/kf\/S81d555bccfea4f4a85ffddd12ce9000aE.jpg\" alt=\"\" title=\"\"><img decoding=\"async\" src=\"https:\/\/ae01.alicdn.com\/kf\/S486e610f959b4b88b28666d56447564f4.jpg\" alt=\"\" title=\"\"><img decoding=\"async\" src=\"https:\/\/ae01.alicdn.com\/kf\/Sfa43f26ea86e4e08913ebcf4b01e20202.jpg\" alt=\"\" title=\"\"><img decoding=\"async\" src=\"https:\/\/ae01.alicdn.com\/kf\/S2382dce1c04247f0b0299b7f841cce3dk.jpg\" alt=\"\" title=\"\"><\/p>","protected":false},"excerpt":{"rendered":"<p>Vsestranski za\u010detni komplet, zasnovan za opremljanje va\u0161e prerojene lutke z bistvenimi dodatki, ki izbolj\u0161ajo realizem in vsakodnevni videz.<\/p>","protected":false},"featured_media":4044,"comment_status":"open","ping_status":"closed","template":"","meta":[],"product_brand":[],"product_cat":[148],"product_tag":[],"class_list":{"0":"post-4043","1":"product","2":"type-product","3":"status-publish","4":"has-post-thumbnail","6":"product_cat-reborn-doll-accessories","8":"first","9":"instock","10":"sale","11":"shipping-taxable","12":"purchasable","13":"product-type-variable","14":"has-default-attributes"},"_links":{"self":[{"href":"https:\/\/www.mkreborns.com\/sl\/wp-json\/wp\/v2\/product\/4043","targetHints":{"allow":["GET"]}}],"collection":[{"href":"https:\/\/www.mkreborns.com\/sl\/wp-json\/wp\/v2\/product"}],"about":[{"href":"https:\/\/www.mkreborns.com\/sl\/wp-json\/wp\/v2\/types\/product"}],"replies":[{"embeddable":true,"href":"https:\/\/www.mkreborns.com\/sl\/wp-json\/wp\/v2\/comments?post=4043"}],"wp:featuredmedia":[{"embeddable":true,"href":"https:\/\/www.mkreborns.com\/sl\/wp-json\/wp\/v2\/media\/4044"}],"wp:attachment":[{"href":"https:\/\/www.mkreborns.com\/sl\/wp-json\/wp\/v2\/media?parent=4043"}],"wp:term":[{"taxonomy":"product_brand","embeddable":true,"href":"https:\/\/www.mkreborns.com\/sl\/wp-json\/wp\/v2\/product_brand?post=4043"},{"taxonomy":"product_cat","embeddable":true,"href":"https:\/\/www.mkreborns.com\/sl\/wp-json\/wp\/v2\/product_cat?post=4043"},{"taxonomy":"product_tag","embeddable":true,"href":"https:\/\/www.mkreborns.com\/sl\/wp-json\/wp\/v2\/product_tag?post=4043"}],"curies":[{"name":"delovni list","href":"https:\/\/api.w.org\/{rel}","templated":true}]}}