{"id":4029,"date":"2026-03-18T15:28:55","date_gmt":"2026-03-18T15:28:55","guid":{"rendered":"https:\/\/www.mkreborns.com\/?post_type=product&#038;p=4029"},"modified":"2026-03-19T15:51:56","modified_gmt":"2026-03-19T15:51:56","slug":"17-18-inch-reborn-doll-feeding-pacifier-accessories","status":"publish","type":"product","link":"https:\/\/www.mkreborns.com\/sl\/product\/17-18-inch-reborn-doll-feeding-pacifier-accessories\/","title":{"rendered":"Dodatki za dudo za hranjenje prerojenih pun\u010dk velikosti 17-18 palcev"},"content":{"rendered":"<div class=\"product-specs-list-container\"><\/div>\n<div class=\"detailmodule_html\">\n<div class=\"detail-desc-decorate-richtext\">\n<h2>Dodatki za reborn lutke z stekleni\u010dkami brez luknje<\/h2>\n<div>Dodatki za pun\u010dke Reborn v obliki cucljev brez luknjic so izdelani tako, da posnemajo pristne rutine hranjenja dojen\u010dkov, hkrati pa ohranjajo integriteto pun\u010dke. Ta komplet vklju\u010duje skrbno oblikovane stekleni\u010dke, mehke silikonske konice in usklajene dele, ki dopolnjujejo slog kompleta dud za pun\u010dke Reborn. Dodatki so zasnovani za zbiratelje, ki dajejo prednost realizmu, in ustvarjajo realisti\u010den vtis nege, ne da bi bilo treba lutki prilagoditi njeno strukturo.<\/div>\n<h3>Varna silikonska zasnova in realisti\u010dni detajli<\/h3>\n<div>Prilo\u017eene silikonske cuclje brez luknjic za nedono\u0161en\u010dke za pun\u010dke Reborn imajo zaprto konico, kar prepre\u010duje pretok teko\u010dine, hkrati pa ohranja vizualno pristnost. Vsaka komponenta je proporcionalno prilagojena pun\u010dkam velikosti 47-46 cm, kar zagotavlja naravno prileganje pri hranjenju ali razstavljanju.<\/div>\n<h3>Klju\u010dne lastnosti in prednosti<\/h3>\n<ul>\n<li>Vklju\u010duje stekleni\u010dke za hranjenje in komplet dud za pun\u010dke Reborn<\/li>\n<li>Zaprta konica za varno simulacijo hranjenja brez funkcij<\/li>\n<li>Izdelano iz mehkega silikona za realisti\u010dno teksturo<\/li>\n<li>Zdru\u017eljivo z reborn lutkami velikosti 17-18 palcev<\/li>\n<li>Idealno za uporabo s silikonskimi cucljami brez luknjic za nedono\u0161en\u010dke za pun\u010dke Reborn.<\/li>\n<\/ul>\n<div>Ta premi\u0161ljeno sestavljen komplet izbolj\u0161a vizualno pripovedovanje zgodb in zbirateljsko vrednost, zaradi \u010desar je zanesljiva izbira za vse, ki i\u0161\u010dejo dodatke za pun\u010dke Reborn, kot so cuclji brez luknjic.<\/div>\n<p><img decoding=\"async\" src=\"https:\/\/www.mkreborns.com\/wp-content\/uploads\/2026\/03\/kf-S821bc0c09e4b42a393cbbc2780b410d4P.webp\" alt=\"\" title=\"\"><img decoding=\"async\" src=\"https:\/\/www.mkreborns.com\/wp-content\/uploads\/2026\/03\/kf-S3ddca035184249b39a97908487b4d497n.webp\" alt=\"\" title=\"\"><img decoding=\"async\" src=\"https:\/\/www.mkreborns.com\/wp-content\/uploads\/2026\/03\/kf-Se4f5ae05ae6f4ec4a8ef9889288959d4L.webp\" alt=\"\" title=\"\"><img decoding=\"async\" src=\"https:\/\/www.mkreborns.com\/wp-content\/uploads\/2026\/03\/kf-S63a5bb887a674b8ab8ce2a3c3e8dc6den.webp\" alt=\"\" title=\"\"><span style=\"font-size: 18px;\"><strong>Majhna roza velikost:<\/strong><\/span><img decoding=\"async\" src=\"https:\/\/www.mkreborns.com\/wp-content\/uploads\/2026\/03\/kf-S5937a950d18c457d9632bc051f5569f9r.webp\" alt=\"\" title=\"\"><\/p>\n<p><span style=\"font-size: 18px;\"><strong>Majhna velikost modre barve:<\/strong><\/span><img decoding=\"async\" src=\"https:\/\/www.mkreborns.com\/wp-content\/uploads\/2026\/03\/kf-Scbcae8c5f5a14ec8ac5007fdc863b93cg.webp\" alt=\"\" title=\"\"><img decoding=\"async\" src=\"https:\/\/www.mkreborns.com\/wp-content\/uploads\/2026\/03\/kf-S5e160258b8954f42a85e81b8690efd27l.webp\" alt=\"\" title=\"\"><img decoding=\"async\" src=\"https:\/\/www.mkreborns.com\/wp-content\/uploads\/2026\/03\/kf-Sb8e5eb1c653f4d77bd66c73376d647894.webp\" alt=\"\" title=\"\"><img decoding=\"async\" src=\"https:\/\/www.mkreborns.com\/wp-content\/uploads\/2026\/03\/kf-S42bdf04560824f58a60c86c965c4d3f5Q.webp\" alt=\"\" title=\"\"><img decoding=\"async\" src=\"https:\/\/www.mkreborns.com\/wp-content\/uploads\/2026\/03\/kf-Sf8bed42865e04064a00206620943d9dfR.webp\" alt=\"\" title=\"\"><img decoding=\"async\" src=\"https:\/\/www.mkreborns.com\/wp-content\/uploads\/2026\/03\/kf-S419dce937a6049f997aa62428da2071dR.webp\" alt=\"Pripomo\u010dki za hranjenje za pun\u010dke Reborn, vklju\u010dno s stekleni\u010dko za dojen\u010dke, dudo in pripomo\u010dki za hranjenje.\" title=\"\"><\/p>\n<\/div>\n<\/div>","protected":false},"excerpt":{"rendered":"<div>Popoln komplet pripomo\u010dkov za hranjenje, zasnovan za 17-18-pal\u010dne reborn pun\u010dke, ki zdru\u017euje realizem, varnost in ne\u017ene detajle v enem kompaktnem kompletu.<\/div>","protected":false},"featured_media":4030,"comment_status":"open","ping_status":"closed","template":"","meta":[],"product_brand":[],"product_cat":[148,162],"product_tag":[],"class_list":{"0":"post-4029","1":"product","2":"type-product","3":"status-publish","4":"has-post-thumbnail","6":"product_cat-reborn-doll-accessories","7":"product_cat-reborn-pacifier","9":"first","10":"instock","11":"sale","12":"shipping-taxable","13":"purchasable","14":"product-type-variable","15":"has-default-attributes"},"_links":{"self":[{"href":"https:\/\/www.mkreborns.com\/sl\/wp-json\/wp\/v2\/product\/4029","targetHints":{"allow":["GET"]}}],"collection":[{"href":"https:\/\/www.mkreborns.com\/sl\/wp-json\/wp\/v2\/product"}],"about":[{"href":"https:\/\/www.mkreborns.com\/sl\/wp-json\/wp\/v2\/types\/product"}],"replies":[{"embeddable":true,"href":"https:\/\/www.mkreborns.com\/sl\/wp-json\/wp\/v2\/comments?post=4029"}],"wp:featuredmedia":[{"embeddable":true,"href":"https:\/\/www.mkreborns.com\/sl\/wp-json\/wp\/v2\/media\/4030"}],"wp:attachment":[{"href":"https:\/\/www.mkreborns.com\/sl\/wp-json\/wp\/v2\/media?parent=4029"}],"wp:term":[{"taxonomy":"product_brand","embeddable":true,"href":"https:\/\/www.mkreborns.com\/sl\/wp-json\/wp\/v2\/product_brand?post=4029"},{"taxonomy":"product_cat","embeddable":true,"href":"https:\/\/www.mkreborns.com\/sl\/wp-json\/wp\/v2\/product_cat?post=4029"},{"taxonomy":"product_tag","embeddable":true,"href":"https:\/\/www.mkreborns.com\/sl\/wp-json\/wp\/v2\/product_tag?post=4029"}],"curies":[{"name":"delovni list","href":"https:\/\/api.w.org\/{rel}","templated":true}]}}