{"id":4022,"date":"2026-03-18T14:54:54","date_gmt":"2026-03-18T14:54:54","guid":{"rendered":"https:\/\/www.mkreborns.com\/?post_type=product&#038;p=4022"},"modified":"2026-03-18T14:58:05","modified_gmt":"2026-03-18T14:58:05","slug":"beret-hat-accessories-for-18-inch-reborn-dolls","status":"publish","type":"product","link":"https:\/\/www.mkreborns.com\/sl\/product\/beret-hat-accessories-for-18-inch-reborn-dolls\/","title":{"rendered":"Dodatki za baretke za 18-pal\u010dne prerojene pun\u010dke"},"content":{"rendered":"<div class=\"product-specs-list-container\">\n<h2>Dodatki za baretke za 18-pal\u010dne prerojene pun\u010dke<\/h2>\n<div>Dodatki v obliki baretke, zasnovani za 45 cm velike reborn pun\u010dke, v vsako kolekcijo vnesejo subtilen vintage pridih. Ta kos se naravno integrira z obla\u010dili in dodatki za reborn pun\u010dke, kar ustvarja uravnote\u017een in realisti\u010den videz. Njegova lahka konstrukcija zagotavlja ne\u017eno prileganje, ki ne moti oblikovane glave ali ukoreninjenih las pun\u010dke.<\/div>\n<h3>Mehka konstrukcija in vsestransko oblikovanje<\/h3>\n<div>Ta baretka, izdelana iz pro\u017ene tkanine, se gladko prilagodi razli\u010dnim oblikam glave pun\u010dke. Brez te\u017eav se poda k oblekam, le\u017eernim obla\u010dilom ali sezonskim videzom, zaradi \u010desar je prakti\u010den dodatek za zbiratelje, ki i\u0161\u010dejo poceni dodatke za pun\u010dke reborn, ne da bi pri tem \u017ertvovali vizualno privla\u010dnost.<\/div>\n<h3>Klju\u010dne lastnosti in prednosti<\/h3>\n<ul>\n<li>Zasnovano za reborn pun\u010dke velikosti 43 cm \/ 18 palcev<\/li>\n<li>Mehka in zra\u010dna tkanina za naraven polo\u017eaj<\/li>\n<li>Enostavna namestitev in odstranitev brez trenja<\/li>\n<li>Ujema se z obla\u010dili in dodatki za Reborn pun\u010dko velikosti 45 cm<\/li>\n<li>Cenovno ugodna mo\u017enost med poceni dodatki za pun\u010dke Reborn<\/li>\n<\/ul>\n<div>Ta skrbno izdelan dodatek doda prefinjen zaklju\u010dek vsaki obleki, zaradi \u010desar je nepogre\u0161ljiva izbira za zbiratelje, ki i\u0161\u010dejo visokokakovostne dodatke za baretke.<\/div>\n<\/div>\n<p style=\"text-align: center;\" align=\"center\"><img decoding=\"async\" src=\"https:\/\/www.mkreborns.com\/wp-content\/uploads\/2026\/03\/kf-S6afc882157754df2a7cdf6e03c49de1dD.webp\" alt=\"Roza baretka z okraskom v obliki srca, idealna za dodatke za 45-centimetrske reborn pun\u010dke.\" title=\"\"> <img decoding=\"async\" src=\"https:\/\/www.mkreborns.com\/wp-content\/uploads\/2026\/03\/kf-S1e6e65c4b7ed47649fa13a93bda092d6j.webp\" alt=\"Baretka za 45-centimetrske reborn pun\u010dke, kot nala\u0161\u010d za dodajanje \u0161arma in stila.\" title=\"\"> <img decoding=\"async\" src=\"https:\/\/www.mkreborns.com\/wp-content\/uploads\/2026\/03\/kf-Sd73259d6bac34199ad5afcf29fe5670eG.webp\" alt=\"Roza baretka v obliki klobuka za 45-centimetrske reborn pun\u010dke, idealna za dodajanje ljubkega pridiha obla\u010dilom za pun\u010dke.\" title=\"\"><\/p>","protected":false},"excerpt":{"rendered":"<div>Mehka baretka, zasnovana tako, da se odli\u010dno poda k 45-centimetrskim prerojenim pun\u010dkam in doda prefinjen \u010dar in zna\u010daj vsaki lutki.<\/div>","protected":false},"featured_media":4023,"comment_status":"open","ping_status":"closed","template":"","meta":[],"product_brand":[],"product_cat":[159,148],"product_tag":[],"class_list":{"0":"post-4022","1":"product","2":"type-product","3":"status-publish","4":"has-post-thumbnail","6":"product_cat-clothes-for-reborn-dolls","7":"product_cat-reborn-doll-accessories","9":"first","10":"instock","11":"sale","12":"shipping-taxable","13":"purchasable","14":"product-type-variable"},"_links":{"self":[{"href":"https:\/\/www.mkreborns.com\/sl\/wp-json\/wp\/v2\/product\/4022","targetHints":{"allow":["GET"]}}],"collection":[{"href":"https:\/\/www.mkreborns.com\/sl\/wp-json\/wp\/v2\/product"}],"about":[{"href":"https:\/\/www.mkreborns.com\/sl\/wp-json\/wp\/v2\/types\/product"}],"replies":[{"embeddable":true,"href":"https:\/\/www.mkreborns.com\/sl\/wp-json\/wp\/v2\/comments?post=4022"}],"wp:featuredmedia":[{"embeddable":true,"href":"https:\/\/www.mkreborns.com\/sl\/wp-json\/wp\/v2\/media\/4023"}],"wp:attachment":[{"href":"https:\/\/www.mkreborns.com\/sl\/wp-json\/wp\/v2\/media?parent=4022"}],"wp:term":[{"taxonomy":"product_brand","embeddable":true,"href":"https:\/\/www.mkreborns.com\/sl\/wp-json\/wp\/v2\/product_brand?post=4022"},{"taxonomy":"product_cat","embeddable":true,"href":"https:\/\/www.mkreborns.com\/sl\/wp-json\/wp\/v2\/product_cat?post=4022"},{"taxonomy":"product_tag","embeddable":true,"href":"https:\/\/www.mkreborns.com\/sl\/wp-json\/wp\/v2\/product_tag?post=4022"}],"curies":[{"name":"delovni list","href":"https:\/\/api.w.org\/{rel}","templated":true}]}}