{"id":4000,"date":"2026-03-18T14:46:48","date_gmt":"2026-03-18T14:46:48","guid":{"rendered":"https:\/\/www.mkreborns.com\/?post_type=product&#038;p=4000"},"modified":"2026-03-19T15:52:09","modified_gmt":"2026-03-19T15:52:09","slug":"american-girl-doll-clothes-fit-18-inch-reborns-set","status":"publish","type":"product","link":"https:\/\/www.mkreborns.com\/sl\/product\/american-girl-doll-clothes-fit-18-inch-reborns-set\/","title":{"rendered":"Obla\u010dila za ameri\u0161ko deklico primerno za 18-pal\u010dne reborn lutke komplet"},"content":{"rendered":"<div class=\"product-specs-list-container\">\n<h2>Obla\u010dila za pun\u010dke American Girl, primerna za reborne<\/h2>\n<div>Obla\u010dila za pun\u010dke American Girl se izjemno natan\u010dno prilegajo prerojenim pun\u010dkam, kar zagotavlja zdru\u017eljivost z 45-centimetrskimi pun\u010dkami, ki sledijo realisti\u010dnim proporcem. Ta obla\u010dila so strukturirana tako, da se ujemajo s telesi platnenih pun\u010dk Reborn v novih stilih in ponujajo uravnote\u017eeno silhueto, ki poudarja pristnost. Ne glede na to, ali so oblikovana za razstavljanje ali ne\u017eno ravnanje, vsak kos odra\u017ea premi\u0161ljeno izdelavo.<\/div>\n<h3>Prilagojena zasnova in celovitost materialov<\/h3>\n<div>Ti ro\u010dno izdelani kompleti obla\u010dil za pun\u010dke Reborn so izdelani iz mehke, a hkrati pro\u017ene tkanine in ohranjajo strukturo, ne da bi bili togi. \u0160ivi sledijo anatomskim oblikam, kar omogo\u010da, da se obla\u010dilo naravno prilega okvirju pun\u010dke. To zagotavlja tako vizualno natan\u010dnost kot dolgoro\u010dno uporabnost.<\/div>\n<h3>Klju\u010dne lastnosti in prednosti<\/h3>\n<ul>\n<li>Zasnovano tako, da se natan\u010dno prilega otrokom velikosti 43 cm \/ 18 palcev<\/li>\n<li>Primerno tako za obla\u010dila za pun\u010dke Reborn za fantka kot tudi za nevtralne stile<\/li>\n<li>Oja\u010dani \u0161ivi za dalj\u0161o vzdr\u017eljivost<\/li>\n<li>Lahka tekstilija za udobno rokovanje<\/li>\n<li>Zdru\u017eljivo z novimi modeli teles prerojenih pun\u010dk iz blaga<\/li>\n<\/ul>\n<div>Z ravnovesjem strukture in mehkobe ta komplet obla\u010dil doda globino in realizem vsaki zbirki, zaradi \u010desar je zanesljiva izbira za zbiratelje, ki i\u0161\u010dejo obla\u010dila za pun\u010dke American Girl, primerna za prerojene.<\/div>\n<div><\/div>\n<\/div>\n<div class=\"detailmodule_html\">\n<div class=\"detail-desc-decorate-richtext\">\n<p style=\"text-align: center; margin: 0px;\" align=\"center\"><img decoding=\"async\" src=\"https:\/\/www.mkreborns.com\/wp-content\/uploads\/2026\/03\/kf-Sbb815d83d55a42c6b75a953932f9eec9r.webp\" alt=\"\" title=\"\"><img decoding=\"async\" src=\"https:\/\/www.mkreborns.com\/wp-content\/uploads\/2026\/03\/kf-Sc2b352c412684bd7acc6bb9bcdf0c927X.webp\" alt=\"\" title=\"\"><img decoding=\"async\" src=\"https:\/\/www.mkreborns.com\/wp-content\/uploads\/2026\/03\/kf-S359e5961003a4ef683ca7929699e081fB.webp\" alt=\"\" title=\"\"><img decoding=\"async\" src=\"https:\/\/www.mkreborns.com\/wp-content\/uploads\/2026\/03\/kf-Scc518a1bba6e434daac8f2dece7ee61fs.webp\" alt=\"\" title=\"\"><img decoding=\"async\" src=\"https:\/\/www.mkreborns.com\/wp-content\/uploads\/2026\/03\/kf-S5c9fd673d94b407495c1b13241048299B.webp\" alt=\"\" title=\"\"><img decoding=\"async\" src=\"https:\/\/www.mkreborns.com\/wp-content\/uploads\/2026\/03\/kf-S4b118a05358c496d84bb2426874d92c8u.webp\" alt=\"\" title=\"\"><img decoding=\"async\" src=\"https:\/\/www.mkreborns.com\/wp-content\/uploads\/2026\/03\/kf-S41958fdfe8b14b4481003fedf9275197D.webp\" alt=\"\" title=\"\"><img decoding=\"async\" src=\"https:\/\/www.mkreborns.com\/wp-content\/uploads\/2026\/03\/kf-Sb7de3410d1f5466194271c86cc3b11047.webp\" alt=\"\" title=\"\"><img decoding=\"async\" src=\"https:\/\/www.mkreborns.com\/wp-content\/uploads\/2026\/03\/kf-Sf2d8e29dcfbb4426a9b5e0f048bc41bbl.webp\" alt=\"\" title=\"\"><img decoding=\"async\" src=\"https:\/\/www.mkreborns.com\/wp-content\/uploads\/2026\/03\/kf-S87f2002a343949f78d65c595eb6297c7W.webp\" alt=\"\" title=\"\"><img decoding=\"async\" src=\"https:\/\/www.mkreborns.com\/wp-content\/uploads\/2026\/03\/kf-Se889b72926b445a58aea59fc7b6b49b5L.webp\" alt=\"\" title=\"\"><\/p>\n<\/div>\n<\/div>","protected":false},"excerpt":{"rendered":"<div>Skrbno krojena obla\u010dila, zasnovana za 45-centimetrske prerojene otroke, ki zdru\u017eujejo klasi\u010den stil z mehkimi materiali za prefinjen in realisti\u010den videz.<\/div>","protected":false},"featured_media":4001,"comment_status":"open","ping_status":"closed","template":"","meta":[],"product_brand":[],"product_cat":[159,148],"product_tag":[],"class_list":{"0":"post-4000","1":"product","2":"type-product","3":"status-publish","4":"has-post-thumbnail","6":"product_cat-clothes-for-reborn-dolls","7":"product_cat-reborn-doll-accessories","9":"first","10":"instock","11":"sale","12":"shipping-taxable","13":"purchasable","14":"product-type-variable","15":"has-default-attributes"},"_links":{"self":[{"href":"https:\/\/www.mkreborns.com\/sl\/wp-json\/wp\/v2\/product\/4000","targetHints":{"allow":["GET"]}}],"collection":[{"href":"https:\/\/www.mkreborns.com\/sl\/wp-json\/wp\/v2\/product"}],"about":[{"href":"https:\/\/www.mkreborns.com\/sl\/wp-json\/wp\/v2\/types\/product"}],"replies":[{"embeddable":true,"href":"https:\/\/www.mkreborns.com\/sl\/wp-json\/wp\/v2\/comments?post=4000"}],"wp:featuredmedia":[{"embeddable":true,"href":"https:\/\/www.mkreborns.com\/sl\/wp-json\/wp\/v2\/media\/4001"}],"wp:attachment":[{"href":"https:\/\/www.mkreborns.com\/sl\/wp-json\/wp\/v2\/media?parent=4000"}],"wp:term":[{"taxonomy":"product_brand","embeddable":true,"href":"https:\/\/www.mkreborns.com\/sl\/wp-json\/wp\/v2\/product_brand?post=4000"},{"taxonomy":"product_cat","embeddable":true,"href":"https:\/\/www.mkreborns.com\/sl\/wp-json\/wp\/v2\/product_cat?post=4000"},{"taxonomy":"product_tag","embeddable":true,"href":"https:\/\/www.mkreborns.com\/sl\/wp-json\/wp\/v2\/product_tag?post=4000"}],"curies":[{"name":"delovni list","href":"https:\/\/api.w.org\/{rel}","templated":true}]}}