{"id":3914,"date":"2026-03-18T13:49:16","date_gmt":"2026-03-18T13:49:16","guid":{"rendered":"https:\/\/www.mkreborns.com\/?post_type=product&#038;p=3914"},"modified":"2026-03-19T15:50:41","modified_gmt":"2026-03-19T15:50:41","slug":"handmade-20-22-inch-reborn-doll-outfits-and-princess-dress-sets","status":"publish","type":"product","link":"https:\/\/www.mkreborns.com\/sl\/product\/handmade-20-22-inch-reborn-doll-outfits-and-princess-dress-sets\/","title":{"rendered":"Ro\u010dno izdelani kompleti oblek in princesinih oblek za prerojene pun\u010dke velikosti 20-22 palcev"},"content":{"rendered":"<div class=\"product-specs-list-container\">\n<h2>Izvrstni osnovni kosi garderobe za va\u0161e realisti\u010dne dojen\u010dke<\/h2>\n<div>Nega prerojenega dojen\u010dka vklju\u010duje ve\u010d kot le ne\u017ene dotike; zahteva garderobo, ki odra\u017ea njegovo ne\u017eno lepoto. Na\u0161a skrbno izbrana kolekcija obla\u010dil za prerojene pun\u010dke velikosti 50\u201360 cm zagotavlja brezhibno prileganje za pun\u010dke velikosti od 50 do 55 centimetrov. Vsak komplet je skrbno se\u0161it z uporabo vrhunskih tkanin, ki ponujajo mehak otipni ob\u010dutek na vinilni ali silikonski povr\u0161ini va\u0161ega zbirateljskega predmeta. Ne glede na to, ali obla\u010dite mal\u010dko deklico ali novorojen\u010dka, ta obla\u010dila zagotavljajo estetsko prefinjenost, ki jo zahteva va\u0161 hobi, brez previsoke cene.<\/div>\n<h3>Vsestranski sezonski slogi in funkcionalni dodatki<\/h3>\n<div>Ohranjanje realisti\u010dnega vzdu\u0161ja v va\u0161i otro\u0161ki sobi pomeni, da imate prava obla\u010dila za vsako podnebje. Od zra\u010dnih bomba\u017enih me\u0161anic za poletne izlete do ve\u010dplastnih, udobnih pletenin za zimske razstave, na\u0161a izbira zadovolji vse stilske preference. Ta poceni obla\u010dila za pun\u010dke Reborn ponujajo cenovno ugoden na\u010din za raz\u0161iritev vsestranskosti va\u0161e kolekcije, hkrati pa ohranjajo visoke standarde izdelave.<\/div>\n<ul>\n<li>Ro\u010dno krojene princesine obleke z zapletenimi \u010dipkami in trakovi.<\/li>\n<li>Trpe\u017ena tkanina, ki prenese pogosto obla\u010denje in poziranje.<\/li>\n<li>\u017divahna, nestrupena barvila zagotavljajo varnost in dolgotrajno nasi\u010denost barv.<\/li>\n<li>Usklajeni kompleti, ki poenostavljajo oblikovanje tako za amaterske kot profesionalne zbiratelje.<\/li>\n<\/ul>\n<div>Veselje ob lastni\u0161tvu pun\u010dke je \u0161e ve\u010dje, ko izberete popolna silikonska obla\u010dila in dodatke za pun\u010dke Reborn, ki bodo dopolnili edinstven videz va\u0161e otro\u0161ke sobe. Z izbiro na\u0161ih visokokakovostnih obla\u010dil za 20-pal\u010dne pun\u010dke Reborn zagotovite, da bo va\u0161a pun\u010dka ostala osrednji del va\u0161e kolekcije, oble\u010dena v najfinej\u0161a obla\u010dila za 22-pal\u010dne pun\u010dke Reborn.<\/div>\n<\/div>\n<p><img decoding=\"async\" src=\"https:\/\/www.mkreborns.com\/wp-content\/uploads\/2026\/03\/kf-S2e01ded1844b4877bf4c33f55020ae11c.webp\" alt=\"\" title=\"\"><img decoding=\"async\" src=\"https:\/\/www.mkreborns.com\/wp-content\/uploads\/2026\/03\/kf-S9e3f070a33d54057b89198cde073cd612.webp\" alt=\"\" title=\"\"><img decoding=\"async\" src=\"https:\/\/www.mkreborns.com\/wp-content\/uploads\/2026\/03\/kf-S6e3bf7adc684427696336b2801fea85fY.webp\" alt=\"\" title=\"\"><img decoding=\"async\" src=\"https:\/\/www.mkreborns.com\/wp-content\/uploads\/2026\/03\/kf-S33fd522146264b3d872df87a701c2946b.webp\" alt=\"\" title=\"\"><img decoding=\"async\" src=\"https:\/\/www.mkreborns.com\/wp-content\/uploads\/2026\/03\/kf-Sbf836be53df845d68bbc0b7a1f9c781f2.webp\" alt=\"\" title=\"\"><img decoding=\"async\" src=\"https:\/\/www.mkreborns.com\/wp-content\/uploads\/2026\/03\/kf-Sf1a7b314b8d347688f83c99d60dce0a3A.webp\" alt=\"\" title=\"\"><img decoding=\"async\" src=\"https:\/\/www.mkreborns.com\/wp-content\/uploads\/2026\/03\/kf-S61f931d28b264579b6dae3d8565e2e50T.webp\" alt=\"\" title=\"\"><img decoding=\"async\" src=\"https:\/\/www.mkreborns.com\/wp-content\/uploads\/2026\/03\/kf-S0c2952b48d644b18bd24e6028052eb98U.webp\" alt=\"\" title=\"\"><img decoding=\"async\" src=\"https:\/\/www.mkreborns.com\/wp-content\/uploads\/2026\/03\/kf-S9e63ed215fae43ad819d86d2033ee969r.webp\" alt=\"\" title=\"\"><img decoding=\"async\" src=\"https:\/\/www.mkreborns.com\/wp-content\/uploads\/2026\/03\/kf-S753c136e65d641e4943f67baf9baf5ccc.webp\" alt=\"\" title=\"\"><img decoding=\"async\" src=\"https:\/\/www.mkreborns.com\/wp-content\/uploads\/2026\/03\/kf-S67c85d54bdd34203a836b3a36c4bd4eaS.webp\" alt=\"\" title=\"\"><img decoding=\"async\" src=\"https:\/\/www.mkreborns.com\/wp-content\/uploads\/2026\/03\/kf-S50dfe06eb5cd479983c46dcf6260faee1.webp\" alt=\"\" title=\"\"><img decoding=\"async\" src=\"https:\/\/www.mkreborns.com\/wp-content\/uploads\/2026\/03\/kf-Sb5f6a65275bd4f43ab927c391e4be4d5i.webp\" alt=\"\" title=\"\"><img decoding=\"async\" src=\"https:\/\/www.mkreborns.com\/wp-content\/uploads\/2026\/03\/kf-S267c5a5569df43c99eeeb243ed4f3022A.webp\" alt=\"\" title=\"\"><img decoding=\"async\" src=\"https:\/\/www.mkreborns.com\/wp-content\/uploads\/2026\/03\/kf-Sfd4f91fa317844e6a20bedeb546fe009P.webp\" alt=\"Obleka za princeso Reborn z volan\u010dki in pastelnimi barvami.\" title=\"\"> <img decoding=\"async\" src=\"https:\/\/www.mkreborns.com\/wp-content\/uploads\/2026\/03\/kf-Sf6881c96b70f469dae3e5e917a9a797c2.webp\" alt=\"\" title=\"\"><img decoding=\"async\" src=\"https:\/\/www.mkreborns.com\/wp-content\/uploads\/2026\/03\/kf-S37d300d49be64c689cdc2d9ac655ee8ef.webp\" alt=\"\" title=\"\"><img decoding=\"async\" src=\"https:\/\/www.mkreborns.com\/wp-content\/uploads\/2026\/03\/kf-Se12b5d5751db49a598419c27633fa249h.webp\" alt=\"Komplet oblek za princeso Reborn z vzorcem galaksije in roza poudarki, idealen za pun\u010dke velikosti 52-56 cm. Uni.\" title=\"\"> <img decoding=\"async\" src=\"https:\/\/www.mkreborns.com\/wp-content\/uploads\/2026\/03\/kf-Sfec6353fabc249739a9bfc7ff9c19194J.webp\" alt=\"\u010cudovita ro\u010dno izdelana oblekica za princeso reborn pun\u010dko, velika 50-60 cm, z vzorcem galaksije in roza poudarki.\" title=\"\"> <img decoding=\"async\" src=\"https:\/\/www.mkreborns.com\/wp-content\/uploads\/2026\/03\/kf-S2fe53c2cf60a4dca806d62c9507c1527k.webp\" alt=\"\" title=\"\"><img decoding=\"async\" src=\"https:\/\/www.mkreborns.com\/wp-content\/uploads\/2026\/03\/kf-Scc80fb4332204489b9e54a2f1cd37684Y.webp\" alt=\"Obleka za prerojeno pun\u010dko z roza karirasto obleko s \u010dipkasto obrobo in belim spodnjim krilom. Popolna za.\" title=\"\"> <img decoding=\"async\" src=\"https:\/\/www.mkreborns.com\/wp-content\/uploads\/2026\/03\/kf-Sa287f36538e54509a74becedf5d1e80aI.webp\" alt=\"Obleka za pun\u010dko Reborn z roza karirastim naborkom in satenastimi pentljami, idealna za pun\u010dke velikosti 51-55 cm.\" title=\"\"> <img decoding=\"async\" src=\"https:\/\/www.mkreborns.com\/wp-content\/uploads\/2026\/03\/kf-S804968ae87294c959b219b6c3d88016bB.webp\" alt=\"Prerojena pun\u010dka v cvetli\u010dni princesini obleki, ki dr\u017ei roza pli\u0161asto igra\u010do flaminga, v bli\u017eini pa je stekleni\u010dka.\" title=\"\"> <img decoding=\"async\" src=\"https:\/\/www.mkreborns.com\/wp-content\/uploads\/2026\/03\/kf-Sd9fc481645ee4d3288511c710a4aa6fac.webp\" alt=\"\" title=\"\"><img decoding=\"async\" src=\"https:\/\/www.mkreborns.com\/wp-content\/uploads\/2026\/03\/kf-S5d746b3f7dda43a98510624ed31c719bq.webp\" alt=\"\" title=\"\"><img decoding=\"async\" src=\"https:\/\/www.mkreborns.com\/wp-content\/uploads\/2026\/03\/kf-Sdb0e2483cf38440085aa085deb7e8e72l.webp\" alt=\"Komplet oblek za princeso Reborn z ro\u017enatim potiskom, ro\u010dno izdelan za pun\u010dke velikosti 20-22 palcev.\" title=\"\"> <img decoding=\"async\" src=\"https:\/\/www.mkreborns.com\/wp-content\/uploads\/2026\/03\/kf-S9b482f7f72f848b28fede3ec4a85ed32b.webp\" alt=\"\" title=\"\"><img decoding=\"async\" src=\"https:\/\/www.mkreborns.com\/wp-content\/uploads\/2026\/03\/kf-S09152d43a02f4b4f9bef4d5cfa7531daK.webp\" alt=\"Obleka za prerojeno pun\u010dko s cvetli\u010dno obleko in rumenim trakom, idealna za pun\u010dke velikosti 51-55 cm.\" title=\"\"> <img decoding=\"async\" src=\"https:\/\/www.mkreborns.com\/wp-content\/uploads\/2026\/03\/kf-Sc4c910a0f2e8414fa5bd80aa5709c8ecK.webp\" alt=\"\" title=\"\"><img decoding=\"async\" src=\"https:\/\/www.mkreborns.com\/wp-content\/uploads\/2026\/03\/kf-S6f2f906babe64407abb39604df6914a1J.webp\" alt=\"\" title=\"\"><img decoding=\"async\" src=\"https:\/\/www.mkreborns.com\/wp-content\/uploads\/2026\/03\/kf-S3492369ac2ce462f897f81971cc88ea2i.webp\" alt=\"Prerojena pun\u010dka, oble\u010dena v ro\u010dno izdelano roza princesino obleko z belim puhastim ovratnikom in cofki.\" title=\"\"> <img decoding=\"async\" src=\"https:\/\/www.mkreborns.com\/wp-content\/uploads\/2026\/03\/kf-Se51597a0a9504fc688712ba8acc06b61X.webp\" alt=\"\" title=\"\"><img decoding=\"async\" src=\"https:\/\/www.mkreborns.com\/wp-content\/uploads\/2026\/03\/kf-S2cd722838c3444e8853dfdd6cb7c6eeaF.webp\" alt=\"Obleka za prerojeno pun\u010dko z roza obleko, belimi pajkicami in \u0161kornji, primernimi za pun\u010dke velikosti 51-55 cm.\" title=\"\"> <img decoding=\"async\" src=\"https:\/\/www.mkreborns.com\/wp-content\/uploads\/2026\/03\/kf-S4485fab01df04a52b37771c9fd6fb6808.webp\" alt=\"Komplet obla\u010dil za prerojeno pun\u010dko s hla\u010dami z vzorcem flamingov in ujemajo\u010dimi se slu\u0161alkami, idealen za ro\u010dno izdelavo.\" title=\"\"> <img decoding=\"async\" src=\"https:\/\/www.mkreborns.com\/wp-content\/uploads\/2026\/03\/kf-S119e2ed0c63449e780a45353deed672fV.webp\" alt=\"Roza \u0161kornji za pun\u010dke Reborn z belo obrobo iz umetnega krzna za pun\u010dke velikosti 51-55 cm.\" title=\"\"> <img decoding=\"async\" src=\"https:\/\/www.mkreborns.com\/wp-content\/uploads\/2026\/03\/kf-Sc540755ac9cf4146835605b7b7171a0fT.webp\" alt=\"Obleka za prerojeno pun\u010dko z roza obleko, belimi pajkicami in \u0161kornji, primernimi za pun\u010dke velikosti 51-55 cm.\" title=\"\"><\/p>\n<div style=\"width: 640px;\" class=\"wp-video\"><video class=\"wp-video-shortcode\" id=\"video-3914-1\" width=\"640\" height=\"360\" preload=\"metadata\" controls=\"controls\"><source type=\"video\/mp4\" src=\"https:\/\/video.aliexpress-media.com\/play\/u\/ae_sg_item\/2216133796552\/p\/1\/e\/6\/t\/10301\/1100164358417.mp4?_=1\" \/><a href=\"https:\/\/video.aliexpress-media.com\/play\/u\/ae_sg_item\/2216133796552\/p\/1\/e\/6\/t\/10301\/1100164358417.mp4\" target=\"_blank\" rel=\"noopener\">https:\/\/video.aliexpress-media.com\/play\/u\/ae_sg_item\/2216133796552\/p\/1\/e\/6\/t\/10301\/1100164358417.mp4<\/a><\/video><\/div>","protected":false},"excerpt":{"rendered":"<p>Oblecite svojega dragega spremljevalca v izvrstna, ro\u010dno izdelana obla\u010dila, ki odra\u017eajo \u010dar pravih obla\u010dil za dojen\u010dke, in tako zagotovite, da bo vsak trenutek igre izjemno pristen in prisr\u010den.<\/p>","protected":false},"featured_media":3915,"comment_status":"open","ping_status":"closed","template":"","meta":[],"product_brand":[],"product_cat":[159,148],"product_tag":[],"class_list":{"0":"post-3914","1":"product","2":"type-product","3":"status-publish","4":"has-post-thumbnail","6":"product_cat-clothes-for-reborn-dolls","7":"product_cat-reborn-doll-accessories","9":"first","10":"instock","11":"sale","12":"shipping-taxable","13":"purchasable","14":"product-type-variable","15":"has-default-attributes"},"_links":{"self":[{"href":"https:\/\/www.mkreborns.com\/sl\/wp-json\/wp\/v2\/product\/3914","targetHints":{"allow":["GET"]}}],"collection":[{"href":"https:\/\/www.mkreborns.com\/sl\/wp-json\/wp\/v2\/product"}],"about":[{"href":"https:\/\/www.mkreborns.com\/sl\/wp-json\/wp\/v2\/types\/product"}],"replies":[{"embeddable":true,"href":"https:\/\/www.mkreborns.com\/sl\/wp-json\/wp\/v2\/comments?post=3914"}],"wp:featuredmedia":[{"embeddable":true,"href":"https:\/\/www.mkreborns.com\/sl\/wp-json\/wp\/v2\/media\/3915"}],"wp:attachment":[{"href":"https:\/\/www.mkreborns.com\/sl\/wp-json\/wp\/v2\/media?parent=3914"}],"wp:term":[{"taxonomy":"product_brand","embeddable":true,"href":"https:\/\/www.mkreborns.com\/sl\/wp-json\/wp\/v2\/product_brand?post=3914"},{"taxonomy":"product_cat","embeddable":true,"href":"https:\/\/www.mkreborns.com\/sl\/wp-json\/wp\/v2\/product_cat?post=3914"},{"taxonomy":"product_tag","embeddable":true,"href":"https:\/\/www.mkreborns.com\/sl\/wp-json\/wp\/v2\/product_tag?post=3914"}],"curies":[{"name":"delovni list","href":"https:\/\/api.w.org\/{rel}","templated":true}]}}