{"id":3908,"date":"2026-03-18T13:24:18","date_gmt":"2026-03-18T13:24:18","guid":{"rendered":"https:\/\/www.mkreborns.com\/?post_type=product&#038;p=3908"},"modified":"2026-03-19T15:51:18","modified_gmt":"2026-03-19T15:51:18","slug":"18-inch-reborn-dolls-clothes-for-baby-doll-outfits","status":"publish","type":"product","link":"https:\/\/www.mkreborns.com\/sl\/product\/18-inch-reborn-dolls-clothes-for-baby-doll-outfits\/","title":{"rendered":"18-pal\u010dna obla\u010dila za Reborn pun\u010dke za dojen\u010dke"},"content":{"rendered":"<h2>Elegantna obla\u010dila za 45-centimetrske Reborn pun\u010dke za vsako prilo\u017enost<\/h2>\n<div>V svojo zbirko pun\u010dk vnesite \u010dar in pristnost z na\u0161imi 45-centimetrskimi obla\u010dili za reborn pun\u010dke. Vsako obla\u010dilo je premi\u0161ljeno zasnovano tako, da se popolnoma prilega pun\u010dkam reborn, hkrati pa nudi udobje in realisti\u010den videz. Ta obla\u010dila, idealna tako za igro kot za razstavljanje, vsako pun\u010dko spremenijo v modno spremljevalko.<\/div>\n<h3>Podrobni dizajni in udobno prileganje<\/h3>\n<div>Na\u0161a kolekcija predstavlja obla\u010dila za reborn otro\u0161ko lutko za prodajo, s poudarkom na tkaninskem telesu reborn lutk, kar zagotavlja, da se vsak kos popolnoma prilega in hkrati poudari realisti\u010dne lastnosti. Od igrivih pajackov do elegantnih oblek ti kosi ponujajo vsestranskost in slog ter poskrbijo, da va\u0161a 18-pal\u010dna lutka izstopa.<\/div>\n<ul>\n<li>Natan\u010dna velikost: Zasnovano za 45-centimetrske pun\u010dke, da se zagotovi popolno prileganje in enostavno obla\u010denje.<\/li>\n<li>Visokokakovostne tkanine: Mehki, trpe\u017eni materiali zagotavljajo udobje in dolgo obstojnost.<\/li>\n<li>Realisti\u010dni detajli: Zapleteni \u0161ivi in vzorci odra\u017eajo pristna otro\u0161ka obla\u010dila.<\/li>\n<li>Raznolikost stilov: Vklju\u010duje prilo\u017enostne, formalne in sezonske obleke za vse prilo\u017enosti.<\/li>\n<li>Izbolj\u0161an realizem lutke: Prilagojeno tako, da se dopolnjuje s platnenim telesom prenovljene lutke za realisti\u010den \u010dar.<\/li>\n<\/ul>\n<div>Nadgradite svojo garderobo za pun\u010dke s temi izvrstnimi obla\u010dili za reborn pun\u010dke velikosti 45 cm, ki zdru\u017eujejo stil, udobje in pristen videz.<\/div>\n<p style=\"text-align: center;\" align=\"center\"><img decoding=\"async\" src=\"https:\/\/www.mkreborns.com\/wp-content\/uploads\/2026\/03\/kf-S9d31fc2e9fcd434fafe9c0f471411531G.webp\" alt=\"\" title=\"\"><img decoding=\"async\" src=\"https:\/\/www.mkreborns.com\/wp-content\/uploads\/2026\/03\/kf-Sb94cdf6699bc46d3a5df6fd0f3b9305eP.webp\" alt=\"\" title=\"\"><img decoding=\"async\" src=\"https:\/\/www.mkreborns.com\/wp-content\/uploads\/2026\/03\/kf-S2c32be6ab85b4bc298e8b61239d41026x.webp\" alt=\"\" title=\"\"><img decoding=\"async\" src=\"https:\/\/www.mkreborns.com\/wp-content\/uploads\/2026\/03\/kf-S572f25d107b74315a31d1340abf1216fq.webp\" alt=\"\" title=\"\"><img decoding=\"async\" src=\"https:\/\/www.mkreborns.com\/wp-content\/uploads\/2026\/03\/kf-S5255329b890042289e03e8edbc8650fdh.webp\" alt=\"\" title=\"\"><\/p>","protected":false},"excerpt":{"rendered":"<p>Okrasite svojo 45-centimetrsko reborn pun\u010dko z elegantnimi, mehkimi in podrobnimi obla\u010dili, izdelanimi za realisti\u010dno igro in trajno eleganco.<\/p>","protected":false},"featured_media":3909,"comment_status":"open","ping_status":"closed","template":"","meta":[],"product_brand":[],"product_cat":[159,148],"product_tag":[],"class_list":{"0":"post-3908","1":"product","2":"type-product","3":"status-publish","4":"has-post-thumbnail","6":"product_cat-clothes-for-reborn-dolls","7":"product_cat-reborn-doll-accessories","9":"first","10":"instock","11":"sale","12":"shipping-taxable","13":"purchasable","14":"product-type-simple"},"_links":{"self":[{"href":"https:\/\/www.mkreborns.com\/sl\/wp-json\/wp\/v2\/product\/3908","targetHints":{"allow":["GET"]}}],"collection":[{"href":"https:\/\/www.mkreborns.com\/sl\/wp-json\/wp\/v2\/product"}],"about":[{"href":"https:\/\/www.mkreborns.com\/sl\/wp-json\/wp\/v2\/types\/product"}],"replies":[{"embeddable":true,"href":"https:\/\/www.mkreborns.com\/sl\/wp-json\/wp\/v2\/comments?post=3908"}],"wp:featuredmedia":[{"embeddable":true,"href":"https:\/\/www.mkreborns.com\/sl\/wp-json\/wp\/v2\/media\/3909"}],"wp:attachment":[{"href":"https:\/\/www.mkreborns.com\/sl\/wp-json\/wp\/v2\/media?parent=3908"}],"wp:term":[{"taxonomy":"product_brand","embeddable":true,"href":"https:\/\/www.mkreborns.com\/sl\/wp-json\/wp\/v2\/product_brand?post=3908"},{"taxonomy":"product_cat","embeddable":true,"href":"https:\/\/www.mkreborns.com\/sl\/wp-json\/wp\/v2\/product_cat?post=3908"},{"taxonomy":"product_tag","embeddable":true,"href":"https:\/\/www.mkreborns.com\/sl\/wp-json\/wp\/v2\/product_tag?post=3908"}],"curies":[{"name":"delovni list","href":"https:\/\/api.w.org\/{rel}","templated":true}]}}