{"id":3890,"date":"2026-03-18T13:08:27","date_gmt":"2026-03-18T13:08:27","guid":{"rendered":"https:\/\/www.mkreborns.com\/?post_type=product&#038;p=3890"},"modified":"2026-03-19T15:52:23","modified_gmt":"2026-03-19T15:52:23","slug":"baby-doll-clothes-17-18-inch-reborn-outfits-for-girls","status":"publish","type":"product","link":"https:\/\/www.mkreborns.com\/sl\/product\/baby-doll-clothes-17-18-inch-reborn-outfits-for-girls\/","title":{"rendered":"Obla\u010dila za pun\u010dke 17, 18 palcev, obla\u010dila za prerojene deklice"},"content":{"rendered":"<div class=\"detailmodule_html\">\n<div class=\"detail-desc-decorate-richtext\">\n<h2>O\u010darljivi stili obla\u010dil za pun\u010dke Reborn 17 18 palcev<\/h2>\n<div>Nadgradite svojo kolekcijo Reborn z na\u0161imi vrhunskimi obla\u010dili za pun\u010dke Reborn velikosti 17 in 18 palcev. Vsak komplet je skrbno zasnovan tako, da se dopolnjuje z obla\u010dili za pun\u010dke Reborn za deklice, saj zdru\u017euje udobje, vzdr\u017eljivost in realisti\u010dne detajle. Ne glede na to, ali gre za igro ali razstavljanje, ta obla\u010dila ponujajo popolno prileganje ter \u017eivahne in privla\u010dne dizajne.<\/div>\n<h3>Edinstveni dizajni in vzor\u010dasti detajli<\/h3>\n<div>Na\u0161a ponudba vklju\u010duje zapletene vzorce blaga za reborn pun\u010dke, ki vsaki pun\u010dki omogo\u010dajo, da poka\u017ee svojo osebnost in slog. Izbirate lahko med oblekami, kombinezoni in usklajenimi kompleti, prilagojenimi tako za 17-pal\u010dne kot 18-pal\u010dne reborn pun\u010dke. Z mehkimi tkaninami in realisti\u010dnimi zaklju\u010dki vsaka obleka poudari realisti\u010den \u010dar va\u0161e pun\u010dke.<\/div>\n<ul>\n<li>Prilagojeno: Natan\u010dno prilagojeno za 47-46 cm velike reborn pun\u010dke za brezskrbno obla\u010denje.<\/li>\n<li>Visokokakovostni materiali: Ne\u017ene, trpe\u017ene tkanine, ki ohranjajo obliko in barvo.<\/li>\n<li>Raznolikost vzorcev: vzorec tkaninskega telesa reborn lutke doda vsakemu obla\u010dilu edinstvenost.<\/li>\n<li>Vsestranska garderoba: Vklju\u010duje obla\u010dila za prosti \u010das, sve\u010dane obleke in igrive komplete.<\/li>\n<li>Izbolj\u0161an realizem: Podrobno \u0161ivanje in kon\u010dna obdelava vsakemu kosu dodajata pristnost.<\/li>\n<\/ul>\n<div>S temi \u010dudovito izdelanimi obla\u010dili za pun\u010dke Reborn velikosti 17 18 palcev, ki zdru\u017eujejo stil, udobje in realisti\u010dno eleganco, vnesite veselje in prefinjenost v vsako razstavo pun\u010dk.<\/div>\n<div><\/div>\n<p style=\"text-align: center; margin: 0px;\" align=\"center\"><img decoding=\"async\" src=\"https:\/\/www.mkreborns.com\/wp-content\/uploads\/2026\/03\/kf-Sff4af0a0ce8d4485b7c09410cb094249I.webp\" alt=\"\" title=\"\"><img decoding=\"async\" src=\"https:\/\/www.mkreborns.com\/wp-content\/uploads\/2026\/03\/kf-S10d68fad596841c589219dc0c10319fbZ.webp\" alt=\"\" title=\"\"><img decoding=\"async\" src=\"https:\/\/www.mkreborns.com\/wp-content\/uploads\/2026\/03\/kf-S8dbdfa36fe014c8fa0765011983d82caD.webp\" alt=\"\" title=\"\"><img decoding=\"async\" src=\"https:\/\/www.mkreborns.com\/wp-content\/uploads\/2026\/03\/kf-S920d035ab985467b8517b1483d4f6bbaY.webp\" alt=\"\" title=\"\"><img decoding=\"async\" src=\"https:\/\/www.mkreborns.com\/wp-content\/uploads\/2026\/03\/kf-S4b96cea014a44b709b752532f6113fbfu.webp\" alt=\"\" title=\"\"><img decoding=\"async\" src=\"https:\/\/www.mkreborns.com\/wp-content\/uploads\/2026\/03\/kf-S44c92652455b47b98527b3aa131f6b1eT.webp\" alt=\"\" title=\"\"><img decoding=\"async\" src=\"https:\/\/www.mkreborns.com\/wp-content\/uploads\/2026\/03\/kf-S56de3d76be034bbfb5ae1261f59232a1O.webp\" alt=\"\" title=\"\"><img decoding=\"async\" src=\"https:\/\/www.mkreborns.com\/wp-content\/uploads\/2026\/03\/kf-S0590e45ab54740c38d581d7611ef244cS.webp\" alt=\"\" title=\"\"><img decoding=\"async\" src=\"https:\/\/www.mkreborns.com\/wp-content\/uploads\/2026\/03\/kf-S4d9af2659e454d8b87e97bd159ed9cdfz.webp\" alt=\"\" title=\"\"><img decoding=\"async\" src=\"https:\/\/www.mkreborns.com\/wp-content\/uploads\/2026\/03\/kf-Sb9c38680031e40f6b3db3e4e386af5c5l.webp\" alt=\"\" title=\"\"><\/p>\n<\/div>\n<\/div>","protected":false},"excerpt":{"rendered":"<p>Spremeni svojo prerojeno pun\u010dko v elegantno spremljevalko z mehkimi, detajlnimi obla\u010dili, zasnovanimi za realisti\u010dno igro in neskon\u010den \u010dar.<\/p>","protected":false},"featured_media":3891,"comment_status":"open","ping_status":"closed","template":"","meta":[],"product_brand":[],"product_cat":[159,148],"product_tag":[],"class_list":{"0":"post-3890","1":"product","2":"type-product","3":"status-publish","4":"has-post-thumbnail","6":"product_cat-clothes-for-reborn-dolls","7":"product_cat-reborn-doll-accessories","9":"first","10":"instock","11":"sale","12":"shipping-taxable","13":"purchasable","14":"product-type-variable","15":"has-default-attributes"},"_links":{"self":[{"href":"https:\/\/www.mkreborns.com\/sl\/wp-json\/wp\/v2\/product\/3890","targetHints":{"allow":["GET"]}}],"collection":[{"href":"https:\/\/www.mkreborns.com\/sl\/wp-json\/wp\/v2\/product"}],"about":[{"href":"https:\/\/www.mkreborns.com\/sl\/wp-json\/wp\/v2\/types\/product"}],"replies":[{"embeddable":true,"href":"https:\/\/www.mkreborns.com\/sl\/wp-json\/wp\/v2\/comments?post=3890"}],"wp:featuredmedia":[{"embeddable":true,"href":"https:\/\/www.mkreborns.com\/sl\/wp-json\/wp\/v2\/media\/3891"}],"wp:attachment":[{"href":"https:\/\/www.mkreborns.com\/sl\/wp-json\/wp\/v2\/media?parent=3890"}],"wp:term":[{"taxonomy":"product_brand","embeddable":true,"href":"https:\/\/www.mkreborns.com\/sl\/wp-json\/wp\/v2\/product_brand?post=3890"},{"taxonomy":"product_cat","embeddable":true,"href":"https:\/\/www.mkreborns.com\/sl\/wp-json\/wp\/v2\/product_cat?post=3890"},{"taxonomy":"product_tag","embeddable":true,"href":"https:\/\/www.mkreborns.com\/sl\/wp-json\/wp\/v2\/product_tag?post=3890"}],"curies":[{"name":"delovni list","href":"https:\/\/api.w.org\/{rel}","templated":true}]}}