{"id":3868,"date":"2026-03-18T10:01:51","date_gmt":"2026-03-18T10:01:51","guid":{"rendered":"https:\/\/www.mkreborns.com\/?post_type=product&#038;p=3868"},"modified":"2026-03-19T15:52:36","modified_gmt":"2026-03-19T15:52:36","slug":"18-inch-reborn-doll-clothes-for-toddlers-and-girls","status":"publish","type":"product","link":"https:\/\/www.mkreborns.com\/sl\/product\/18-inch-reborn-doll-clothes-for-toddlers-and-girls\/","title":{"rendered":"18-pal\u010dna obla\u010dila za prerojene pun\u010dke za mal\u010dke in deklice"},"content":{"rendered":"<div class=\"product-specs-list-container\">\n<h2>Elegantna obla\u010dila za vsako 45-centimetrsko prerojeno pun\u010dko<\/h2>\n<div>Naj bo va\u0161a reborn pun\u010dka v sredi\u0161\u010du pozornosti z na\u0161imi vrhunskimi 45-centimetrskimi obla\u010dili za reborn pun\u010dke. Vsako obla\u010dilo je zasnovano tako, da se popolnoma prilega reborn mal\u010dicam, zato zdru\u017euje realisti\u010dne detajle z mehkimi, trpe\u017enimi tkaninami. Od vsakodnevne uporabe do posebnih prilo\u017enosti, ta obla\u010dila zagotavljajo, da bo va\u0161a pun\u010dka vedno videti popolna.<\/div>\n<h3>Elegantna raznolikost in dodatki<\/h3>\n<div>Na\u0161a kolekcija vklju\u010duje silikonska obla\u010dila in dodatke za pun\u010dke Reborn, ki bodo obogatili garderobo vsake pun\u010dke. Izbirate lahko med \u017eivahnimi vijoli\u010dnimi obla\u010dili za pun\u010dke Reborn, ne\u017enimi oblekami za pun\u010dke Reborn in vsestranskimi obla\u010dili za dojen\u010dke, primernimi za vsako situacijo. Vsak kos je prilagojen tako, da omogo\u010da enostavno obla\u010denje, hkrati pa ohranja realisti\u010den, ro\u010dno izdelan ob\u010dutek.<\/div>\n<ul>\n<li>Premium Fit: Popolna velikost za 45-centimetrske pun\u010dke Reborn, kar zagotavlja udobje in eleganco.<\/li>\n<li>Visokokakovostne tkanine: Mehki, trpe\u017eni materiali, ki posnemajo teksture pravih otro\u0161kih obla\u010dil.<\/li>\n<li>Vsestranski stili: od igrivih obla\u010dil za vsak dan do prefinjenih vijoli\u010dnih oblek.<\/li>\n<li>Mo\u017enosti dodatkov: Vklju\u010duje ujemajo\u010de se klobuke, \u010devlje in odeje za popolne komplete.<\/li>\n<li>Realisti\u010dni detajli: Ro\u010dno izdelani \u0161ivi in o\u010darljivi okraski za realisti\u010den videz.<\/li>\n<\/ul>\n<div>V svojo zbirko vnesite \u010dar, realizem in zabavo s temi \u010dudovito izdelanimi obla\u010dili za 45-centimetrske reborn pun\u010dke, ki bodo polep\u0161ala vsako igralno pustolov\u0161\u010dino.<\/div>\n<div><\/div>\n<\/div>\n<div class=\"detailmodule_html\">\n<div class=\"detail-desc-decorate-richtext\">\n<p style=\"text-align: center; margin: 0px;\" align=\"center\"><img decoding=\"async\" src=\"https:\/\/www.mkreborns.com\/wp-content\/uploads\/2026\/03\/kf-S7d8ebb1a885d44398f64514886946629E.webp\" alt=\"\" title=\"\"><img decoding=\"async\" src=\"https:\/\/www.mkreborns.com\/wp-content\/uploads\/2026\/03\/kf-S89a1ffaead92487d9a130af90b3d4fc5K.webp\" alt=\"\" title=\"\"><img decoding=\"async\" src=\"https:\/\/www.mkreborns.com\/wp-content\/uploads\/2026\/03\/kf-Sc34b80cf2d3a4c60b3a32babd9f3f5548.webp\" alt=\"\" title=\"\"><img decoding=\"async\" src=\"https:\/\/www.mkreborns.com\/wp-content\/uploads\/2026\/03\/kf-S160a0246ec60450ba40c67d32c0961672.webp\" alt=\"\" title=\"\"><img decoding=\"async\" src=\"https:\/\/www.mkreborns.com\/wp-content\/uploads\/2026\/03\/kf-S4d9f66438f1f42e0b260f4684f54fb0bW.webp\" alt=\"\" title=\"\"><img decoding=\"async\" src=\"https:\/\/ae01.alicdn.com\/kf\/S9f14fbaf63524021b86c7a946d713f30N.jpg\" alt=\"\" title=\"\"><img decoding=\"async\" src=\"https:\/\/ae01.alicdn.com\/kf\/Sf7fd6a137dba47e9aecbf4de66cb87df3.jpg\" alt=\"\" title=\"\"><img decoding=\"async\" src=\"https:\/\/ae01.alicdn.com\/kf\/S06ea55e7d37a45acb579364f3408aa76B.jpg\" alt=\"\" title=\"\"><img decoding=\"async\" src=\"https:\/\/ae01.alicdn.com\/kf\/S81d380c3ee694b8eafebd8a9c2653a1at.jpg\" alt=\"\" title=\"\"><img decoding=\"async\" src=\"https:\/\/ae01.alicdn.com\/kf\/S580e530ac6c84a7a82ce96a246202693U.jpg\" alt=\"\" title=\"\"><img decoding=\"async\" src=\"https:\/\/ae01.alicdn.com\/kf\/S4fce4907e8dd42a7b8679f2512ebba25I.jpg\" alt=\"\" title=\"\"><img decoding=\"async\" src=\"https:\/\/ae01.alicdn.com\/kf\/S0f517424cd3642999a0a881e47972c1du.jpg\" alt=\"\" title=\"\"><img decoding=\"async\" src=\"https:\/\/ae01.alicdn.com\/kf\/Sca06b8ff57b34251853a9fb540f747afw.jpg\" alt=\"\" title=\"\"><img decoding=\"async\" src=\"https:\/\/ae01.alicdn.com\/kf\/Sfd3631ab03ee426692991be15c6afe4ee.jpg\" alt=\"\" title=\"\"><\/p>\n<\/div>\n<\/div>","protected":false},"excerpt":{"rendered":"<p>Oblecite svojo prerojeno pun\u010dko v stilu z udobnimi, visokokakovostnimi obla\u010dili, ki zdru\u017eujejo \u010dar in udobje za ure domiselne igre.<\/p>","protected":false},"featured_media":3869,"comment_status":"open","ping_status":"closed","template":"","meta":[],"product_brand":[],"product_cat":[159,148],"product_tag":[],"class_list":{"0":"post-3868","1":"product","2":"type-product","3":"status-publish","4":"has-post-thumbnail","6":"product_cat-clothes-for-reborn-dolls","7":"product_cat-reborn-doll-accessories","9":"first","10":"instock","11":"sale","12":"shipping-taxable","13":"purchasable","14":"product-type-variable","15":"has-default-attributes"},"_links":{"self":[{"href":"https:\/\/www.mkreborns.com\/sl\/wp-json\/wp\/v2\/product\/3868","targetHints":{"allow":["GET"]}}],"collection":[{"href":"https:\/\/www.mkreborns.com\/sl\/wp-json\/wp\/v2\/product"}],"about":[{"href":"https:\/\/www.mkreborns.com\/sl\/wp-json\/wp\/v2\/types\/product"}],"replies":[{"embeddable":true,"href":"https:\/\/www.mkreborns.com\/sl\/wp-json\/wp\/v2\/comments?post=3868"}],"wp:featuredmedia":[{"embeddable":true,"href":"https:\/\/www.mkreborns.com\/sl\/wp-json\/wp\/v2\/media\/3869"}],"wp:attachment":[{"href":"https:\/\/www.mkreborns.com\/sl\/wp-json\/wp\/v2\/media?parent=3868"}],"wp:term":[{"taxonomy":"product_brand","embeddable":true,"href":"https:\/\/www.mkreborns.com\/sl\/wp-json\/wp\/v2\/product_brand?post=3868"},{"taxonomy":"product_cat","embeddable":true,"href":"https:\/\/www.mkreborns.com\/sl\/wp-json\/wp\/v2\/product_cat?post=3868"},{"taxonomy":"product_tag","embeddable":true,"href":"https:\/\/www.mkreborns.com\/sl\/wp-json\/wp\/v2\/product_tag?post=3868"}],"curies":[{"name":"delovni list","href":"https:\/\/api.w.org\/{rel}","templated":true}]}}