{"id":3622,"date":"2026-02-04T15:19:37","date_gmt":"2026-02-04T15:19:37","guid":{"rendered":"https:\/\/www.mkreborns.com\/?post_type=product&#038;p=3622"},"modified":"2026-03-18T15:10:13","modified_gmt":"2026-03-18T15:10:13","slug":"bagot-miniature-cuddle-fake-reborn-dolls","status":"publish","type":"product","link":"https:\/\/www.mkreborns.com\/sl\/product\/bagot-miniature-cuddle-fake-reborn-dolls\/","title":{"rendered":"Bagot miniaturne lutke za crkljanje, ponarejene prerojene pun\u010dke"},"content":{"rendered":"<p>Reborn pun\u010dke imajo realisti\u010den videz in se lahko uporabljajo kot izobra\u017eevalne igra\u010de za otroke. Miniaturne reborn pun\u010dke so lahke in majhne, zato jih otroci zlahka dvignejo in odlo\u017eijo. Realisti\u010den videz reborn pun\u010dk lahko otroke vodi k razvoju empatije in odgovornosti skozi igranje vlog ter k u\u010denju skrbi za druge.<\/p>\n<p>&nbsp;<\/p>\n<p>Spol: Fant<br \/>\nTe\u017ea: 1,3 kg<br \/>\nVi\u0161ina: 18 palcev<br \/>\nMaterial: PVC<\/p>\n<p>&nbsp;<\/p>\n<div style=\"width: 720px;\" class=\"wp-video\"><video class=\"wp-video-shortcode\" id=\"video-3622-1\" width=\"720\" height=\"960\" preload=\"metadata\" controls=\"controls\"><source type=\"video\/mp4\" src=\"https:\/\/www.mkreborns.com\/wp-content\/uploads\/2026\/02\/Bagot-Cuddle-Reborn.mp4?_=1\" \/><a href=\"https:\/\/www.mkreborns.com\/wp-content\/uploads\/2026\/02\/Bagot-Cuddle-Reborn.mp4\">https:\/\/www.mkreborns.com\/wp-content\/uploads\/2026\/02\/Bagot-Cuddle-Reborn.mp4<\/a><\/video><\/div>\n<p><img decoding=\"async\" class=\"aligncenter wp-image-3631 size-full\" src=\"https:\/\/www.mkreborns.com\/wp-content\/themes\/woodmart\/images\/lazy.svg\" data-src=\"https:\/\/www.mkreborns.com\/wp-content\/uploads\/2026\/02\/Bagot-Cuddle-Reborn9.jpg\" alt=\"Avtenti\u010dna miniaturna prerojena pun\u010dka Bagot z mehkimi rokami in ohlapnim obrazom.\" width=\"800\" height=\"800\" title=\"\" srcset=\"\" data-srcset=\"https:\/\/www.mkreborns.com\/wp-content\/uploads\/2026\/02\/Bagot-Cuddle-Reborn9.jpg 800w, https:\/\/www.mkreborns.com\/wp-content\/uploads\/2026\/02\/Bagot-Cuddle-Reborn9-150x150.jpg 150w, https:\/\/www.mkreborns.com\/wp-content\/uploads\/2026\/02\/Bagot-Cuddle-Reborn9-700x700.jpg 700w, https:\/\/www.mkreborns.com\/wp-content\/uploads\/2026\/02\/Bagot-Cuddle-Reborn9-300x300.jpg 300w, https:\/\/www.mkreborns.com\/wp-content\/uploads\/2026\/02\/Bagot-Cuddle-Reborn9-768x768.jpg 768w\" sizes=\"(max-width: 800px) 100vw, 800px\" \/> <img decoding=\"async\" class=\"aligncenter wp-image-3629 size-full\" src=\"https:\/\/www.mkreborns.com\/wp-content\/themes\/woodmart\/images\/lazy.svg\" data-src=\"https:\/\/www.mkreborns.com\/wp-content\/uploads\/2026\/02\/Bagot-Cuddle-Reborn7.jpg\" alt=\"\u010cudovita miniaturna prerojena pun\u010dka fantka z obleko, klobukom in dodatki za zbiratelje.\" width=\"800\" height=\"800\" title=\"\" srcset=\"\" data-srcset=\"https:\/\/www.mkreborns.com\/wp-content\/uploads\/2026\/02\/Bagot-Cuddle-Reborn7.jpg 800w, https:\/\/www.mkreborns.com\/wp-content\/uploads\/2026\/02\/Bagot-Cuddle-Reborn7-150x150.jpg 150w, https:\/\/www.mkreborns.com\/wp-content\/uploads\/2026\/02\/Bagot-Cuddle-Reborn7-700x700.jpg 700w, https:\/\/www.mkreborns.com\/wp-content\/uploads\/2026\/02\/Bagot-Cuddle-Reborn7-300x300.jpg 300w, https:\/\/www.mkreborns.com\/wp-content\/uploads\/2026\/02\/Bagot-Cuddle-Reborn7-768x768.jpg 768w\" sizes=\"(max-width: 800px) 100vw, 800px\" \/><\/p>","protected":false},"excerpt":{"rendered":"<p>Miniaturne prerojene pun\u010dke se lahko uporabljajo kot igra\u010de, ki ljudem, ki so izgubili otroka, pomagajo pri soo\u010danju s sr\u010dno bole\u010dino in laj\u0161anju \u017ealosti.<\/p>\n<p>Usta reborn lutke so magnetna, kar omogo\u010da uporabo magnetne dude.<\/p>","protected":false},"featured_media":3630,"comment_status":"open","ping_status":"closed","template":"","meta":[],"product_brand":[],"product_cat":[151,145,154,153,152],"product_tag":[],"class_list":{"0":"post-3622","1":"product","2":"type-product","3":"status-publish","4":"has-post-thumbnail","6":"product_cat-18-inch-reborn-dolls","7":"product_cat-baby-boy-reborn-dolls","8":"product_cat-lifelike-reborn-dolls","9":"product_cat-newborn-reborn-dolls","10":"product_cat-vinyl-reborn-dolls","12":"first","13":"instock","14":"sale","15":"shipping-taxable","16":"purchasable","17":"product-type-simple"},"_links":{"self":[{"href":"https:\/\/www.mkreborns.com\/sl\/wp-json\/wp\/v2\/product\/3622","targetHints":{"allow":["GET"]}}],"collection":[{"href":"https:\/\/www.mkreborns.com\/sl\/wp-json\/wp\/v2\/product"}],"about":[{"href":"https:\/\/www.mkreborns.com\/sl\/wp-json\/wp\/v2\/types\/product"}],"replies":[{"embeddable":true,"href":"https:\/\/www.mkreborns.com\/sl\/wp-json\/wp\/v2\/comments?post=3622"}],"wp:featuredmedia":[{"embeddable":true,"href":"https:\/\/www.mkreborns.com\/sl\/wp-json\/wp\/v2\/media\/3630"}],"wp:attachment":[{"href":"https:\/\/www.mkreborns.com\/sl\/wp-json\/wp\/v2\/media?parent=3622"}],"wp:term":[{"taxonomy":"product_brand","embeddable":true,"href":"https:\/\/www.mkreborns.com\/sl\/wp-json\/wp\/v2\/product_brand?post=3622"},{"taxonomy":"product_cat","embeddable":true,"href":"https:\/\/www.mkreborns.com\/sl\/wp-json\/wp\/v2\/product_cat?post=3622"},{"taxonomy":"product_tag","embeddable":true,"href":"https:\/\/www.mkreborns.com\/sl\/wp-json\/wp\/v2\/product_tag?post=3622"}],"curies":[{"name":"delovni list","href":"https:\/\/api.w.org\/{rel}","templated":true}]}}