{"id":3607,"date":"2026-02-04T15:11:13","date_gmt":"2026-02-04T15:11:13","guid":{"rendered":"https:\/\/www.mkreborns.com\/?post_type=product&#038;p=3607"},"modified":"2026-03-18T15:09:52","modified_gmt":"2026-03-18T15:09:52","slug":"pink-sleeping-pvc-real-reborn-doll","status":"publish","type":"product","link":"https:\/\/www.mkreborns.com\/sl\/product\/pink-sleeping-pvc-real-reborn-doll\/","title":{"rendered":"Roza spe\u010da PVC prava prerojena lutka"},"content":{"rendered":"<p>Roza pun\u010dka Reborn je med spanjem videti \u010dudovita in mirna ter v va\u0161e \u017eivljenje vnese kan\u010dek lepote. Izdelana je iz vinila, materiala, ki je zelo odporen na olje in kisline, zato ohrani svojo lepoto tudi po dolgotrajnem dotikanju in bo\u017eanju. Prav tako jo je zelo enostavno \u010distiti; \u010de se uma\u017ee, jo preprosto ne\u017eno obri\u0161ite z vla\u017eno krpo in blagim milom, da ji povrnete sijaj. To je zelo prakti\u010dna prednost za tiste, ki si \u017eelijo pun\u010dke Reborn kot dolgotrajne spremljevalke ali pa jih skrbi njeno vzdr\u017eevanje.<\/p>\n<p>&nbsp;<\/p>\n<p>Spol: Dekle<br \/>\nTe\u017ea: 1,3 kg<br \/>\nVi\u0161ina: 18 palcev<br \/>\nMaterial: PVC<\/p>\n<p>&nbsp;<\/p>\n<div style=\"width: 720px;\" class=\"wp-video\"><video class=\"wp-video-shortcode\" id=\"video-3607-1\" width=\"720\" height=\"960\" preload=\"metadata\" controls=\"controls\"><source type=\"video\/mp4\" src=\"https:\/\/www.mkreborns.com\/wp-content\/uploads\/2026\/02\/Pink-Sleeping-Reborn.mp4?_=1\" \/><a href=\"https:\/\/www.mkreborns.com\/wp-content\/uploads\/2026\/02\/Pink-Sleeping-Reborn.mp4\">https:\/\/www.mkreborns.com\/wp-content\/uploads\/2026\/02\/Pink-Sleeping-Reborn.mp4<\/a><\/video><\/div>\n<p><img decoding=\"async\" class=\"aligncenter wp-image-3616 size-full\" src=\"https:\/\/www.mkreborns.com\/wp-content\/themes\/woodmart\/images\/lazy.svg\" data-src=\"https:\/\/www.mkreborns.com\/wp-content\/uploads\/2026\/02\/Pink-Sleeping-Reborn-9.jpg\" alt=\"\" width=\"800\" height=\"800\" title=\"\" srcset=\"\" data-srcset=\"https:\/\/www.mkreborns.com\/wp-content\/uploads\/2026\/02\/Pink-Sleeping-Reborn-9.jpg 800w, https:\/\/www.mkreborns.com\/wp-content\/uploads\/2026\/02\/Pink-Sleeping-Reborn-9-150x150.jpg 150w, https:\/\/www.mkreborns.com\/wp-content\/uploads\/2026\/02\/Pink-Sleeping-Reborn-9-700x700.jpg 700w, https:\/\/www.mkreborns.com\/wp-content\/uploads\/2026\/02\/Pink-Sleeping-Reborn-9-300x300.jpg 300w, https:\/\/www.mkreborns.com\/wp-content\/uploads\/2026\/02\/Pink-Sleeping-Reborn-9-768x768.jpg 768w\" sizes=\"(max-width: 800px) 100vw, 800px\" \/> <img decoding=\"async\" class=\"aligncenter wp-image-3614 size-full\" src=\"https:\/\/www.mkreborns.com\/wp-content\/themes\/woodmart\/images\/lazy.svg\" data-src=\"https:\/\/www.mkreborns.com\/wp-content\/uploads\/2026\/02\/Pink-Sleeping-Reborn-7.jpg\" alt=\"Prerojena pun\u010dka deklica v roza spalni obleki, mehak PVC, velikost 45 cm, idealna za zbiratelje in otroke.\" width=\"800\" height=\"800\" title=\"\" srcset=\"\" data-srcset=\"https:\/\/www.mkreborns.com\/wp-content\/uploads\/2026\/02\/Pink-Sleeping-Reborn-7.jpg 800w, https:\/\/www.mkreborns.com\/wp-content\/uploads\/2026\/02\/Pink-Sleeping-Reborn-7-150x150.jpg 150w, https:\/\/www.mkreborns.com\/wp-content\/uploads\/2026\/02\/Pink-Sleeping-Reborn-7-700x700.jpg 700w, https:\/\/www.mkreborns.com\/wp-content\/uploads\/2026\/02\/Pink-Sleeping-Reborn-7-300x300.jpg 300w, https:\/\/www.mkreborns.com\/wp-content\/uploads\/2026\/02\/Pink-Sleeping-Reborn-7-768x768.jpg 768w\" sizes=\"(max-width: 800px) 100vw, 800px\" \/><\/p>","protected":false},"excerpt":{"rendered":"<p>Pogled na novorojen\u010dka, ki spi z zaprtimi o\u010dmi in zadovoljno sesa dudo, je zelo pomirjujo\u010d za tesnoben um.<\/p>\n<p>Usta reborn lutke so magnetna, kar omogo\u010da uporabo magnetne dude.<\/p>","protected":false},"featured_media":3615,"comment_status":"open","ping_status":"closed","template":"","meta":[],"product_brand":[],"product_cat":[144,151,155,156,152],"product_tag":[],"class_list":{"0":"post-3607","1":"product","2":"type-product","3":"status-publish","4":"has-post-thumbnail","6":"product_cat-baby-girl-reborn-dolls","7":"product_cat-18-inch-reborn-dolls","8":"product_cat-cute-reborn-dolls","9":"product_cat-life-sized-dolls","10":"product_cat-vinyl-reborn-dolls","12":"first","13":"instock","14":"sale","15":"shipping-taxable","16":"purchasable","17":"product-type-simple"},"_links":{"self":[{"href":"https:\/\/www.mkreborns.com\/sl\/wp-json\/wp\/v2\/product\/3607","targetHints":{"allow":["GET"]}}],"collection":[{"href":"https:\/\/www.mkreborns.com\/sl\/wp-json\/wp\/v2\/product"}],"about":[{"href":"https:\/\/www.mkreborns.com\/sl\/wp-json\/wp\/v2\/types\/product"}],"replies":[{"embeddable":true,"href":"https:\/\/www.mkreborns.com\/sl\/wp-json\/wp\/v2\/comments?post=3607"}],"wp:featuredmedia":[{"embeddable":true,"href":"https:\/\/www.mkreborns.com\/sl\/wp-json\/wp\/v2\/media\/3615"}],"wp:attachment":[{"href":"https:\/\/www.mkreborns.com\/sl\/wp-json\/wp\/v2\/media?parent=3607"}],"wp:term":[{"taxonomy":"product_brand","embeddable":true,"href":"https:\/\/www.mkreborns.com\/sl\/wp-json\/wp\/v2\/product_brand?post=3607"},{"taxonomy":"product_cat","embeddable":true,"href":"https:\/\/www.mkreborns.com\/sl\/wp-json\/wp\/v2\/product_cat?post=3607"},{"taxonomy":"product_tag","embeddable":true,"href":"https:\/\/www.mkreborns.com\/sl\/wp-json\/wp\/v2\/product_tag?post=3607"}],"curies":[{"name":"delovni list","href":"https:\/\/api.w.org\/{rel}","templated":true}]}}