{"id":3552,"date":"2026-01-30T08:42:16","date_gmt":"2026-01-30T08:42:16","guid":{"rendered":"https:\/\/www.mkreborns.com\/?post_type=product&#038;p=3552"},"modified":"2026-03-18T15:09:45","modified_gmt":"2026-03-18T15:09:45","slug":"owen-lifelike-pvc-baby-reborn-doll","status":"publish","type":"product","link":"https:\/\/www.mkreborns.com\/sl\/product\/owen-lifelike-pvc-baby-reborn-doll\/","title":{"rendered":"Owen Realisti\u010dna PVC prerojena lutka"},"content":{"rendered":"<p>Ena najbolj privla\u010dnih prednosti teh reborn vinilnih pun\u010dk je njihova cena. Popolnoma silikonske reborn pun\u010dke so obi\u010dajno veliko dra\u017eje zaradi razlik v materialih in postopkih barvanja. Popolnoma vinilne reborn pun\u010dke pa so relativno poceni, a mnoge so \u0161e vedno umetni\u0161ke mojstrovine. To pomeni, da lahko kupite enako lepo in udobno Reborn pun\u010dko za manj denarja, zaradi \u010desar je zelo prijazna mo\u017enost za kupce, ki kupujejo prvi\u010d, ali tiste z omejenim prora\u010dunom. \u010ce i\u0161\u010dete darilo za prijatelja ali dru\u017einskega \u010dlana, je visokokakovostna reborn vinil prav tako odli\u010dna izbira.<\/p>\n<p>Prerojena pun\u010dka je videti neverjetno ljubka, saj zadovoljno sesa svojo dudo.<\/p>\n<p>Spol: Fant<br \/>\nTe\u017ea: 1,3 kg<br \/>\nVi\u0161ina: 18 palcev<br \/>\nMaterial: PVC<\/p>\n<div style=\"width: 720px;\" class=\"wp-video\"><video class=\"wp-video-shortcode\" id=\"video-3552-1\" width=\"720\" height=\"960\" preload=\"metadata\" controls=\"controls\"><source type=\"video\/mp4\" src=\"https:\/\/www.mkreborns.com\/wp-content\/uploads\/2026\/01\/angel-baby-doll.mp4?_=1\" \/><a href=\"https:\/\/www.mkreborns.com\/wp-content\/uploads\/2026\/01\/angel-baby-doll.mp4\">https:\/\/www.mkreborns.com\/wp-content\/uploads\/2026\/01\/angel-baby-doll.mp4<\/a><\/video><\/div>\n<p><img decoding=\"async\" class=\"aligncenter wp-image-3601 size-full\" src=\"https:\/\/www.mkreborns.com\/wp-content\/themes\/woodmart\/images\/lazy.svg\" data-src=\"https:\/\/www.mkreborns.com\/wp-content\/uploads\/2026\/01\/angel-baby-doll10.jpg\" alt=\"\" width=\"800\" height=\"800\" title=\"\" srcset=\"\" data-srcset=\"https:\/\/www.mkreborns.com\/wp-content\/uploads\/2026\/01\/angel-baby-doll10.jpg 800w, https:\/\/www.mkreborns.com\/wp-content\/uploads\/2026\/01\/angel-baby-doll10-150x150.jpg 150w, https:\/\/www.mkreborns.com\/wp-content\/uploads\/2026\/01\/angel-baby-doll10-700x700.jpg 700w, https:\/\/www.mkreborns.com\/wp-content\/uploads\/2026\/01\/angel-baby-doll10-300x300.jpg 300w, https:\/\/www.mkreborns.com\/wp-content\/uploads\/2026\/01\/angel-baby-doll10-768x768.jpg 768w\" sizes=\"(max-width: 800px) 100vw, 800px\" \/><img decoding=\"async\" class=\"aligncenter wp-image-3599 size-full\" src=\"https:\/\/www.mkreborns.com\/wp-content\/themes\/woodmart\/images\/lazy.svg\" data-src=\"https:\/\/www.mkreborns.com\/wp-content\/uploads\/2026\/01\/angel-baby-doll8.jpg\" alt=\"Realisti\u010dna PVC prerojena lutka za zbiratelje in otroke.\" width=\"800\" height=\"800\" title=\"\" srcset=\"\" data-srcset=\"https:\/\/www.mkreborns.com\/wp-content\/uploads\/2026\/01\/angel-baby-doll8.jpg 800w, https:\/\/www.mkreborns.com\/wp-content\/uploads\/2026\/01\/angel-baby-doll8-150x150.jpg 150w, https:\/\/www.mkreborns.com\/wp-content\/uploads\/2026\/01\/angel-baby-doll8-700x700.jpg 700w, https:\/\/www.mkreborns.com\/wp-content\/uploads\/2026\/01\/angel-baby-doll8-300x300.jpg 300w, https:\/\/www.mkreborns.com\/wp-content\/uploads\/2026\/01\/angel-baby-doll8-768x768.jpg 768w\" sizes=\"(max-width: 800px) 100vw, 800px\" \/><\/p>","protected":false},"excerpt":{"rendered":"<p>Kupite to reborn vinilno pun\u010dko in prejmite brezpla\u010dna obla\u010dila, plenice in rojstni list. Usta Reborn pun\u010dke so magnetna, kar omogo\u010da uporabo magnetne dude.<\/p>","protected":false},"featured_media":3592,"comment_status":"open","ping_status":"closed","template":"","meta":[],"product_brand":[],"product_cat":[151,145,154,157,152],"product_tag":[],"class_list":{"0":"post-3552","1":"product","2":"type-product","3":"status-publish","4":"has-post-thumbnail","6":"product_cat-18-inch-reborn-dolls","7":"product_cat-baby-boy-reborn-dolls","8":"product_cat-lifelike-reborn-dolls","9":"product_cat-real-life-baby-dolls","10":"product_cat-vinyl-reborn-dolls","12":"first","13":"instock","14":"sale","15":"shipping-taxable","16":"purchasable","17":"product-type-simple"},"_links":{"self":[{"href":"https:\/\/www.mkreborns.com\/sl\/wp-json\/wp\/v2\/product\/3552","targetHints":{"allow":["GET"]}}],"collection":[{"href":"https:\/\/www.mkreborns.com\/sl\/wp-json\/wp\/v2\/product"}],"about":[{"href":"https:\/\/www.mkreborns.com\/sl\/wp-json\/wp\/v2\/types\/product"}],"replies":[{"embeddable":true,"href":"https:\/\/www.mkreborns.com\/sl\/wp-json\/wp\/v2\/comments?post=3552"}],"wp:featuredmedia":[{"embeddable":true,"href":"https:\/\/www.mkreborns.com\/sl\/wp-json\/wp\/v2\/media\/3592"}],"wp:attachment":[{"href":"https:\/\/www.mkreborns.com\/sl\/wp-json\/wp\/v2\/media?parent=3552"}],"wp:term":[{"taxonomy":"product_brand","embeddable":true,"href":"https:\/\/www.mkreborns.com\/sl\/wp-json\/wp\/v2\/product_brand?post=3552"},{"taxonomy":"product_cat","embeddable":true,"href":"https:\/\/www.mkreborns.com\/sl\/wp-json\/wp\/v2\/product_cat?post=3552"},{"taxonomy":"product_tag","embeddable":true,"href":"https:\/\/www.mkreborns.com\/sl\/wp-json\/wp\/v2\/product_tag?post=3552"}],"curies":[{"name":"delovni list","href":"https:\/\/api.w.org\/{rel}","templated":true}]}}