{"id":3361,"date":"2026-01-19T15:36:46","date_gmt":"2026-01-19T15:36:46","guid":{"rendered":"https:\/\/www.mkreborns.com\/?post_type=product&#038;p=3361"},"modified":"2026-03-16T15:14:37","modified_gmt":"2026-03-16T15:14:37","slug":"murray-full-silicone-baby-reborn-doll","status":"publish","type":"product","link":"https:\/\/www.mkreborns.com\/sl\/product\/murray-full-silicone-baby-reborn-doll\/","title":{"rendered":"Murray popolnoma silikonska reborn otro\u0161ka lutka"},"content":{"rendered":"<p>Ta prerojena pun\u010dka je videti kot novorojen\u010dek, ki sladko spi. Ko pun\u010dko prejmete, jo lahko oble\u010dete tako kot pravega dojen\u010dka. Lahko jo oble\u010dete v ljubka obla\u010dilca, ji nadenete majhen klobuk in jo zavijete v mehko odejico. Ta proces je poln zdravljenja in zabave; opazovanje, kako prerojena pun\u010dka v va\u0161ih rokah postaja \u010dudovita, je pravi u\u017eitek.<\/p>\n<p>&nbsp;<\/p>\n<p>Spol: Fant<br \/>\nTe\u017ea: 3,96 lb<br \/>\nVi\u0161ina: 15,7 palcev<br \/>\nMaterial: Silikon<\/p>\n<p>&nbsp;<\/p>\n<div style=\"width: 1920px;\" class=\"wp-video\"><video class=\"wp-video-shortcode\" id=\"video-3361-1\" width=\"1920\" height=\"1080\" preload=\"metadata\" controls=\"controls\"><source type=\"video\/mp4\" src=\"https:\/\/www.mkreborns.com\/wp-content\/uploads\/2026\/01\/murray-reborn-doll.mp4?_=1\" \/><a href=\"https:\/\/www.mkreborns.com\/wp-content\/uploads\/2026\/01\/murray-reborn-doll.mp4\">https:\/\/www.mkreborns.com\/wp-content\/uploads\/2026\/01\/murray-reborn-doll.mp4<\/a><\/video><\/div>\n<p><img decoding=\"async\" class=\"aligncenter wp-image-3482 size-full\" src=\"https:\/\/www.mkreborns.com\/wp-content\/themes\/woodmart\/images\/lazy.svg\" data-src=\"https:\/\/www.mkreborns.com\/wp-content\/uploads\/2026\/01\/murray-reborn-doll1-1.jpg\" alt=\"Silikonska pun\u010dka prerojena z realisti\u010dnimi potezami in mehkim dotikom, idealna za zbiratelje in \u010dustveno naravnane.\" width=\"1464\" height=\"600\" title=\"\" srcset=\"\" data-srcset=\"https:\/\/www.mkreborns.com\/wp-content\/uploads\/2026\/01\/murray-reborn-doll1-1.jpg 1464w, https:\/\/www.mkreborns.com\/wp-content\/uploads\/2026\/01\/murray-reborn-doll1-1-150x61.jpg 150w, https:\/\/www.mkreborns.com\/wp-content\/uploads\/2026\/01\/murray-reborn-doll1-1-700x287.jpg 700w, https:\/\/www.mkreborns.com\/wp-content\/uploads\/2026\/01\/murray-reborn-doll1-1-400x164.jpg 400w, https:\/\/www.mkreborns.com\/wp-content\/uploads\/2026\/01\/murray-reborn-doll1-1-1300x533.jpg 1300w, https:\/\/www.mkreborns.com\/wp-content\/uploads\/2026\/01\/murray-reborn-doll1-1-768x315.jpg 768w\" sizes=\"(max-width: 1464px) 100vw, 1464px\" \/> <img decoding=\"async\" class=\"aligncenter wp-image-3483 size-full\" src=\"https:\/\/www.mkreborns.com\/wp-content\/themes\/woodmart\/images\/lazy.svg\" data-src=\"https:\/\/www.mkreborns.com\/wp-content\/uploads\/2026\/01\/murray-reborn-doll2-1.jpg\" alt=\"\" width=\"1464\" height=\"600\" title=\"\" srcset=\"\" data-srcset=\"https:\/\/www.mkreborns.com\/wp-content\/uploads\/2026\/01\/murray-reborn-doll2-1.jpg 1464w, https:\/\/www.mkreborns.com\/wp-content\/uploads\/2026\/01\/murray-reborn-doll2-1-150x61.jpg 150w, https:\/\/www.mkreborns.com\/wp-content\/uploads\/2026\/01\/murray-reborn-doll2-1-700x287.jpg 700w, https:\/\/www.mkreborns.com\/wp-content\/uploads\/2026\/01\/murray-reborn-doll2-1-400x164.jpg 400w, https:\/\/www.mkreborns.com\/wp-content\/uploads\/2026\/01\/murray-reborn-doll2-1-1300x533.jpg 1300w, https:\/\/www.mkreborns.com\/wp-content\/uploads\/2026\/01\/murray-reborn-doll2-1-768x315.jpg 768w\" sizes=\"(max-width: 1464px) 100vw, 1464px\" \/> <img decoding=\"async\" class=\"aligncenter wp-image-3484 size-full\" src=\"https:\/\/www.mkreborns.com\/wp-content\/themes\/woodmart\/images\/lazy.svg\" data-src=\"https:\/\/www.mkreborns.com\/wp-content\/uploads\/2026\/01\/murray-reborn-doll3-1.jpg\" alt=\"\" width=\"1464\" height=\"600\" title=\"\" srcset=\"\" data-srcset=\"https:\/\/www.mkreborns.com\/wp-content\/uploads\/2026\/01\/murray-reborn-doll3-1.jpg 1464w, https:\/\/www.mkreborns.com\/wp-content\/uploads\/2026\/01\/murray-reborn-doll3-1-150x61.jpg 150w, https:\/\/www.mkreborns.com\/wp-content\/uploads\/2026\/01\/murray-reborn-doll3-1-700x287.jpg 700w, https:\/\/www.mkreborns.com\/wp-content\/uploads\/2026\/01\/murray-reborn-doll3-1-400x164.jpg 400w, https:\/\/www.mkreborns.com\/wp-content\/uploads\/2026\/01\/murray-reborn-doll3-1-1300x533.jpg 1300w, https:\/\/www.mkreborns.com\/wp-content\/uploads\/2026\/01\/murray-reborn-doll3-1-768x315.jpg 768w\" sizes=\"(max-width: 1464px) 100vw, 1464px\" \/> <img decoding=\"async\" class=\"aligncenter wp-image-3485 size-full\" src=\"https:\/\/www.mkreborns.com\/wp-content\/themes\/woodmart\/images\/lazy.svg\" data-src=\"https:\/\/www.mkreborns.com\/wp-content\/uploads\/2026\/01\/murray-reborn-doll4-1.jpg\" alt=\"Realisti\u010dna silikonska prerojena pun\u010dka Baby za zbiratelje.\" width=\"1464\" height=\"600\" title=\"\" srcset=\"\" data-srcset=\"https:\/\/www.mkreborns.com\/wp-content\/uploads\/2026\/01\/murray-reborn-doll4-1.jpg 1464w, https:\/\/www.mkreborns.com\/wp-content\/uploads\/2026\/01\/murray-reborn-doll4-1-150x61.jpg 150w, https:\/\/www.mkreborns.com\/wp-content\/uploads\/2026\/01\/murray-reborn-doll4-1-700x287.jpg 700w, https:\/\/www.mkreborns.com\/wp-content\/uploads\/2026\/01\/murray-reborn-doll4-1-400x164.jpg 400w, https:\/\/www.mkreborns.com\/wp-content\/uploads\/2026\/01\/murray-reborn-doll4-1-1300x533.jpg 1300w, https:\/\/www.mkreborns.com\/wp-content\/uploads\/2026\/01\/murray-reborn-doll4-1-768x315.jpg 768w\" sizes=\"(max-width: 1464px) 100vw, 1464px\" \/> <img decoding=\"async\" class=\"aligncenter wp-image-3486 size-full\" src=\"https:\/\/www.mkreborns.com\/wp-content\/themes\/woodmart\/images\/lazy.svg\" data-src=\"https:\/\/www.mkreborns.com\/wp-content\/uploads\/2026\/01\/murray-reborn-doll5-1.jpg\" alt=\"Reborn silikonska pun\u010dka, realisti\u010dna pun\u010dka Murray za zbiratelje in otroke. Popolno darilo za pun\u010dko.\" width=\"1464\" height=\"600\" title=\"\" srcset=\"\" data-srcset=\"https:\/\/www.mkreborns.com\/wp-content\/uploads\/2026\/01\/murray-reborn-doll5-1.jpg 1464w, https:\/\/www.mkreborns.com\/wp-content\/uploads\/2026\/01\/murray-reborn-doll5-1-150x61.jpg 150w, https:\/\/www.mkreborns.com\/wp-content\/uploads\/2026\/01\/murray-reborn-doll5-1-700x287.jpg 700w, https:\/\/www.mkreborns.com\/wp-content\/uploads\/2026\/01\/murray-reborn-doll5-1-400x164.jpg 400w, https:\/\/www.mkreborns.com\/wp-content\/uploads\/2026\/01\/murray-reborn-doll5-1-1300x533.jpg 1300w, https:\/\/www.mkreborns.com\/wp-content\/uploads\/2026\/01\/murray-reborn-doll5-1-768x315.jpg 768w\" sizes=\"(max-width: 1464px) 100vw, 1464px\" \/><\/p>","protected":false},"excerpt":{"rendered":"<p>Prihod realisti\u010dne silikonske prerojene lutke lahko v va\u0161e \u017eivljenje vnese bogastvo barv.<\/p>","protected":false},"featured_media":3478,"comment_status":"open","ping_status":"closed","template":"","meta":[],"product_brand":[],"product_cat":[145,158,155,146,154],"product_tag":[],"class_list":{"0":"post-3361","1":"product","2":"type-product","3":"status-publish","4":"has-post-thumbnail","6":"product_cat-baby-boy-reborn-dolls","7":"product_cat-15-inch-baby-dolls","8":"product_cat-cute-reborn-dolls","9":"product_cat-full-silicone-reborn-dolls","10":"product_cat-lifelike-reborn-dolls","12":"first","13":"instock","14":"sale","15":"shipping-taxable","16":"purchasable","17":"product-type-simple"},"_links":{"self":[{"href":"https:\/\/www.mkreborns.com\/sl\/wp-json\/wp\/v2\/product\/3361","targetHints":{"allow":["GET"]}}],"collection":[{"href":"https:\/\/www.mkreborns.com\/sl\/wp-json\/wp\/v2\/product"}],"about":[{"href":"https:\/\/www.mkreborns.com\/sl\/wp-json\/wp\/v2\/types\/product"}],"replies":[{"embeddable":true,"href":"https:\/\/www.mkreborns.com\/sl\/wp-json\/wp\/v2\/comments?post=3361"}],"wp:featuredmedia":[{"embeddable":true,"href":"https:\/\/www.mkreborns.com\/sl\/wp-json\/wp\/v2\/media\/3478"}],"wp:attachment":[{"href":"https:\/\/www.mkreborns.com\/sl\/wp-json\/wp\/v2\/media?parent=3361"}],"wp:term":[{"taxonomy":"product_brand","embeddable":true,"href":"https:\/\/www.mkreborns.com\/sl\/wp-json\/wp\/v2\/product_brand?post=3361"},{"taxonomy":"product_cat","embeddable":true,"href":"https:\/\/www.mkreborns.com\/sl\/wp-json\/wp\/v2\/product_cat?post=3361"},{"taxonomy":"product_tag","embeddable":true,"href":"https:\/\/www.mkreborns.com\/sl\/wp-json\/wp\/v2\/product_tag?post=3361"}],"curies":[{"name":"delovni list","href":"https:\/\/api.w.org\/{rel}","templated":true}]}}