{"id":3266,"date":"2026-01-18T16:20:06","date_gmt":"2026-01-18T16:20:06","guid":{"rendered":"https:\/\/www.mkreborns.com\/?post_type=product&#038;p=3266"},"modified":"2026-03-15T15:29:17","modified_gmt":"2026-03-15T15:29:17","slug":"ivita-full-silicone-tiny-reborn-doll","status":"publish","type":"product","link":"https:\/\/www.mkreborns.com\/sl\/product\/ivita-full-silicone-tiny-reborn-doll\/","title":{"rendered":"Ivita polna silikonska mini prerojena lutka"},"content":{"rendered":"<p>&nbsp;<\/p>\n<p>Prikupnost te silikonske reborn lutke ne izvira iz pretiranih risanih podob, temve\u010d iz pristnega, nagonskega ob\u010dutka \u017eivljenja. Poleg tega se drobna lutka pona\u0161a z neverjetno realisti\u010dnimi podrobnostmi; njen \u010dar se skriva v vsaki posamezni podrobnosti. Te\u017ea reborn lutke je kot zibanje dojen\u010dka. Njena mehka silikonska ko\u017ea, ne\u017ene trepalnice \u2013 vse na njej spominja na novorojen\u010dka, ki pravkar zaspi. Ta realizem vas nezavedno sili, da se premikate ne\u017eneje, kar vzbuja ob\u010dutek ne\u017enosti.<\/p>\n<p>&nbsp;<\/p>\n<p>Spol: Dekle<br \/>\nTe\u017ea: 3,74 lb<br \/>\nVi\u0161ina: 15,7 palcev<br \/>\nMaterial: Silikon<\/p>\n<p>&nbsp;<\/p>\n<div style=\"width: 1920px;\" class=\"wp-video\"><video class=\"wp-video-shortcode\" id=\"video-3266-1\" width=\"1920\" height=\"1080\" preload=\"metadata\" controls=\"controls\"><source type=\"video\/mp4\" src=\"https:\/\/www.mkreborns.com\/wp-content\/uploads\/2026\/01\/Ivita-Reborn-Baby.mp4?_=1\" \/><a href=\"https:\/\/www.mkreborns.com\/wp-content\/uploads\/2026\/01\/Ivita-Reborn-Baby.mp4\">https:\/\/www.mkreborns.com\/wp-content\/uploads\/2026\/01\/Ivita-Reborn-Baby.mp4<\/a><\/video><\/div>\n<p><img decoding=\"async\" class=\"aligncenter wp-image-3267 size-full\" src=\"https:\/\/www.mkreborns.com\/wp-content\/themes\/woodmart\/images\/lazy.svg\" data-src=\"https:\/\/www.mkreborns.com\/wp-content\/uploads\/2026\/01\/Ivita-Reborn-Baby1.jpg\" alt=\"Silikonska prerojena pun\u010dka za zbiratelje in otroke.\" width=\"1464\" height=\"600\" title=\"\" srcset=\"\" data-srcset=\"https:\/\/www.mkreborns.com\/wp-content\/uploads\/2026\/01\/Ivita-Reborn-Baby1.jpg 1464w, https:\/\/www.mkreborns.com\/wp-content\/uploads\/2026\/01\/Ivita-Reborn-Baby1-150x61.jpg 150w, https:\/\/www.mkreborns.com\/wp-content\/uploads\/2026\/01\/Ivita-Reborn-Baby1-700x287.jpg 700w, https:\/\/www.mkreborns.com\/wp-content\/uploads\/2026\/01\/Ivita-Reborn-Baby1-400x164.jpg 400w, https:\/\/www.mkreborns.com\/wp-content\/uploads\/2026\/01\/Ivita-Reborn-Baby1-1300x533.jpg 1300w, https:\/\/www.mkreborns.com\/wp-content\/uploads\/2026\/01\/Ivita-Reborn-Baby1-768x315.jpg 768w\" sizes=\"(max-width: 1464px) 100vw, 1464px\" \/> <img decoding=\"async\" class=\"aligncenter wp-image-3268 size-full\" src=\"https:\/\/www.mkreborns.com\/wp-content\/themes\/woodmart\/images\/lazy.svg\" data-src=\"https:\/\/www.mkreborns.com\/wp-content\/uploads\/2026\/01\/Ivita-Reborn-Baby2.jpg\" alt=\"Realisti\u010dna silikonska pun\u010dka dojen\u010dka za zbiratelje in otroke.\" width=\"1464\" height=\"600\" title=\"\" srcset=\"\" data-srcset=\"https:\/\/www.mkreborns.com\/wp-content\/uploads\/2026\/01\/Ivita-Reborn-Baby2.jpg 1464w, https:\/\/www.mkreborns.com\/wp-content\/uploads\/2026\/01\/Ivita-Reborn-Baby2-150x61.jpg 150w, https:\/\/www.mkreborns.com\/wp-content\/uploads\/2026\/01\/Ivita-Reborn-Baby2-700x287.jpg 700w, https:\/\/www.mkreborns.com\/wp-content\/uploads\/2026\/01\/Ivita-Reborn-Baby2-400x164.jpg 400w, https:\/\/www.mkreborns.com\/wp-content\/uploads\/2026\/01\/Ivita-Reborn-Baby2-1300x533.jpg 1300w, https:\/\/www.mkreborns.com\/wp-content\/uploads\/2026\/01\/Ivita-Reborn-Baby2-768x315.jpg 768w\" sizes=\"(max-width: 1464px) 100vw, 1464px\" \/> <img decoding=\"async\" class=\"aligncenter wp-image-3269 size-full\" src=\"https:\/\/www.mkreborns.com\/wp-content\/themes\/woodmart\/images\/lazy.svg\" data-src=\"https:\/\/www.mkreborns.com\/wp-content\/uploads\/2026\/01\/Ivita-Reborn-Baby3.jpg\" alt=\"\u010cudovita silikonska drobna reborn pun\u010dka Ivita z realisti\u010dnimi lastnostmi za zbiratelje.\" width=\"1464\" height=\"600\" title=\"\" srcset=\"\" data-srcset=\"https:\/\/www.mkreborns.com\/wp-content\/uploads\/2026\/01\/Ivita-Reborn-Baby3.jpg 1464w, https:\/\/www.mkreborns.com\/wp-content\/uploads\/2026\/01\/Ivita-Reborn-Baby3-150x61.jpg 150w, https:\/\/www.mkreborns.com\/wp-content\/uploads\/2026\/01\/Ivita-Reborn-Baby3-700x287.jpg 700w, https:\/\/www.mkreborns.com\/wp-content\/uploads\/2026\/01\/Ivita-Reborn-Baby3-400x164.jpg 400w, https:\/\/www.mkreborns.com\/wp-content\/uploads\/2026\/01\/Ivita-Reborn-Baby3-1300x533.jpg 1300w, https:\/\/www.mkreborns.com\/wp-content\/uploads\/2026\/01\/Ivita-Reborn-Baby3-768x315.jpg 768w\" sizes=\"(max-width: 1464px) 100vw, 1464px\" \/> <img decoding=\"async\" class=\"aligncenter wp-image-3270 size-full\" src=\"https:\/\/www.mkreborns.com\/wp-content\/themes\/woodmart\/images\/lazy.svg\" data-src=\"https:\/\/www.mkreborns.com\/wp-content\/uploads\/2026\/01\/Ivita-Reborn-Baby4.jpg\" alt=\"Miniaturna silikonska prerojena pun\u010dka - Ivita, realisti\u010den miniaturni dojen\u010dek za zbiratelje.\" width=\"1464\" height=\"600\" title=\"\" srcset=\"\" data-srcset=\"https:\/\/www.mkreborns.com\/wp-content\/uploads\/2026\/01\/Ivita-Reborn-Baby4.jpg 1464w, https:\/\/www.mkreborns.com\/wp-content\/uploads\/2026\/01\/Ivita-Reborn-Baby4-150x61.jpg 150w, https:\/\/www.mkreborns.com\/wp-content\/uploads\/2026\/01\/Ivita-Reborn-Baby4-700x287.jpg 700w, https:\/\/www.mkreborns.com\/wp-content\/uploads\/2026\/01\/Ivita-Reborn-Baby4-400x164.jpg 400w, https:\/\/www.mkreborns.com\/wp-content\/uploads\/2026\/01\/Ivita-Reborn-Baby4-1300x533.jpg 1300w, https:\/\/www.mkreborns.com\/wp-content\/uploads\/2026\/01\/Ivita-Reborn-Baby4-768x315.jpg 768w\" sizes=\"(max-width: 1464px) 100vw, 1464px\" \/> <img decoding=\"async\" class=\"aligncenter wp-image-3271 size-full\" src=\"https:\/\/www.mkreborns.com\/wp-content\/themes\/woodmart\/images\/lazy.svg\" data-src=\"https:\/\/www.mkreborns.com\/wp-content\/uploads\/2026\/01\/Ivita-Reborn-Baby5.jpg\" alt=\"Silikonska mini pun\u010dka Reborns Ivita za zbiratelje in otroke.\" width=\"1464\" height=\"600\" title=\"\" srcset=\"\" data-srcset=\"https:\/\/www.mkreborns.com\/wp-content\/uploads\/2026\/01\/Ivita-Reborn-Baby5.jpg 1464w, https:\/\/www.mkreborns.com\/wp-content\/uploads\/2026\/01\/Ivita-Reborn-Baby5-150x61.jpg 150w, https:\/\/www.mkreborns.com\/wp-content\/uploads\/2026\/01\/Ivita-Reborn-Baby5-700x287.jpg 700w, https:\/\/www.mkreborns.com\/wp-content\/uploads\/2026\/01\/Ivita-Reborn-Baby5-400x164.jpg 400w, https:\/\/www.mkreborns.com\/wp-content\/uploads\/2026\/01\/Ivita-Reborn-Baby5-1300x533.jpg 1300w, https:\/\/www.mkreborns.com\/wp-content\/uploads\/2026\/01\/Ivita-Reborn-Baby5-768x315.jpg 768w\" sizes=\"(max-width: 1464px) 100vw, 1464px\" \/><\/p>","protected":false},"excerpt":{"rendered":"<p>Ta novorojen\u010dek sladko spi, popolnoma nezavedna sveta okoli sebe. Ob pogledu na prerojeno pun\u010dko boste za\u010dutili, da je svet ne\u017een in neverjetno pomirjujo\u010d za va\u0161e tesnobe.<\/p>","protected":false},"featured_media":3290,"comment_status":"open","ping_status":"closed","template":"","meta":[],"product_brand":[],"product_cat":[144,158,146,156,153],"product_tag":[],"class_list":{"0":"post-3266","1":"product","2":"type-product","3":"status-publish","4":"has-post-thumbnail","6":"product_cat-baby-girl-reborn-dolls","7":"product_cat-15-inch-baby-dolls","8":"product_cat-full-silicone-reborn-dolls","9":"product_cat-life-sized-dolls","10":"product_cat-newborn-reborn-dolls","12":"first","13":"instock","14":"sale","15":"shipping-taxable","16":"purchasable","17":"product-type-simple"},"_links":{"self":[{"href":"https:\/\/www.mkreborns.com\/sl\/wp-json\/wp\/v2\/product\/3266","targetHints":{"allow":["GET"]}}],"collection":[{"href":"https:\/\/www.mkreborns.com\/sl\/wp-json\/wp\/v2\/product"}],"about":[{"href":"https:\/\/www.mkreborns.com\/sl\/wp-json\/wp\/v2\/types\/product"}],"replies":[{"embeddable":true,"href":"https:\/\/www.mkreborns.com\/sl\/wp-json\/wp\/v2\/comments?post=3266"}],"wp:featuredmedia":[{"embeddable":true,"href":"https:\/\/www.mkreborns.com\/sl\/wp-json\/wp\/v2\/media\/3290"}],"wp:attachment":[{"href":"https:\/\/www.mkreborns.com\/sl\/wp-json\/wp\/v2\/media?parent=3266"}],"wp:term":[{"taxonomy":"product_brand","embeddable":true,"href":"https:\/\/www.mkreborns.com\/sl\/wp-json\/wp\/v2\/product_brand?post=3266"},{"taxonomy":"product_cat","embeddable":true,"href":"https:\/\/www.mkreborns.com\/sl\/wp-json\/wp\/v2\/product_cat?post=3266"},{"taxonomy":"product_tag","embeddable":true,"href":"https:\/\/www.mkreborns.com\/sl\/wp-json\/wp\/v2\/product_tag?post=3266"}],"curies":[{"name":"delovni list","href":"https:\/\/api.w.org\/{rel}","templated":true}]}}