{"id":3150,"date":"2026-01-10T16:58:17","date_gmt":"2026-01-10T16:58:17","guid":{"rendered":"https:\/\/www.mkreborns.com\/?post_type=product&#038;p=3150"},"modified":"2026-03-15T15:36:13","modified_gmt":"2026-03-15T15:36:13","slug":"berenguer-new-reborn-silicone-baby-doll","status":"publish","type":"product","link":"https:\/\/www.mkreborns.com\/sl\/product\/berenguer-new-reborn-silicone-baby-doll\/","title":{"rendered":"Berenguer nova silikonska reborn otro\u0161ka lutka"},"content":{"rendered":"<p>Ta prerojena pun\u010dka je deklica. Z zaprtimi o\u010dmi spominja na spe\u010dega novorojen\u010dka. Ta realisti\u010dna prerojena pun\u010dka, izdelana iz silikona, je visoka le 38 centimetrov, njena drobna velikost pa spominja na novo razcvetel cvet, polna ljubkosti in upanja. Prerojena pun\u010dka predstavlja va\u0161o naj\u010distej\u0161o ljubezen in pri\u010dakovanje novega \u017eivljenja. Tudi brez \u017ealosti lahko nekdo, ki ljubi otroke, izpolni svoje star\u0161evske \u017eelje s skrbjo za pun\u010dko. U\u017eivate lahko v sre\u010di, da se na vas zanesete in da vam dajete. To je varna in brezstresna \u010dustvena podpora, ki vam bo naredila \u017eivljenje prijetnej\u0161e.<\/p>\n<p>&nbsp;<\/p>\n<div style=\"width: 1920px;\" class=\"wp-video\"><video class=\"wp-video-shortcode\" id=\"video-3150-1\" width=\"1920\" height=\"1080\" preload=\"metadata\" controls=\"controls\"><source type=\"video\/mp4\" src=\"https:\/\/www.mkreborns.com\/wp-content\/uploads\/2026\/01\/berenguer-reborn-doll.mp4?_=1\" \/><a href=\"https:\/\/www.mkreborns.com\/wp-content\/uploads\/2026\/01\/berenguer-reborn-doll.mp4\">https:\/\/www.mkreborns.com\/wp-content\/uploads\/2026\/01\/berenguer-reborn-doll.mp4<\/a><\/video><\/div>\n<p><img decoding=\"async\" class=\"aligncenter wp-image-3176 size-full\" src=\"https:\/\/www.mkreborns.com\/wp-content\/themes\/woodmart\/images\/lazy.svg\" data-src=\"https:\/\/www.mkreborns.com\/wp-content\/uploads\/2026\/01\/berenguer-reborn-doll-Details-1.jpg\" alt=\"Silikonska pun\u010dka prerojena z realisti\u010dnimi potezami in mehkim dotikom, idealna za zbiratelje in \u010dustveno naravnane.\" width=\"1464\" height=\"600\" title=\"\" srcset=\"\" data-srcset=\"https:\/\/www.mkreborns.com\/wp-content\/uploads\/2026\/01\/berenguer-reborn-doll-Details-1.jpg 1464w, https:\/\/www.mkreborns.com\/wp-content\/uploads\/2026\/01\/berenguer-reborn-doll-Details-1-150x61.jpg 150w, https:\/\/www.mkreborns.com\/wp-content\/uploads\/2026\/01\/berenguer-reborn-doll-Details-1-700x287.jpg 700w, https:\/\/www.mkreborns.com\/wp-content\/uploads\/2026\/01\/berenguer-reborn-doll-Details-1-400x164.jpg 400w, https:\/\/www.mkreborns.com\/wp-content\/uploads\/2026\/01\/berenguer-reborn-doll-Details-1-1300x533.jpg 1300w, https:\/\/www.mkreborns.com\/wp-content\/uploads\/2026\/01\/berenguer-reborn-doll-Details-1-768x315.jpg 768w\" sizes=\"(max-width: 1464px) 100vw, 1464px\" \/> <img decoding=\"async\" class=\"aligncenter wp-image-3177 size-full\" src=\"https:\/\/www.mkreborns.com\/wp-content\/themes\/woodmart\/images\/lazy.svg\" data-src=\"https:\/\/www.mkreborns.com\/wp-content\/uploads\/2026\/01\/berenguer-reborn-doll-Details-2.jpg\" alt=\"Realisti\u010dna silikonska pun\u010dka Berenguer s podrobnimi potezami in mehko ko\u017eo. Popolna za zbiratelje.\" width=\"1464\" height=\"600\" title=\"\" srcset=\"\" data-srcset=\"https:\/\/www.mkreborns.com\/wp-content\/uploads\/2026\/01\/berenguer-reborn-doll-Details-2.jpg 1464w, https:\/\/www.mkreborns.com\/wp-content\/uploads\/2026\/01\/berenguer-reborn-doll-Details-2-150x61.jpg 150w, https:\/\/www.mkreborns.com\/wp-content\/uploads\/2026\/01\/berenguer-reborn-doll-Details-2-700x287.jpg 700w, https:\/\/www.mkreborns.com\/wp-content\/uploads\/2026\/01\/berenguer-reborn-doll-Details-2-400x164.jpg 400w, https:\/\/www.mkreborns.com\/wp-content\/uploads\/2026\/01\/berenguer-reborn-doll-Details-2-1300x533.jpg 1300w, https:\/\/www.mkreborns.com\/wp-content\/uploads\/2026\/01\/berenguer-reborn-doll-Details-2-768x315.jpg 768w\" sizes=\"(max-width: 1464px) 100vw, 1464px\" \/> <img decoding=\"async\" class=\"aligncenter wp-image-3178 size-full\" src=\"https:\/\/www.mkreborns.com\/wp-content\/themes\/woodmart\/images\/lazy.svg\" data-src=\"https:\/\/www.mkreborns.com\/wp-content\/uploads\/2026\/01\/berenguer-reborn-doll-Details-3.jpg\" alt=\"Silikonska prerojena pun\u010dka deklica z zaprtimi o\u010dmi, realisti\u010dnimi potezami, idealna za zbiratelje in pun\u010dke.\" width=\"1464\" height=\"600\" title=\"\" srcset=\"\" data-srcset=\"https:\/\/www.mkreborns.com\/wp-content\/uploads\/2026\/01\/berenguer-reborn-doll-Details-3.jpg 1464w, https:\/\/www.mkreborns.com\/wp-content\/uploads\/2026\/01\/berenguer-reborn-doll-Details-3-150x61.jpg 150w, https:\/\/www.mkreborns.com\/wp-content\/uploads\/2026\/01\/berenguer-reborn-doll-Details-3-700x287.jpg 700w, https:\/\/www.mkreborns.com\/wp-content\/uploads\/2026\/01\/berenguer-reborn-doll-Details-3-400x164.jpg 400w, https:\/\/www.mkreborns.com\/wp-content\/uploads\/2026\/01\/berenguer-reborn-doll-Details-3-1300x533.jpg 1300w, https:\/\/www.mkreborns.com\/wp-content\/uploads\/2026\/01\/berenguer-reborn-doll-Details-3-768x315.jpg 768w\" sizes=\"(max-width: 1464px) 100vw, 1464px\" \/> <img decoding=\"async\" class=\"aligncenter wp-image-3179 size-full\" src=\"https:\/\/www.mkreborns.com\/wp-content\/themes\/woodmart\/images\/lazy.svg\" data-src=\"https:\/\/www.mkreborns.com\/wp-content\/uploads\/2026\/01\/berenguer-reborn-doll-Details-4.jpg\" alt=\"Realisti\u010dna silikonska prerojena pun\u010dka Berenguer za zbiratelje in navdu\u0161ence. Ro\u010dno izdelana z veliko podrobnostmi.\" width=\"1464\" height=\"600\" title=\"\" srcset=\"\" data-srcset=\"https:\/\/www.mkreborns.com\/wp-content\/uploads\/2026\/01\/berenguer-reborn-doll-Details-4.jpg 1464w, https:\/\/www.mkreborns.com\/wp-content\/uploads\/2026\/01\/berenguer-reborn-doll-Details-4-150x61.jpg 150w, https:\/\/www.mkreborns.com\/wp-content\/uploads\/2026\/01\/berenguer-reborn-doll-Details-4-700x287.jpg 700w, https:\/\/www.mkreborns.com\/wp-content\/uploads\/2026\/01\/berenguer-reborn-doll-Details-4-400x164.jpg 400w, https:\/\/www.mkreborns.com\/wp-content\/uploads\/2026\/01\/berenguer-reborn-doll-Details-4-1300x533.jpg 1300w, https:\/\/www.mkreborns.com\/wp-content\/uploads\/2026\/01\/berenguer-reborn-doll-Details-4-768x315.jpg 768w\" sizes=\"(max-width: 1464px) 100vw, 1464px\" \/> <img decoding=\"async\" class=\"aligncenter wp-image-3180 size-full\" src=\"https:\/\/www.mkreborns.com\/wp-content\/themes\/woodmart\/images\/lazy.svg\" data-src=\"https:\/\/www.mkreborns.com\/wp-content\/uploads\/2026\/01\/berenguer-reborn-doll-Details-5.jpg\" alt=\"Silikonska prerojena pun\u010dka za zbiratelje in otroke, realisti\u010dna in visokokakovostna izdelava.\" width=\"1464\" height=\"600\" title=\"\" srcset=\"\" data-srcset=\"https:\/\/www.mkreborns.com\/wp-content\/uploads\/2026\/01\/berenguer-reborn-doll-Details-5.jpg 1464w, https:\/\/www.mkreborns.com\/wp-content\/uploads\/2026\/01\/berenguer-reborn-doll-Details-5-150x61.jpg 150w, https:\/\/www.mkreborns.com\/wp-content\/uploads\/2026\/01\/berenguer-reborn-doll-Details-5-700x287.jpg 700w, https:\/\/www.mkreborns.com\/wp-content\/uploads\/2026\/01\/berenguer-reborn-doll-Details-5-400x164.jpg 400w, https:\/\/www.mkreborns.com\/wp-content\/uploads\/2026\/01\/berenguer-reborn-doll-Details-5-1300x533.jpg 1300w, https:\/\/www.mkreborns.com\/wp-content\/uploads\/2026\/01\/berenguer-reborn-doll-Details-5-768x315.jpg 768w\" sizes=\"(max-width: 1464px) 100vw, 1464px\" \/><\/p>","protected":false},"excerpt":{"rendered":"<p>Ko se v vsakdanjem \u017eivljenju po\u010dutite osamljene, se lahko odlo\u010dite za nakup lutke preporoda, ki vam bo delala dru\u017ebo.<\/p>","protected":false},"featured_media":3163,"comment_status":"open","ping_status":"closed","template":"","meta":[],"product_brand":[],"product_cat":[144,158,155,146,154],"product_tag":[],"class_list":{"0":"post-3150","1":"product","2":"type-product","3":"status-publish","4":"has-post-thumbnail","6":"product_cat-baby-girl-reborn-dolls","7":"product_cat-15-inch-baby-dolls","8":"product_cat-cute-reborn-dolls","9":"product_cat-full-silicone-reborn-dolls","10":"product_cat-lifelike-reborn-dolls","12":"first","13":"instock","14":"sale","15":"shipping-taxable","16":"purchasable","17":"product-type-simple"},"_links":{"self":[{"href":"https:\/\/www.mkreborns.com\/sl\/wp-json\/wp\/v2\/product\/3150","targetHints":{"allow":["GET"]}}],"collection":[{"href":"https:\/\/www.mkreborns.com\/sl\/wp-json\/wp\/v2\/product"}],"about":[{"href":"https:\/\/www.mkreborns.com\/sl\/wp-json\/wp\/v2\/types\/product"}],"replies":[{"embeddable":true,"href":"https:\/\/www.mkreborns.com\/sl\/wp-json\/wp\/v2\/comments?post=3150"}],"wp:featuredmedia":[{"embeddable":true,"href":"https:\/\/www.mkreborns.com\/sl\/wp-json\/wp\/v2\/media\/3163"}],"wp:attachment":[{"href":"https:\/\/www.mkreborns.com\/sl\/wp-json\/wp\/v2\/media?parent=3150"}],"wp:term":[{"taxonomy":"product_brand","embeddable":true,"href":"https:\/\/www.mkreborns.com\/sl\/wp-json\/wp\/v2\/product_brand?post=3150"},{"taxonomy":"product_cat","embeddable":true,"href":"https:\/\/www.mkreborns.com\/sl\/wp-json\/wp\/v2\/product_cat?post=3150"},{"taxonomy":"product_tag","embeddable":true,"href":"https:\/\/www.mkreborns.com\/sl\/wp-json\/wp\/v2\/product_tag?post=3150"}],"curies":[{"name":"delovni list","href":"https:\/\/api.w.org\/{rel}","templated":true}]}}