{"id":3449,"date":"2026-01-20T14:40:52","date_gmt":"2026-01-20T14:40:52","guid":{"rendered":"https:\/\/www.mkreborns.com\/?page_id=3449"},"modified":"2026-01-28T02:03:34","modified_gmt":"2026-01-28T02:03:34","slug":"terms-conditions","status":"publish","type":"page","link":"https:\/\/www.mkreborns.com\/sl\/terms-conditions\/","title":{"rendered":"Pogoji poslovanja"},"content":{"rendered":"<h2 class=\"wp-block-heading\">1. Uvod<\/h2>\r\n\r\n\r\n\r\n<p>Ti pogoji poslovanja (\u201cpogoji\u201d) urejajo va\u0161 dostop do in uporabo <strong>mkreborns.com<\/strong> (\u201cSpletna stran\u201d), digitalna lastnina, ki jo upravlja <strong>Mk Reborns<\/strong> (&quot;mi&quot;, &quot;nas&quot;, &quot;na\u0161&quot;).<\/p>\r\n\r\n\r\n\r\n<p>Da bi se izognili dvomom, se vsaka sklicevanje na \u201cvi\u201d, \u201cva\u0161\u201d ali \u201cstranka\u201d v tem dokumentu nana\u0161a na katero koli osebo ali subjekt, ki kupuje izdelke podjetja Mk Reborns prek tega spletnega mesta.<\/p>\r\n\r\n\r\n\r\n<p>Va\u0161e zakonske pravice potro\u0161nikov ostanejo nespremenjene.<\/p>\r\n\r\n\r\n\r\n<p>Z dostopom, brskanjem po tem spletnem mestu ali oddajo naro\u010dila prek njega potrjujete, da ste prebrali, razumeli in se strinjate, da ste pravno zavezani tem pogojem, skupaj z na\u0161imi <strong>Pravilnik o zasebnosti<\/strong>, <strong>Politika vra\u010dila<\/strong>, in <strong>Politika po\u0161iljanja<\/strong>, ki skupaj tvorijo celoten sporazum med vami in Mk Reborns.<\/p>\r\n\r\n\r\n\r\n<p>\u010ce teh pogojev ne sprejmete v celoti, ne smete oddati naro\u010dila prek tega spletnega mesta.<\/p>\r\n\r\n\r\n<hr class=\"wp-block-separator has-alpha-channel-opacity\" \/>\r\n\r\n\r\n<h2 class=\"wp-block-heading\">2. Spremembe teh pogojev<\/h2>\r\n\r\n\r\n\r\n<p>Mk Reborns si pridr\u017euje pravico, da te pogoje kadar koli spremeni, spremeni ali nadomesti brez predhodnega obvestila.<br \/>Za to transakcijo veljajo pogoji, ki veljajo v \u010dasu oddaje naro\u010dila.<\/p>\r\n\r\n\r\n\r\n<p>Priporo\u010damo, da pred vsakim nakupom pregledate te pogoje.<\/p>\r\n\r\n\r\n<hr class=\"wp-block-separator has-alpha-channel-opacity\" \/>\r\n\r\n\r\n<h2 class=\"wp-block-heading\">3. Zahteva glede zakonske starosti<\/h2>\r\n\r\n\r\n\r\n<p>Z oddajo naro\u010dila na tej spletni strani izjavljate in jam\u010dite, da ste polnoletni za nakup ponujenih izdelkov.<\/p>\r\n\r\n\r\n\r\n<p>\u010ce utemeljeno menimo, da je naro\u010dilo oddala oseba, ki ne izpolnjuje zakonsko dolo\u010dene starosti, si pridr\u017eujemo pravico, da tak\u0161no naro\u010dilo prekli\u010demo brez kakr\u0161ne koli odgovornosti.<\/p>\r\n\r\n\r\n<hr class=\"wp-block-separator has-alpha-channel-opacity\" \/>\r\n\r\n\r\n<h2 class=\"wp-block-heading\">4. Sklenitev pogodbe<\/h2>\r\n\r\n\r\n\r\n<p>Vsa naro\u010dila, oddana prek te spletne strani, so predmet odobritve s strani Mk Reborns in razpolo\u017eljivosti izdelkov.<\/p>\r\n\r\n\r\n\r\n<p>Pridr\u017eujemo si absolutno diskrecijsko pravico, da zavrnemo ali prekli\u010demo katero koli naro\u010dilo iz kakr\u0161nega koli razloga, vklju\u010dno z, vendar ne omejeno na, omejitve zalog, neto\u010dnosti cen ali sum goljufive dejavnosti.<\/p>\r\n\r\n\r\n\r\n<p>Zavezujo\u010da pogodba se \u0161teje za sklenjeno \u0161ele, ko Mk Reborns odpo\u0161lje naro\u010deno blago in po\u0161lje potrditveno e-po\u0161to.<\/p>\r\n\r\n\r\n<hr class=\"wp-block-separator has-alpha-channel-opacity\" \/>\r\n\r\n\r\n<h2 class=\"wp-block-heading\">5. Cenovna politika in natan\u010dnost<\/h2>\r\n\r\n\r\n\r\n<p>\u010ceprav si prizadevamo zagotoviti, da so vse prikazane cene to\u010dne v \u010dasu objave, si pridr\u017eujemo pravico, da jih kadar koli spremenimo.<\/p>\r\n\r\n\r\n\r\n<p>\u010ce bi sprememba cene bistveno vplivala na va\u0161e naro\u010dilo, boste o tem obve\u0161\u010deni pred odpremo.<\/p>\r\n\r\n\r\n<hr class=\"wp-block-separator has-alpha-channel-opacity\" \/>\r\n\r\n\r\n<h2 class=\"wp-block-heading\">6. Pravica do preklica (potro\u0161niki iz EU in Zdru\u017eenega kraljestva)<\/h2>\r\n\r\n\r\n\r\n<p>\u010ce ste potro\u0161nik s sede\u017eem v Evropski uniji ali Zdru\u017eenem kraljestvu, imate pravico, da v \u0161tirinajstih (14) delovnih dneh od prejema blaga prekli\u010dete naro\u010dilo v skladu z veljavno zakonodajo o varstvu potro\u0161nikov.<\/p>\r\n\r\n\r\n\r\n<p>Vra\u010dila po preklicu bodo obdelana v skladu z va\u0161imi zakonskimi pravicami.<\/p>\r\n\r\n\r\n\r\n<p>Upravi\u010denost do vra\u010dila in postopki se lahko razlikujejo glede na regijo. Prosimo, glejte na\u0161o <strong>Politika vra\u010dila<\/strong> za podrobnosti.<\/p>\r\n\r\n\r\n<hr class=\"wp-block-separator has-alpha-channel-opacity\" \/>\r\n\r\n\r\n<h2 class=\"wp-block-heading\">7. Tr\u017eenjsko komuniciranje<\/h2>\r\n\r\n\r\n\r\n<p>Informacije o e-po\u0161tnih komunikacijah in promocijskih sporo\u010dilih so podrobno opisane v na\u0161ih <strong>Pravilnik o zasebnosti<\/strong>.<\/p>\r\n\r\n\r\n\r\n<p>Z navedbo svojih kontaktnih podatkov sogla\u0161ate s komunikacijo v skladu s to politiko.<\/p>\r\n\r\n\r\n<hr class=\"wp-block-separator has-alpha-channel-opacity\" \/>\r\n\r\n\r\n<h2 class=\"wp-block-heading\">8. Zasebnost in varstvo podatkov<\/h2>\r\n\r\n\r\n\r\n<p>Na\u0161e <strong>Pravilnik o zasebnosti<\/strong> pojasnjuje, kako se osebni podatki zbirajo, obdelujejo, shranjujejo, delijo in hranijo.<\/p>\r\n\r\n\r\n\r\n<p>Za zagotavljanje varnosti podatkov in skladnosti z veljavnimi zakoni o varstvu podatkov v va\u0161i jurisdikciji izvajamo komercialno razumne za\u0161\u010ditne ukrepe.<\/p>\r\n\r\n\r\n\r\n<p>Pi\u0161kotki in podobne tehnologije se uporabljajo za izbolj\u0161anje delovanja spletnega mesta. Ve\u010d podrobnosti je na voljo v na\u0161i <strong>Pravilnik o pi\u0161kotkih<\/strong>.<\/p>\r\n\r\n\r\n<hr class=\"wp-block-separator has-alpha-channel-opacity\" \/>\r\n\r\n\r\n<h2 class=\"wp-block-heading\">9. Prepre\u010devanje goljufij<\/h2>\r\n\r\n\r\n\r\n<p>Mk Reborns izvaja stroge ukrepe za prepre\u010devanje goljufij in uporablja storitve preverjanja in spremljanja tretjih oseb.<\/p>\r\n\r\n\r\n\r\n<p>Vsak poskus posredovanja la\u017enih, zavajajo\u010dih ali neto\u010dnih informacij z namenom goljufije se lahko prijavi pristojnim organom za boj proti goljufijam.<\/p>\r\n\r\n\r\n\r\n<p>Pridr\u017eujemo si pravico do za\u010dasne ali ukinitve ra\u010dunov, povezanih z domnevnim goljufivim ravnanjem.<\/p>\r\n\r\n\r\n<hr class=\"wp-block-separator has-alpha-channel-opacity\" \/>\r\n\r\n\r\n<h2 class=\"wp-block-heading\">10. Avtomatiziran dostop in spletni roboti<\/h2>\r\n\r\n\r\n\r\n<p>Do tega spletnega mesta lahko dostopajo samo avtomatizirane programske aplikacije, ki jih je izrecno odobril Mk Reborns in so skladne z na\u0161imi pravilniki o uporabi robotov (\u201cDovoljeni boti\u201d).<\/p>\r\n\r\n\r\n\r\n<p>Nepoobla\u0161\u010deni boti vklju\u010dujejo, vendar ne omejeno na, skripte, ki preobremenjujejo stre\u017enike, avtomatizirajo dejavnosti nakupovalnih ko\u0161aric, strgajo vsebino ali motijo uporabni\u0161ko izku\u0161njo.<\/p>\r\n\r\n\r\n\r\n<p>Pridr\u017eujemo si pravico, da tak dostop blokiramo in takoj za\u010dasno ukinemo povezane ra\u010dune.<\/p>\r\n\r\n\r\n\r\n<p>Strinjate se, da boste Mk Reborns povrnili vse izgube, stro\u0161ke in izdatke, ki nastanejo zaradi nepoobla\u0161\u010denega avtomatiziranega dostopa.<\/p>\r\n\r\n\r\n<hr class=\"wp-block-separator has-alpha-channel-opacity\" \/>\r\n\r\n\r\n<h2 class=\"wp-block-heading\">11. Intelektualna lastnina<\/h2>\r\n\r\n\r\n\r\n<p>Vsa vsebina spletnega mesta, vklju\u010dno z besedilom, slikami, grafiko in postavitvijo, je izklju\u010dna last podjetja Mk Reborns, razen \u010de ni navedeno druga\u010de.<\/p>\r\n\r\n\r\n\r\n<p>Vsebine ni dovoljeno reproducirati, distribuirati, spreminjati ali izkori\u0161\u010dati v komercialne namene brez predhodnega pisnega soglasja, razen za osebno, nekomercialno uporabo.<\/p>\r\n\r\n\r\n\r\n<p>Strinjate se, da ne boste ustvarjali izpeljanih del iz vsebine spletnega mesta.<\/p>\r\n\r\n\r\n<hr class=\"wp-block-separator has-alpha-channel-opacity\" \/>\r\n\r\n\r\n<h2 class=\"wp-block-heading\">12. Izklju\u010ditev jamstev<\/h2>\r\n\r\n\r\n\r\n<p>To spletno mesto je na voljo \u201ckot je\u201d in \u201ckot je na voljo\u201d.<\/p>\r\n\r\n\r\n\r\n<p>Ne dajemo nobenih jamstev, izrecnih ali implicitnih, glede nemotenega dostopa, natan\u010dnosti, delovanja brez napak ali odsotnosti \u0161kodljivih komponent.<\/p>\r\n\r\n\r\n\r\n<p>Ni\u010d v tej izjavi o omejitvi odgovornosti ne omejuje va\u0161ih zakonskih pravic v zvezi s kupljenim blagom.<\/p>\r\n\r\n\r\n<hr class=\"wp-block-separator has-alpha-channel-opacity\" \/>\r\n\r\n\r\n<h2 class=\"wp-block-heading\">13. Omejitev odgovornosti<\/h2>\r\n\r\n\r\n\r\n<p>V najve\u010djem obsegu, ki ga dovoljuje zakonodaja, Mk Reborns ne odgovarja za:<\/p>\r\n\r\n\r\n\r\n<ul class=\"wp-block-list\">\r\n<li>izgube, ki jih v \u010dasu sklenitve pogodbe ni bilo mogo\u010de razumno predvideti;<\/li>\r\n\r\n\r\n\r\n<li>izgube, ki jih ni povzro\u010dila na\u0161a kr\u0161itev;<\/li>\r\n\r\n\r\n\r\n<li>poslovne izgube ali izgube, ki niso povezane s potro\u0161niki.<\/li>\r\n<\/ul>\r\n\r\n\r\n\r\n<p>Ne izklju\u010dujemo ali omejujemo odgovornosti za:<\/p>\r\n\r\n\r\n\r\n<p>(a) smrt ali telesna po\u0161kodba zaradi malomarnosti;<br \/>(b) goljufija ali goljufivo zavajanje;<br \/>(c) kr\u0161itev zakonskih implicitnih dolo\u010dil v zvezi z nazivom, opisom, kakovostjo ali primernostjo;<br \/>(d) odgovornost v skladu z veljavno zakonodajo o varstvu potro\u0161nikov.<\/p>\r\n\r\n\r\n<hr class=\"wp-block-separator has-alpha-channel-opacity\" \/>\r\n\r\n\r\n<h2 class=\"wp-block-heading\">14. Sprejemljiva uporaba<\/h2>\r\n\r\n\r\n\r\n<p>Strinjate se, da boste to spletno mesto uporabljali izklju\u010dno v zakonite namene in na na\u010din, ki ne kr\u0161i pravic drugih ali omejuje njihove uporabe spletnega mesta.<\/p>\r\n\r\n\r\n\r\n<p>Prepovedano ravnanje vklju\u010duje, vendar ni omejeno na, nadlegovanje, \u0161irjenje \u017ealjivega gradiva ali motenje normalnega delovanja spletnega mesta.<\/p>\r\n\r\n\r\n<hr class=\"wp-block-separator has-alpha-channel-opacity\" \/>\r\n\r\n\r\n<h2 class=\"wp-block-heading\">15. Vsebina, ki jo ustvarijo uporabniki (ocene, slike, prispevki)<\/h2>\r\n\r\n\r\n\r\n<p>Z oddajo mnenj, ocen, slik ali druge vsebine izjavljate in jam\u010dite, da:<\/p>\r\n\r\n\r\n\r\n<ul class=\"wp-block-list\">\r\n<li>Vse pravice intelektualne lastnine v zvezi s tem ste lastnik;<\/li>\r\n\r\n\r\n\r\n<li>Odrekli ste se vsem moralnim pravicam.<\/li>\r\n\r\n\r\n\r\n<li>Vsebina je resni\u010dna in zakonita.<\/li>\r\n\r\n\r\n\r\n<li>Stari ste vsaj osemnajst (18) let.<\/li>\r\n<\/ul>\r\n\r\n\r\n\r\n<p>Mk Reborns podeljujete trajno, nepreklicno, brezpla\u010dno in svetovno licenco za uporabo, reprodukcijo, spreminjanje, objavljanje, prevajanje, distribucijo in druga\u010dno izkori\u0161\u010danje tak\u0161ne vsebine brez nadomestila.<\/p>\r\n\r\n\r\n\r\n<p>Pridr\u017eujemo si pravico, da po lastni presoji uredimo, odstranimo ali zavrnemo objavo katere koli vsebine.<\/p>\r\n\r\n\r\n\r\n<p>Za vsebino, ki jo po\u0161ljete, ste \u0161e vedno odgovorni izklju\u010dno vi.<\/p>\r\n\r\n\r\n<hr class=\"wp-block-separator has-alpha-channel-opacity\" \/>\r\n\r\n\r\n<h2 class=\"wp-block-heading\">16. Program zvestobe<\/h2>\r\n\r\n\r\n\r\n<p>Preoblikujemo na\u0161 program zvestobe.<br \/>Obstoje\u010di sistemi to\u010dk se lahko ukinejo brez nadaljnjega zbiranja ali unov\u010denja.<\/p>\r\n\r\n\r\n<hr class=\"wp-block-separator has-alpha-channel-opacity\" \/>\r\n\r\n\r\n<h2 class=\"wp-block-heading\">17. Davek od prodaje (Zdru\u017eene dr\u017eave)<\/h2>\r\n\r\n\r\n\r\n<p>Veljavni davek od prodaje ali uporabe bo izra\u010dunan na podlagi va\u0161ega naslova za dostavo in prikazan med zaklju\u010dkom nakupa.<\/p>\r\n\r\n\r\n\r\n<p>Prikazani zneski davka so ocene; kon\u010dni davek bo potrjen po zaklju\u010dku naro\u010dila.<\/p>\r\n\r\n\r\n<hr class=\"wp-block-separator has-alpha-channel-opacity\" \/>\r\n\r\n\r\n<h2 class=\"wp-block-heading\">18. Zunanje povezave<\/h2>\r\n\r\n\r\n\r\n<p>To spletno mesto lahko vsebuje povezave do spletnih mest tretjih oseb.<br \/>Tak\u0161nih spletnih mest ne nadzorujemo ali podpiramo in ne prevzemamo nobene odgovornosti za njihovo vsebino.<\/p>\r\n\r\n\r\n<hr class=\"wp-block-separator has-alpha-channel-opacity\" \/>\r\n\r\n\r\n<h2 class=\"wp-block-heading\">19. Veljavno pravo in pristojnost<\/h2>\r\n<div>Te pogoje in vse spore ali zahtevke, ki izhajajo iz njih ali so z njimi povezani (vklju\u010dno z nepogodbenimi spori ali zahtevki), ureja in razlaga zakonodaja Posebne upravne regije Hongkong (HKSAR), ne glede na njena kolizijska na\u010dela.<\/div>\r\n<div>Nepreklicno se strinjate, da imajo sodi\u0161\u010da Hongkonga izklju\u010dno pristojnost za re\u0161evanje kakr\u0161nih koli sporov ali zahtevkov, ki izhajajo iz teh pogojev ali va\u0161e uporabe spletnega mesta ali so z njimi povezani.<\/div>\r\n\r\n\r\n<hr class=\"wp-block-separator has-alpha-channel-opacity\" \/>\r\n\r\n\r\n<h2 class=\"wp-block-heading\">20. Vi\u0161ja sila<\/h2>\r\n\r\n\r\n\r\n<p>Ne odgovarjamo za neizpolnitev ali zamudo pri izvedbi, ki jo povzro\u010dijo dogodki, na katere nimamo razumnega vpliva, vklju\u010dno z, vendar ne omejeno na, naravne nesre\u010de, pandemije, vladne ukrepe ali dr\u017eavljanske nemire.<\/p>\r\n\r\n\r\n\r\n<p>Prizadete obveznosti se za \u010das trajanja takega dogodka za\u010dasno ustavijo.<\/p>\r\n\r\n\r\n<hr class=\"wp-block-separator has-alpha-channel-opacity\" \/>\r\n\r\n\r\n<h2 class=\"wp-block-heading\">21. Dodelitev in lo\u010dljivost<\/h2>\r\n\r\n\r\n\r\n<p>Svoje pravice in obveznosti iz teh pogojev lahko prenesemo na druge, ne da bi to vplivalo na va\u0161e pravice.<\/p>\r\n\r\n\r\n\r\n<p>Svojih pravic ne smete prenesti brez na\u0161ega pisnega soglasja.<\/p>\r\n\r\n\r\n\r\n<p>\u010ce se katera koli dolo\u010dba izka\u017ee za neizvr\u0161ljivo, preostale dolo\u010dbe ostanejo v celoti veljavne.<\/p>\r\n\r\n\r\n<hr class=\"wp-block-separator has-alpha-channel-opacity\" \/>\r\n\r\n\r\n<h2 class=\"wp-block-heading\">22. Opustitev<\/h2>\r\n\r\n\r\n\r\n<p>\u010ce Mk Reborns ne uveljavi katere koli dolo\u010dbe, to ne pomeni odpovedi prihodnji uveljavitvi.<\/p>","protected":false},"excerpt":{"rendered":"<p>1. Uvod Ti pogoji poslovanja (\u201cpogoji\u201d) urejajo va\u0161 dostop do spletnega mesta mkreborns.com (\u201cspletno mesto\u201d), digitalnega<\/p>","protected":false},"author":1,"featured_media":0,"parent":0,"menu_order":0,"comment_status":"closed","ping_status":"closed","template":"","meta":{"footnotes":""},"class_list":["post-3449","page","type-page","status-publish","hentry"],"_links":{"self":[{"href":"https:\/\/www.mkreborns.com\/sl\/wp-json\/wp\/v2\/pages\/3449","targetHints":{"allow":["GET"]}}],"collection":[{"href":"https:\/\/www.mkreborns.com\/sl\/wp-json\/wp\/v2\/pages"}],"about":[{"href":"https:\/\/www.mkreborns.com\/sl\/wp-json\/wp\/v2\/types\/page"}],"author":[{"embeddable":true,"href":"https:\/\/www.mkreborns.com\/sl\/wp-json\/wp\/v2\/users\/1"}],"replies":[{"embeddable":true,"href":"https:\/\/www.mkreborns.com\/sl\/wp-json\/wp\/v2\/comments?post=3449"}],"version-history":[{"count":0,"href":"https:\/\/www.mkreborns.com\/sl\/wp-json\/wp\/v2\/pages\/3449\/revisions"}],"wp:attachment":[{"href":"https:\/\/www.mkreborns.com\/sl\/wp-json\/wp\/v2\/media?parent=3449"}],"curies":[{"name":"delovni list","href":"https:\/\/api.w.org\/{rel}","templated":true}]}}