{"id":3,"date":"2025-12-24T14:18:41","date_gmt":"2025-12-24T14:18:41","guid":{"rendered":"https:\/\/www.mkreborns.com\/?page_id=3"},"modified":"2026-01-20T10:07:36","modified_gmt":"2026-01-20T10:07:36","slug":"privacy-policy","status":"publish","type":"page","link":"https:\/\/www.mkreborns.com\/sl\/privacy-policy\/","title":{"rendered":"Pravilnik o zasebnosti"},"content":{"rendered":"<p>Ob <strong>Mk Reborns<\/strong>, dajemo velik pomen zaupnosti, integriteti in odgovornemu ravnanju z osebnimi podatki. Ta politika zasebnosti pojasnjuje, kako se podatki zbirajo, obdelujejo, shranjujejo in varujejo, ko dostopate do na\u0161ega spletnega mesta ali komunicirate z njim.<\/p>\n\n\n\n<hr class=\"wp-block-separator has-alpha-channel-opacity\"\/>\n\n\n\n<h2 class=\"wp-block-heading\">1. Kdo smo<\/h2>\n\n\n\n<p>Spletna stran <strong><a href=\"https:\/\/www.mkreborns.com\/sl\/\">https:\/\/www.mkreborns.com<\/a><\/strong> je v lasti in pod upravljanjem <strong>Mk Reborns<\/strong>.<br>V tej politiki se izrazi \u201cmi\u201d, \u201cna\u0161\u201d ali \u201cnas\u201d nana\u0161ajo izklju\u010dno na Mk Reborns.<\/p>\n\n\n\n<hr class=\"wp-block-separator has-alpha-channel-opacity\"\/>\n\n\n\n<h2 class=\"wp-block-heading\">2. Komentarji in uporabni\u0161ke prispevke<\/h2>\n\n\n\n<p>Ko se obiskovalci odlo\u010dijo pustiti komentarje na na\u0161i spletni strani, zbiramo podatke, prikazane v obrazcu za oddajo komentarjev, skupaj z obiskoval\u010devimi <strong>IP-naslov<\/strong> in <strong>niz uporabni\u0161kega agenta brskalnika<\/strong>. Te informacije se zbirajo izklju\u010dno za namene ohranjanja varnosti platforme in prepre\u010devanja ne\u017eelene ali \u017ealjive vsebine.<\/p>\n\n\n\n<p>Anonimiziran identifikator, ustvarjen iz va\u0161ega e-po\u0161tnega naslova (obi\u010dajno imenovan <em>ha\u0161<\/em>) se lahko posreduje <strong>Gravatar<\/strong> storitev za ugotavljanje, ali obstaja povezan profil.<br>Storitev Gravatar deluje v skladu z lastnim okvirom za zasebnost, ki si ga lahko ogledate na:<br><a href=\"https:\/\/automattic.com\/privacy\/\" target=\"_blank\" rel=\"noopener\">https:\/\/automattic.com\/privacy\/<\/a><\/p>\n\n\n\n<p>Ko je komentar odobren, postane vsaka povezana slika profila javno vidna poleg komentarja.<\/p>\n\n\n\n<hr class=\"wp-block-separator has-alpha-channel-opacity\"\/>\n\n\n\n<h2 class=\"wp-block-heading\">3. Nalaganje medijev<\/h2>\n\n\n\n<p>\u010ce na spletno mesto nalagate slike, vam toplo odsvetujemo njihovo vklju\u010devanje <strong>vdelani metapodatki o lokaciji (EXIF GPS)<\/strong>.<br>Obiskovalci spletnega mesta lahko prenesejo slike in iz njih izvle\u010dejo podatke o lokaciji. Mk Reborns ne prevzema nobene odgovornosti za metapodatke, ki so prostovoljno vklju\u010deni v nalo\u017eene medije.<\/p>\n\n\n\n<hr class=\"wp-block-separator has-alpha-channel-opacity\"\/>\n\n\n\n<h2 class=\"wp-block-heading\">4. Pi\u0161kotki in podobne tehnologije<\/h2>\n\n\n\n<p>Za izbolj\u0161anje udobja in funkcionalnosti za uporabnike na\u0161a spletna stran uporablja pi\u0161kotke v naslednjih okoli\u0161\u010dinah:<\/p>\n\n\n\n<ul class=\"wp-block-list\">\n<li>Ko oddate komentar, se lahko odlo\u010dite za shranjevanje svojega imena, e-po\u0161tnega naslova in podatkov o spletnem mestu v pi\u0161kotkih. Ti pi\u0161kotki se hranijo <strong>eno leto<\/strong> da se odpravi potreba po ve\u010dkratnem vnosu podatkov.<\/li>\n\n\n\n<li>Ob obisku strani za prijavo se ustvari za\u010dasni pi\u0161kotek, ki preveri, ali va\u0161 brskalnik sprejema pi\u0161kotke. Ta pi\u0161kotek ne vsebuje osebnih podatkov in se zavr\u017ee, ko brskalnik zaprete.<\/li>\n\n\n\n<li>Ko se prijavite, se ustvari ve\u010d pi\u0161kotkov, ki ohranijo va\u0161 status preverjanja pristnosti in nastavitve prikaza.\n<ul class=\"wp-block-list\">\n<li>Prijavnih pi\u0161kotkov ostanejo aktivni <strong>dva dni<\/strong><\/li>\n\n\n\n<li>Pi\u0161kotki za nastavitve prikaza ostanejo v veljavi <strong>eno leto<\/strong><\/li>\n\n\n\n<li>\u010ce je izbrana mo\u017enost \u201cZapomni si me\u201d, se prijavne poverilnice hranijo <strong>dva tedna<\/strong><\/li>\n<\/ul>\n<\/li>\n\n\n\n<li>Ko se odjavite, se pi\u0161kotki, povezani s prijavo, odstranijo.<\/li>\n\n\n\n<li>\u010ce urejate ali objavljate vsebino, se v va\u0161em brskalniku shrani dodaten pi\u0161kotek. Ta pi\u0161kotek ne hrani osebnih podatkov in slu\u017ei izklju\u010dno za identifikacijo urejene objave. Pote\u010de po <strong>24 ur<\/strong>.<\/li>\n<\/ul>\n\n\n\n<hr class=\"wp-block-separator has-alpha-channel-opacity\"\/>\n\n\n\n<h2 class=\"wp-block-heading\">5. Vdelana vsebina s spletnih mest tretjih oseb<\/h2>\n\n\n\n<p>Strani na tem spletnem mestu lahko vsebujejo vdelano vsebino (vklju\u010dno z videoposnetki, slikami ali \u010dlanki, vendar ne omejeno nanje).<br>Vdelana vsebina z zunanjih spletnih mest se obna\u0161a enako, kot \u010de bi neposredno obiskali izvorno spletno mesto.<\/p>\n\n\n\n<p>Tak\u0161na spletna mesta tretjih oseb lahko:<\/p>\n\n\n\n<ul class=\"wp-block-list\">\n<li>Zbiranje podatkov o vas<\/li>\n\n\n\n<li>Uporaba pi\u0161kotkov<\/li>\n\n\n\n<li>Uporabite dodatna orodja za sledenje tretjih oseb<\/li>\n\n\n\n<li>Spremljajte svojo interakcijo z vdelano vsebino<\/li>\n<\/ul>\n\n\n\n<p>To lahko vklju\u010duje sledenje interakcij, \u010de imate ra\u010dun pri zunanji platformi in ste prijavljeni vanjo.<\/p>\n\n\n\n<hr class=\"wp-block-separator has-alpha-channel-opacity\"\/>\n\n\n\n<h2 class=\"wp-block-heading\">6. Deljenje podatkov<\/h2>\n\n\n\n<p>\u010ce zahtevate ponastavitev gesla, va\u0161 <strong>IP-naslov<\/strong> bodo vklju\u010deni v sporo\u010dilo o ponastavitvi gesla za namene varnostnega preverjanja.<\/p>\n\n\n\n<p>Mk Reborns ne prodaja, daje v najem ali trguje z osebnimi podatki nepoobla\u0161\u010denim tretjim osebam.<\/p>\n\n\n\n<hr class=\"wp-block-separator has-alpha-channel-opacity\"\/>\n\n\n\n<h2 class=\"wp-block-heading\">7. Hramba podatkov<\/h2>\n\n\n\n<p>Komentarji in z njimi povezani metapodatki se ohranijo <strong>za nedolo\u010den \u010das<\/strong>. To nam omogo\u010da, da samodejno prepoznamo in odobrimo nadaljnje komentarje, ne da bi jih morali moderirati.<\/p>\n\n\n\n<p>Za uporabnike, ki se registrirajo na na\u0161i spletni strani (\u010de je to primerno), shranjujemo osebne podatke, ki so jih posredovali v njihovih uporabni\u0161kih profilih.<br>Registrirani uporabniki si lahko kadar koli ogledajo, spremenijo ali izbri\u0161ejo svoje osebne podatke, razen uporabni\u0161kih imen. Skrbniki spletnega mesta si pridr\u017eujejo mo\u017enost dostopa do teh podatkov in njihovega urejanja, kadar je to potrebno.<\/p>\n\n\n\n<hr class=\"wp-block-separator has-alpha-channel-opacity\"\/>\n\n\n\n<h2 class=\"wp-block-heading\">8. Va\u0161e pravice glede va\u0161ih podatkov<\/h2>\n\n\n\n<p>\u010ce imate na tem spletnem mestu ra\u010dun ali ste \u017ee oddali komentarje, lahko zahtevate:<\/p>\n\n\n\n<ul class=\"wp-block-list\">\n<li>Izvo\u017eena datoteka, ki vsebuje osebne podatke, ki jih hranimo o vas<\/li>\n\n\n\n<li>Izbris osebnih podatkov, povezanih z vami<\/li>\n<\/ul>\n\n\n\n<p>Zahteve za izbris podatkov ne veljajo za informacije, ki jih moramo hraniti zaradi skladnosti s predpisi, varnosti ali operativnih namenov, kar je zakonsko ali administrativno obvezno.<\/p>\n\n\n\n<hr class=\"wp-block-separator has-alpha-channel-opacity\"\/>\n\n\n\n<h2 class=\"wp-block-heading\">9. Kje se va\u0161i podatki obdelujejo<\/h2>\n\n\n\n<p>Komentarji obiskovalcev se lahko pregledajo z avtomatiziranimi storitvami za zaznavanje ne\u017eelene po\u0161te, da se zagotovi varnost in celovitost spletnega mesta.<\/p>\n\n\n\n<hr class=\"wp-block-separator has-alpha-channel-opacity\"\/>\n\n\n\n<h2 class=\"wp-block-heading\">10. Kontaktni podatki<\/h2>\n\n\n\n<p>\u010ce imate kakr\u0161na koli vpra\u0161anja v zvezi s to politiko zasebnosti ali ravnanjem z va\u0161imi osebnimi podatki, nas kontaktirajte na:<\/p>\n\n\n\n<p>\ud83d\udce7 <strong><a href=\"mailto:support@mkreborns.com\">support@mkreborns.com<\/a><\/strong><\/p>\n\n\n\n<p><\/p>","protected":false},"excerpt":{"rendered":"<p>V podjetju Mk Reborns dajemo velik pomen zaupnosti, integriteti in odgovornemu ravnanju z osebnimi podatki. Ta politika zasebnosti<\/p>","protected":false},"author":1,"featured_media":0,"parent":0,"menu_order":0,"comment_status":"closed","ping_status":"closed","template":"","meta":{"footnotes":""},"class_list":["post-3","page","type-page","status-publish","hentry"],"_links":{"self":[{"href":"https:\/\/www.mkreborns.com\/sl\/wp-json\/wp\/v2\/pages\/3","targetHints":{"allow":["GET"]}}],"collection":[{"href":"https:\/\/www.mkreborns.com\/sl\/wp-json\/wp\/v2\/pages"}],"about":[{"href":"https:\/\/www.mkreborns.com\/sl\/wp-json\/wp\/v2\/types\/page"}],"author":[{"embeddable":true,"href":"https:\/\/www.mkreborns.com\/sl\/wp-json\/wp\/v2\/users\/1"}],"replies":[{"embeddable":true,"href":"https:\/\/www.mkreborns.com\/sl\/wp-json\/wp\/v2\/comments?post=3"}],"version-history":[{"count":0,"href":"https:\/\/www.mkreborns.com\/sl\/wp-json\/wp\/v2\/pages\/3\/revisions"}],"wp:attachment":[{"href":"https:\/\/www.mkreborns.com\/sl\/wp-json\/wp\/v2\/media?parent=3"}],"curies":[{"name":"delovni list","href":"https:\/\/api.w.org\/{rel}","templated":true}]}}