{"id":4602,"date":"2026-05-07T01:53:54","date_gmt":"2026-05-07T01:53:54","guid":{"rendered":"https:\/\/www.mkreborns.com\/?post_type=product&#038;p=4602"},"modified":"2026-05-13T14:41:14","modified_gmt":"2026-05-13T14:41:14","slug":"12-inch-full-silicone-children-gifts-reborn-baby-doll","status":"publish","type":"product","link":"https:\/\/www.mkreborns.com\/sk\/product\/12-inch-full-silicone-children-gifts-reborn-baby-doll\/","title":{"rendered":"12-palcov\u00e1 detsk\u00e1 b\u00e1bika typu Reborn vyroben\u00e1 v\u00fdlu\u010dne zo silik\u00f3nu"},"content":{"rendered":"<div class=\"product-specs-list-container\"><\/div>\n<div class=\"detailmodule_text\">\n<p class=\"detail-desc-decorate-content\" style=\"font-family: OpenSans; font-size: 14px; font-weight: 300; line-height: 20px; white-space: pre-wrap; margin-bottom: 12px;\"><span style=\"color: #000000;\">V\u00fd\u0161ka: 30 cm<\/span><br \/>\n<span style=\"color: #000000;\">Hmotnos\u0165: 1,1 kg<\/span><br \/>\n<span style=\"color: #000000;\">Pohlavie: Chlapec<\/span><br \/>\n<span style=\"color: #000000;\">Materi\u00e1l: Silik\u00f3n<\/span><br \/>\n<span style=\"color: #000000;\">T\u00e1to reborn b\u00e1bika sa dod\u00e1va bez oble\u010denia; oble\u010denie nie je s\u00fa\u010das\u0165ou balenia. Ak potrebujete oble\u010denie, prehliadnite si na\u0161u sekciu s doplnkami pre reborn b\u00e1biky a vyberte si oble\u010denie, ktor\u00e9 vyhovuje va\u0161im preferenci\u00e1m.<\/span><br \/>\n<span style=\"color: #000000;\">Reborn b\u00e1bika m\u00e1 flexibiln\u00e9 kon\u010datiny, ktor\u00e9 jej umo\u017e\u0148uj\u00fa \u013eahko sedie\u0165, \u013eahn\u00fa\u0165 si alebo zauja\u0165 r\u00f4zne sp\u00e1lne polohy. Neobsahuje \u017eiadne \u010fal\u0161ie elektronick\u00e9 s\u00fa\u010diastky, \u010d\u00edm sa v\u00fdrazne zni\u017euje n\u00e1ro\u010dnos\u0165 \u00fadr\u017eby. Reborn b\u00e1biky m\u00f4\u017eete darova\u0165 \u013eu\u010fom, ktor\u00fdch m\u00e1te najrad\u0161ej, ako dar\u010deky k narodenin\u00e1m, Vianociam, detsk\u00e9 hra\u010dky alebo ako s\u00fa\u010das\u0165 zbierky b\u00e1bik.<\/span><\/p>\n<p>&nbsp;<\/p>\n<\/div>\n<div class=\"detailmodule_image\"><img decoding=\"async\" class=\"detail-desc-decorate-image\" src=\"https:\/\/www.mkreborns.com\/wp-content\/uploads\/2026\/05\/kf-Sa2b8d47ad684458b990351e19f5d1a2bs-1.webp\" alt=\"\" title=\"\"><img decoding=\"async\" class=\"detail-desc-decorate-image\" src=\"https:\/\/www.mkreborns.com\/wp-content\/uploads\/2026\/05\/kf-S39ce9a8a554f438a96fcf130a132d83aa-1.webp\" alt=\"\" title=\"\"><img decoding=\"async\" class=\"detail-desc-decorate-image\" src=\"https:\/\/www.mkreborns.com\/wp-content\/uploads\/2026\/05\/kf-S3d4515f2deb64d17aeee4f89277607772-1.webp\" alt=\"Silik\u00f3nov\u00e1 b\u00e1bika Reborn s polohovate\u013en\u00fdmi kon\u010datinami, ide\u00e1lna pre deti a zberate\u013eov. M\u00e4kk\u00e1, realistick\u00e1.\" title=\"\"> <img decoding=\"async\" class=\"detail-desc-decorate-image\" src=\"https:\/\/www.mkreborns.com\/wp-content\/uploads\/2026\/05\/kf-S83d31e6e6fb847929a053f66ca75cd2dp-1.webp\" alt=\"Realistick\u00e1 reborn b\u00e1bika, 30,5 cm, celosilik\u00f3nov\u00e1, vhodn\u00e1 pre deti aj ako dar\u010dek, s detailmi.\" title=\"\"> <img decoding=\"async\" class=\"detail-desc-decorate-image\" src=\"https:\/\/www.mkreborns.com\/wp-content\/uploads\/2026\/05\/kf-S1d7c4a92f2da488182c621f78f77ba35K-1.webp\" alt=\"\" title=\"\"><\/div>","protected":false},"excerpt":{"rendered":"<p>T\u00e1to novonaroden\u00e1 reborn b\u00e1bika je ide\u00e1lnym dar\u010dekom pre deti, priate\u013eov alebo \u010dlenov rodiny a sl\u00fa\u017ei ako skvel\u00fd spolo\u010dn\u00edk. Kon\u010datiny reborn b\u00e1biky s\u00fa polohovate\u013en\u00e9, \u010do umo\u017e\u0148uje jej umiestni\u0165 ju do r\u00f4znych pol\u00f4h na spanie, \u010do jej \u00falohe spolo\u010dn\u00edka dod\u00e1va extra realistick\u00fd n\u00e1dych.<\/p>","protected":false},"featured_media":4603,"comment_status":"open","ping_status":"closed","template":"","meta":[],"product_brand":[],"product_cat":[240,145,155,154,153],"product_tag":[],"class_list":{"0":"post-4602","1":"product","2":"type-product","3":"status-publish","4":"has-post-thumbnail","6":"product_cat-12-inch-reborn-dolls","7":"product_cat-baby-boy-reborn-dolls","8":"product_cat-cute-reborn-dolls","9":"product_cat-lifelike-reborn-dolls","10":"product_cat-newborn-reborn-dolls","12":"first","13":"instock","14":"sale","15":"shipping-taxable","16":"purchasable","17":"product-type-simple"},"_links":{"self":[{"href":"https:\/\/www.mkreborns.com\/sk\/wp-json\/wp\/v2\/product\/4602","targetHints":{"allow":["GET"]}}],"collection":[{"href":"https:\/\/www.mkreborns.com\/sk\/wp-json\/wp\/v2\/product"}],"about":[{"href":"https:\/\/www.mkreborns.com\/sk\/wp-json\/wp\/v2\/types\/product"}],"replies":[{"embeddable":true,"href":"https:\/\/www.mkreborns.com\/sk\/wp-json\/wp\/v2\/comments?post=4602"}],"wp:featuredmedia":[{"embeddable":true,"href":"https:\/\/www.mkreborns.com\/sk\/wp-json\/wp\/v2\/media\/4603"}],"wp:attachment":[{"href":"https:\/\/www.mkreborns.com\/sk\/wp-json\/wp\/v2\/media?parent=4602"}],"wp:term":[{"taxonomy":"product_brand","embeddable":true,"href":"https:\/\/www.mkreborns.com\/sk\/wp-json\/wp\/v2\/product_brand?post=4602"},{"taxonomy":"product_cat","embeddable":true,"href":"https:\/\/www.mkreborns.com\/sk\/wp-json\/wp\/v2\/product_cat?post=4602"},{"taxonomy":"product_tag","embeddable":true,"href":"https:\/\/www.mkreborns.com\/sk\/wp-json\/wp\/v2\/product_tag?post=4602"}],"curies":[{"name":"pracovn\u00fd list","href":"https:\/\/api.w.org\/{rel}","templated":true}]}}