{"id":4594,"date":"2026-05-07T01:52:24","date_gmt":"2026-05-07T01:52:24","guid":{"rendered":"https:\/\/www.mkreborns.com\/?post_type=product&#038;p=4594"},"modified":"2026-05-13T15:23:59","modified_gmt":"2026-05-13T15:23:59","slug":"19-inches-solid-silicone-cute-reborn-doll","status":"publish","type":"product","link":"https:\/\/www.mkreborns.com\/sk\/product\/19-inches-solid-silicone-cute-reborn-doll\/","title":{"rendered":"19-palcov\u00e1 roztomil\u00e1 reborn b\u00e1bika z pevn\u00e9ho silik\u00f3nu"},"content":{"rendered":"<div class=\"product-specs-list-container\"><\/div>\n<div class=\"detailmodule_text\">\n<p>V\u00fd\u0161ka: 18,9 palca<br \/>\nPohlavie: Chlap\u010dek<br \/>\nHmotnos\u0165: 3,1 kg<br \/>\nMateri\u00e1l: Silik\u00f3n<br \/>\nK k\u00fape tejto reborn b\u00e1biky dostanete ako dar\u010dek n\u00e1hodne vybran\u00fd outfit.<\/p>\n<p>T\u00e1to reborn b\u00e1bika je vyroben\u00e1 zo silik\u00f3nov\u00e9ho materi\u00e1lu a mo\u017eno ju \u010disti\u0165 teplou vodou; po umyt\u00ed ju v\u0161ak treba ihne\u010f d\u00f4kladne vysu\u0161i\u0165. Ako pevn\u00e1 silik\u00f3nov\u00e1 reborn b\u00e1bika pon\u00faka hmatov\u00fd pocit pozoruhodne podobn\u00fd poko\u017eke skuto\u010dn\u00e9ho b\u00e1b\u00e4tka. S v\u00fd\u0161kou 45 cm sa t\u00e1to reborn b\u00e1bika takmer bl\u00ed\u017ei fyzick\u00fdm rozmerom skuto\u010dn\u00e9ho novorodenca, v\u010faka \u010domu je ide\u00e1lna na t\u00falenie alebo vystavovanie. T\u00e1to roztomil\u00e1 reborn b\u00e1bika m\u00e1 stredn\u00fa hmotnos\u0165, v\u010faka ktorej sa \u013eahko pren\u00e1\u0161a, pri\u010dom si zachov\u00e1va autentick\u00fa a realistick\u00fa hmotnos\u0165 skuto\u010dn\u00e9ho b\u00e1b\u00e4tka.<br \/>\nPri skladovan\u00ed sa odpor\u00fa\u010da polo\u017ei\u0165 reborn b\u00e1biku vodorovne alebo vzpriamene, aby sa predi\u0161lo deform\u00e1cii sp\u00f4sobenej \u0165a\u017ek\u00fdmi predmetmi alebo dlhodob\u00fdm stla\u010den\u00edm. Pre zaistenie dlhej \u017eivotnosti reborn b\u00e1biky ju chr\u00e1\u0148te pred priamym svetlom a prachom a chr\u00e1\u0148te ju pred ostr\u00fdmi predmetmi a dom\u00e1cimi zvieratami, aby ste predi\u0161li po\u0161kodeniu silik\u00f3nov\u00e9ho materi\u00e1lu.<\/p>\n<p>&nbsp;<\/p>\n<\/div>\n<div class=\"detailmodule_image\"><img decoding=\"async\" class=\"detail-desc-decorate-image\" src=\"https:\/\/www.mkreborns.com\/wp-content\/uploads\/2026\/05\/kf-Sd449c2299cac4582b03493bccbd5ba86G.webp\" alt=\"Vysoko detailn\u00e1 silik\u00f3nov\u00e1 reborn b\u00e1bika s v\u00fd\u0161kou 49 cm, m\u00e4kk\u00e1 na dotyk, um\u00fdvate\u013en\u00e1, ide\u00e1lna do zbierky alebo ako dar\u010dek.\" title=\"\"><\/div>","protected":false},"excerpt":{"rendered":"<p>Reborn b\u00e1biky simuluj\u00fa m\u00e4kkos\u0165 a elasticitu skuto\u010dnej detskej poko\u017eky a pon\u00fakaj\u00fa tepl\u00fd, jemn\u00fd a pr\u00edjemn\u00fd dotyk. Tieto reborn b\u00e1biky s\u00fa vyroben\u00e9 z pevn\u00e9ho silik\u00f3nu a maj\u00fa v\u00fdnimo\u010dn\u00fa odolnos\u0165 vo\u010di oxid\u00e1cii, v\u010faka \u010domu ani po dlhodobom pou\u017e\u00edvan\u00ed \u013eahko ne\u017eltn\u00fa a nepraskaj\u00fa.<\/p>","protected":false},"featured_media":4595,"comment_status":"open","ping_status":"closed","template":"","meta":[],"product_brand":[],"product_cat":[241,145,243,155,146,154,153,157],"product_tag":[],"class_list":{"0":"post-4594","1":"product","2":"type-product","3":"status-publish","4":"has-post-thumbnail","6":"product_cat-19-inch-reborn-dolls","7":"product_cat-baby-boy-reborn-dolls","8":"product_cat-black-reborn-dolls","9":"product_cat-cute-reborn-dolls","10":"product_cat-full-silicone-reborn-dolls","11":"product_cat-lifelike-reborn-dolls","12":"product_cat-newborn-reborn-dolls","13":"product_cat-real-life-baby-dolls","15":"first","16":"instock","17":"sale","18":"shipping-taxable","19":"purchasable","20":"product-type-simple"},"_links":{"self":[{"href":"https:\/\/www.mkreborns.com\/sk\/wp-json\/wp\/v2\/product\/4594","targetHints":{"allow":["GET"]}}],"collection":[{"href":"https:\/\/www.mkreborns.com\/sk\/wp-json\/wp\/v2\/product"}],"about":[{"href":"https:\/\/www.mkreborns.com\/sk\/wp-json\/wp\/v2\/types\/product"}],"replies":[{"embeddable":true,"href":"https:\/\/www.mkreborns.com\/sk\/wp-json\/wp\/v2\/comments?post=4594"}],"wp:featuredmedia":[{"embeddable":true,"href":"https:\/\/www.mkreborns.com\/sk\/wp-json\/wp\/v2\/media\/4595"}],"wp:attachment":[{"href":"https:\/\/www.mkreborns.com\/sk\/wp-json\/wp\/v2\/media?parent=4594"}],"wp:term":[{"taxonomy":"product_brand","embeddable":true,"href":"https:\/\/www.mkreborns.com\/sk\/wp-json\/wp\/v2\/product_brand?post=4594"},{"taxonomy":"product_cat","embeddable":true,"href":"https:\/\/www.mkreborns.com\/sk\/wp-json\/wp\/v2\/product_cat?post=4594"},{"taxonomy":"product_tag","embeddable":true,"href":"https:\/\/www.mkreborns.com\/sk\/wp-json\/wp\/v2\/product_tag?post=4594"}],"curies":[{"name":"pracovn\u00fd list","href":"https:\/\/api.w.org\/{rel}","templated":true}]}}