{"id":4430,"date":"2026-04-12T14:16:20","date_gmt":"2026-04-12T14:16:20","guid":{"rendered":"https:\/\/www.mkreborns.com\/?post_type=product&#038;p=4430"},"modified":"2026-04-12T15:16:32","modified_gmt":"2026-04-12T15:16:32","slug":"13-inch-crying-silicone-reborn-doll","status":"publish","type":"product","link":"https:\/\/www.mkreborns.com\/sk\/product\/13-inch-crying-silicone-reborn-doll\/","title":{"rendered":"13-palcov\u00e1 pla\u010d\u00faca silik\u00f3nov\u00e1 reborn b\u00e1bika"},"content":{"rendered":"<p>Kon\u010datiny, hlava a telo 33 cm vysokej pla\u010d\u00facej b\u00e1biky znovuzrodenia s\u00fa vyroben\u00e9 z pevn\u00e9ho silik\u00f3nu, ktor\u00fd je m\u00e4kk\u00fd, elastick\u00fd a mo\u017eno ho um\u00fdva\u0165 vo vode s teplotou 1,7 stup\u0148a Celzia. Vzh\u013eadom na \u0161pecifick\u00fa povahu silik\u00f3nu by sa po\u010das hry nemal silno \u0165aha\u0165 ani \u0165aha\u0165 a aby vydr\u017eal dlh\u0161ie, je potrebn\u00e9 sa o\u0148 starostlivo stara\u0165.<\/p>\n<p>Materi\u00e1l: Silik\u00f3n<br \/>\nPohlavie: Diev\u010da<br \/>\nV\u00fd\u0161ka: 33 cm<br \/>\nHmotnos\u0165: 1,4 kg<br \/>\nHmotnos\u0165 balenia: 1,8 kg<\/p>\n<p>Kompletn\u00fd bal\u00ed\u010dek obsahuje: Oble\u010denie a f\u013ea\u0161u.<\/p>\n<p>Pros\u00edm, po\u010d\u00edtajte s manu\u00e1lnou toleranciou 0,5-1 palca, preto\u017ee produkt bol meran\u00fd manu\u00e1lne.<\/p>\n<p><img decoding=\"async\" src=\"https:\/\/www.mkreborns.com\/wp-content\/uploads\/2026\/04\/O1CN01ON65FG1jfP7Pj2VhP_2220331144575-0-cib.jpg\" alt=\"\" title=\"\"><\/p>\n<p><img decoding=\"async\" src=\"https:\/\/www.mkreborns.com\/wp-content\/uploads\/2026\/04\/O1CN01Vmhokj1jfP7PuZuwV_2220331144575-0-cib.jpg\" alt=\"\" title=\"\"><\/p>\n<p><img decoding=\"async\" src=\"https:\/\/www.mkreborns.com\/wp-content\/uploads\/2026\/04\/O1CN01qKbtvK1jfP7PZjkwL_2220331144575-0-cib.jpg\" alt=\"\" title=\"\"><\/p>\n<p><img decoding=\"async\" src=\"https:\/\/www.mkreborns.com\/wp-content\/uploads\/2026\/04\/O1CN01UBS4M51jfP7QJPr5Y_2220331144575-0-cib.jpg\" alt=\"Silik\u00f3nov\u00e1 b\u00e1bika Reborn, pla\u010d\u00faca, realistick\u00e1 b\u00e1bika s f\u013ea\u0161ti\u010dkou, ide\u00e1lna pre zberate\u013eov a deti.\" title=\"\"><\/p>\n<p><img decoding=\"async\" src=\"https:\/\/www.mkreborns.com\/wp-content\/uploads\/2026\/04\/O1CN01NWHI1G1jfP7OsCKVe_2220331144575-0-cib.jpg\" alt=\"Realistick\u00e1 33-centimetrov\u00e1 pla\u010d\u00faca silik\u00f3nov\u00e1 reborn b\u00e1bika s f\u013ea\u0161ti\u010dkou, m\u00e4kk\u00fdm oble\u010den\u00edm a ru\u017eovou \u010diapkou.\" title=\"\"><\/p>\n<p><img decoding=\"async\" src=\"https:\/\/www.mkreborns.com\/wp-content\/uploads\/2026\/04\/O1CN01WrErxo1jfP7QDMEjp_2220331144575-0-cib.jpg\" alt=\"Silik\u00f3nov\u00e1 b\u00e1bika Reborn pla\u010d\u00faca dr\u017eiaca detsk\u00fa f\u013ea\u0161u, realistick\u00e9 rysy, ide\u00e1lna pre zberate\u013eov a deti.\" title=\"\"><\/p>\n<p>&nbsp;<\/p>","protected":false},"excerpt":{"rendered":"<p>Pla\u010d\u00faca b\u00e1bika reborn vyzer\u00e1 presne ako novonaroden\u00e9 die\u0165a pla\u010d\u00face za mliekom, s roztomil\u00fdmi a \u017eiv\u00fdmi \u010drtami.<\/p>","protected":false},"featured_media":4461,"comment_status":"open","ping_status":"closed","template":"","meta":[],"product_brand":[],"product_cat":[238,242,144,146,156,154,153],"product_tag":[],"class_list":{"0":"post-4430","1":"product","2":"type-product","3":"status-publish","4":"has-post-thumbnail","6":"product_cat-13-inch-reborn-dolls","7":"product_cat-african-american-reborn-dolls","8":"product_cat-baby-girl-reborn-dolls","9":"product_cat-full-silicone-reborn-dolls","10":"product_cat-life-sized-dolls","11":"product_cat-lifelike-reborn-dolls","12":"product_cat-newborn-reborn-dolls","14":"first","15":"instock","16":"sale","17":"shipping-taxable","18":"purchasable","19":"product-type-simple"},"_links":{"self":[{"href":"https:\/\/www.mkreborns.com\/sk\/wp-json\/wp\/v2\/product\/4430","targetHints":{"allow":["GET"]}}],"collection":[{"href":"https:\/\/www.mkreborns.com\/sk\/wp-json\/wp\/v2\/product"}],"about":[{"href":"https:\/\/www.mkreborns.com\/sk\/wp-json\/wp\/v2\/types\/product"}],"replies":[{"embeddable":true,"href":"https:\/\/www.mkreborns.com\/sk\/wp-json\/wp\/v2\/comments?post=4430"}],"wp:featuredmedia":[{"embeddable":true,"href":"https:\/\/www.mkreborns.com\/sk\/wp-json\/wp\/v2\/media\/4461"}],"wp:attachment":[{"href":"https:\/\/www.mkreborns.com\/sk\/wp-json\/wp\/v2\/media?parent=4430"}],"wp:term":[{"taxonomy":"product_brand","embeddable":true,"href":"https:\/\/www.mkreborns.com\/sk\/wp-json\/wp\/v2\/product_brand?post=4430"},{"taxonomy":"product_cat","embeddable":true,"href":"https:\/\/www.mkreborns.com\/sk\/wp-json\/wp\/v2\/product_cat?post=4430"},{"taxonomy":"product_tag","embeddable":true,"href":"https:\/\/www.mkreborns.com\/sk\/wp-json\/wp\/v2\/product_tag?post=4430"}],"curies":[{"name":"pracovn\u00fd list","href":"https:\/\/api.w.org\/{rel}","templated":true}]}}