{"id":4369,"date":"2026-03-26T14:51:00","date_gmt":"2026-03-26T14:51:00","guid":{"rendered":"https:\/\/www.mkreborns.com\/?post_type=product&#038;p=4369"},"modified":"2026-03-30T14:07:22","modified_gmt":"2026-03-30T14:07:22","slug":"miaio-13-inch-companion-gift-reborn-doll","status":"publish","type":"product","link":"https:\/\/www.mkreborns.com\/sk\/product\/miaio-13-inch-companion-gift-reborn-doll\/","title":{"rendered":"Miaio 13-palcov\u00fd dar\u010dekov\u00fd sprievodca Reborn b\u00e1bika"},"content":{"rendered":"<p>Reborn b\u00e1bika v\u00e1m m\u00f4\u017ee by\u0165 spolo\u010dn\u00edkom. Ke\u010f m\u00e1te pocit, \u017ee \u017eivot je nudn\u00fd, silik\u00f3nov\u00e9 reborn b\u00e1b\u00e4tko v\u00e1m m\u00f4\u017ee prinies\u0165 trochu radosti a umo\u017eni\u0165 v\u00e1m by\u0165 plnohodnotnou opatrovate\u013ekou. Alebo ak potrebujete tich\u00e9ho partnera, ktor\u00fd by si vypo\u010dul va\u0161e najvn\u00fatornej\u0161ie my\u0161lienky, reborn b\u00e1bika v\u00e1m m\u00f4\u017ee tie\u017e naplni\u0165 t\u00fato potrebu, ticho zostane po va\u0161om boku a vypo\u010duje si v\u0161etko, \u010do hovor\u00edte.<\/p>\n<p>Materi\u00e1l: Silik\u00f3n<br \/>\nPohlavie: Diev\u010da<br \/>\nV\u00fd\u0161ka: 33 cm<br \/>\nHmotnos\u0165: 1,3 kg<br \/>\nMihalnice: Lepiace mihalnice<br \/>\nHmotnos\u0165 balenia: 2 kg<br \/>\nKompletn\u00fd bal\u00ed\u010dek obsahuje: oble\u010denie, plienku a f\u013ea\u0161u.<\/p>\n<p>&nbsp;<\/p>\n<div style=\"width: 720px;\" class=\"wp-video\"><video class=\"wp-video-shortcode\" id=\"video-4369-1\" width=\"720\" height=\"960\" preload=\"metadata\" controls=\"controls\"><source type=\"video\/mp4\" src=\"https:\/\/www.mkreborns.com\/wp-content\/uploads\/2026\/03\/reborn-doll.mp4?_=1\" \/><a href=\"https:\/\/www.mkreborns.com\/wp-content\/uploads\/2026\/03\/reborn-doll.mp4\">https:\/\/www.mkreborns.com\/wp-content\/uploads\/2026\/03\/reborn-doll.mp4<\/a><\/video><\/div>\n<p><img decoding=\"async\" src=\"https:\/\/www.mkreborns.com\/wp-content\/uploads\/2026\/03\/O1CN01tpXSNz1jfP5uMinr4_2220331144575-0-cib.jpg\" alt=\"\" title=\"\"><\/p>\n<p><img decoding=\"async\" src=\"https:\/\/www.mkreborns.com\/wp-content\/uploads\/2026\/03\/O1CN01AVPBuk1jfP5t1YSja_2220331144575-0-cib.jpg\" alt=\"\" title=\"\"><\/p>","protected":false},"excerpt":{"rendered":"<p>Po\u0161lite reborn b\u00e1biku, aby sprev\u00e1dzala niekoho, pre koho je to d\u00f4le\u017eit\u00e9, a priniesla mu viac radosti.<\/p>","protected":false},"featured_media":4373,"comment_status":"open","ping_status":"closed","template":"","meta":[],"product_brand":[],"product_cat":[238,242,144,146,156,154,153,157],"product_tag":[],"class_list":{"0":"post-4369","1":"product","2":"type-product","3":"status-publish","4":"has-post-thumbnail","6":"product_cat-13-inch-reborn-dolls","7":"product_cat-african-american-reborn-dolls","8":"product_cat-baby-girl-reborn-dolls","9":"product_cat-full-silicone-reborn-dolls","10":"product_cat-life-sized-dolls","11":"product_cat-lifelike-reborn-dolls","12":"product_cat-newborn-reborn-dolls","13":"product_cat-real-life-baby-dolls","15":"first","16":"instock","17":"sale","18":"shipping-taxable","19":"purchasable","20":"product-type-simple"},"_links":{"self":[{"href":"https:\/\/www.mkreborns.com\/sk\/wp-json\/wp\/v2\/product\/4369","targetHints":{"allow":["GET"]}}],"collection":[{"href":"https:\/\/www.mkreborns.com\/sk\/wp-json\/wp\/v2\/product"}],"about":[{"href":"https:\/\/www.mkreborns.com\/sk\/wp-json\/wp\/v2\/types\/product"}],"replies":[{"embeddable":true,"href":"https:\/\/www.mkreborns.com\/sk\/wp-json\/wp\/v2\/comments?post=4369"}],"wp:featuredmedia":[{"embeddable":true,"href":"https:\/\/www.mkreborns.com\/sk\/wp-json\/wp\/v2\/media\/4373"}],"wp:attachment":[{"href":"https:\/\/www.mkreborns.com\/sk\/wp-json\/wp\/v2\/media?parent=4369"}],"wp:term":[{"taxonomy":"product_brand","embeddable":true,"href":"https:\/\/www.mkreborns.com\/sk\/wp-json\/wp\/v2\/product_brand?post=4369"},{"taxonomy":"product_cat","embeddable":true,"href":"https:\/\/www.mkreborns.com\/sk\/wp-json\/wp\/v2\/product_cat?post=4369"},{"taxonomy":"product_tag","embeddable":true,"href":"https:\/\/www.mkreborns.com\/sk\/wp-json\/wp\/v2\/product_tag?post=4369"}],"curies":[{"name":"pracovn\u00fd list","href":"https:\/\/api.w.org\/{rel}","templated":true}]}}