{"id":4328,"date":"2026-03-24T13:38:47","date_gmt":"2026-03-24T13:38:47","guid":{"rendered":"https:\/\/www.mkreborns.com\/?post_type=product&#038;p=4328"},"modified":"2026-03-25T14:04:39","modified_gmt":"2026-03-25T14:04:39","slug":"kelli-maple-true-reborn-dolls-african-american-girl","status":"publish","type":"product","link":"https:\/\/www.mkreborns.com\/sk\/product\/kelli-maple-true-reborn-dolls-african-american-girl\/","title":{"rendered":"B\u00e1bika Kelli Maple True Reborn od Afroamerick\u00e9ho diev\u010da\u0165a"},"content":{"rendered":"<h2>Skuto\u010dn\u00e9 reborn b\u00e1biky s realistickou identitou<\/h2>\n<div>Toto je Kelli Maple. Predstavuje skuto\u010dn\u00e9 reborn b\u00e1biky s starostlivo vrstven\u00fdmi farbami, m\u00e4kkou vinylovou text\u00farou a prirodzen\u00fdm dr\u017ean\u00edm tela novorodenca. Jej 45 cm vysok\u00e1 postava a vyv\u00e1\u017een\u00e1 hmotnos\u0165 1,2 kg vytv\u00e1raj\u00fa presved\u010div\u00fd pocit pr\u00edtomnosti, ktor\u00fd sa \u010dasto oce\u0148uje v komunit\u00e1ch s rebornmi, ako je t\u00e1 na\u0161a. Jej ru\u010dne zakorenen\u00e9 vlasy dod\u00e1vaj\u00fa b\u00e1bike rozmer a autentickos\u0165, \u010d\u00edm jej dod\u00e1vaj\u00fa rafinovan\u00fd vzh\u013ead na \u00farovni gal\u00e9rie.<\/div>\n<h3>Prec\u00edzne remeslo a sebavedomie zberate\u013eov<\/h3>\n<div>Kelli Maple je vyroben\u00e1 z vysoko kvalitn\u00e9ho vinylu bez pou\u017eitia nebezpe\u010dn\u00fdch chemik\u00e1li\u00ed, \u010do zaru\u010duje bezpe\u010dn\u00fa manipul\u00e1ciu. Jej plne polohovate\u013en\u00e9 telo umo\u017e\u0148uje jemn\u00e9 premiest\u0148ovanie, zatia\u013e \u010do jej dizajn kompatibiln\u00fd s va\u0148ou zvy\u0161uje realizmus. Pre zberate\u013eov, ktor\u00ed h\u013eadaj\u00fa afroamerick\u00e9 reborn b\u00e1biky na mieru, je Mk Reborns uzn\u00e1van\u00e1 ako bezpe\u010dn\u00e1 webov\u00e1 str\u00e1nka pre reborn b\u00e1biky v\u010faka konzistentn\u00e9mu detailovaniu a spo\u013eahliv\u00fdm \u0161tandardom.<\/div>\n<h3>K\u013e\u00fa\u010dov\u00e9 vlastnosti a obsah balenia<\/h3>\n<ol>\n<li>Cel\u00e9 vinylov\u00e9 telo s flexibiln\u00fdm k\u013abom<\/li>\n<li>Ru\u010dne zakorenen\u00e9 vlasy pre realistick\u00fa text\u00faru<\/li>\n<li>Ve\u013ekos\u0165 45 cm s prirodzenou hmotnos\u0165ou novorodenca<\/li>\n<li>Kon\u0161trukcia vhodn\u00e1 do k\u00fape\u013ea a \u013eahko sa udr\u017eiava<\/li>\n<\/ol>\n<div>\u0160pecifik\u00e1cie: Pohlavie: diev\u010da | Ve\u013ekos\u0165: 45 cm | Hmotnos\u0165: pribli\u017ene 1,2 kg | Materi\u00e1l: vinyl<\/div>\n<div>Balenie obsahuje: 1 reborn b\u00e1biku, sadu oble\u010denia, cuml\u00edk, mal\u00fa f\u013ea\u0161ti\u010dku a narodeninov\u00fa kartu.<\/div>\n<div>Kelli Maple prin\u00e1\u0161a rovnov\u00e1hu medzi umen\u00edm, realizmom a d\u00f4verou, v\u010faka \u010domu je rafinovan\u00fdm pr\u00edkladom skuto\u010dn\u00fdch znovuzroden\u00fdch b\u00e1bik.<\/div>","protected":false},"excerpt":{"rendered":"<p>Toto je Kelli Maple \u2013 jemne za\u0165a\u017een\u00e1 45-centimetrov\u00e1 reborn b\u00e1bika s ru\u010dne zakorenen\u00fdmi vlasmi a realistickou podobou, vytvoren\u00e1 pre zberate\u013eov, ktor\u00ed si cenia realizmus a d\u00f4veru.<\/p>","protected":false},"featured_media":4329,"comment_status":"open","ping_status":"closed","template":"","meta":[],"product_brand":[],"product_cat":[242,151,155,153,157],"product_tag":[],"class_list":{"0":"post-4328","1":"product","2":"type-product","3":"status-publish","4":"has-post-thumbnail","6":"product_cat-african-american-reborn-dolls","7":"product_cat-18-inch-reborn-dolls","8":"product_cat-cute-reborn-dolls","9":"product_cat-newborn-reborn-dolls","10":"product_cat-real-life-baby-dolls","12":"first","13":"instock","14":"sale","15":"shipping-taxable","16":"purchasable","17":"product-type-simple"},"_links":{"self":[{"href":"https:\/\/www.mkreborns.com\/sk\/wp-json\/wp\/v2\/product\/4328","targetHints":{"allow":["GET"]}}],"collection":[{"href":"https:\/\/www.mkreborns.com\/sk\/wp-json\/wp\/v2\/product"}],"about":[{"href":"https:\/\/www.mkreborns.com\/sk\/wp-json\/wp\/v2\/types\/product"}],"replies":[{"embeddable":true,"href":"https:\/\/www.mkreborns.com\/sk\/wp-json\/wp\/v2\/comments?post=4328"}],"wp:featuredmedia":[{"embeddable":true,"href":"https:\/\/www.mkreborns.com\/sk\/wp-json\/wp\/v2\/media\/4329"}],"wp:attachment":[{"href":"https:\/\/www.mkreborns.com\/sk\/wp-json\/wp\/v2\/media?parent=4328"}],"wp:term":[{"taxonomy":"product_brand","embeddable":true,"href":"https:\/\/www.mkreborns.com\/sk\/wp-json\/wp\/v2\/product_brand?post=4328"},{"taxonomy":"product_cat","embeddable":true,"href":"https:\/\/www.mkreborns.com\/sk\/wp-json\/wp\/v2\/product_cat?post=4328"},{"taxonomy":"product_tag","embeddable":true,"href":"https:\/\/www.mkreborns.com\/sk\/wp-json\/wp\/v2\/product_tag?post=4328"}],"curies":[{"name":"pracovn\u00fd list","href":"https:\/\/api.w.org\/{rel}","templated":true}]}}