{"id":4271,"date":"2026-03-25T10:42:59","date_gmt":"2026-03-25T10:42:59","guid":{"rendered":"https:\/\/www.mkreborns.com\/product\/ruby-exquisite-3d-painted-reborn-doll\/"},"modified":"2026-04-06T02:57:42","modified_gmt":"2026-04-06T02:57:42","slug":"ruby-exquisite-3d-painted-reborn-doll","status":"publish","type":"product","link":"https:\/\/www.mkreborns.com\/sk\/product\/ruby-exquisite-3d-painted-reborn-doll\/","title":{"rendered":"3D ma\u013eovan\u00e1 reborn b\u00e1bika Ruby Exquisite"},"content":{"rendered":"<p>Tieto PVC reborn b\u00e1biky s\u00fa vybaven\u00e9 pokro\u010dilou 3D ma\u013ebou, ktor\u00e1 ukazuje n\u00e1dhern\u00e9 detaily. Pripom\u00ednaj\u00fa novorodencov, daj\u00fa sa prezlieka\u0165 a s\u00fa vhodn\u00e9 na r\u00f4zne pr\u00edle\u017eitosti.<\/p>\n<p>Materi\u00e1l: Celoplo\u0161n\u00e9 PVC<br \/>\nPohlavie: Diev\u010da<br \/>\nV\u00fd\u0161ka: 22 palcov<br \/>\nHmotnos\u0165: 1,6 kg<br \/>\nMihalnice: Lepiace mihalnice<br \/>\nHmotnos\u0165 balenia: 2,8 kg<br \/>\nKompletn\u00e9 balenie obsahuje: oble\u010denie, plienku, magnetick\u00fd cuml\u00edk a f\u013ea\u0161u.<\/p>\n<div id=\"attachment_4276\" style=\"width: 1076px\" class=\"wp-caption aligncenter\"><img decoding=\"async\" aria-describedby=\"caption-attachment-4276\" class=\"wp-image-4276 size-full\" src=\"https:\/\/www.mkreborns.com\/wp-content\/themes\/woodmart\/images\/lazy.svg\" data-src=\"https:\/\/www.mkreborns.com\/wp-content\/uploads\/2026\/03\/O1CN01YqFS1B1Q2xABgQUNB_2214704711919-0-cib.jpg\" alt=\"Znovuzroden\u00e1 b\u00e1bika s realistickou 3D ma\u013ebou, ide\u00e1lna pre zberate\u013eov a nad\u0161encov. Ru\u010dne vyroben\u00e1 b\u00e1bika.\" width=\"1066\" height=\"1066\" title=\"\" srcset=\"\" data-srcset=\"https:\/\/www.mkreborns.com\/wp-content\/uploads\/2026\/03\/O1CN01YqFS1B1Q2xABgQUNB_2214704711919-0-cib.jpg 1066w, https:\/\/www.mkreborns.com\/wp-content\/uploads\/2026\/03\/O1CN01YqFS1B1Q2xABgQUNB_2214704711919-0-cib-300x300.jpg 300w, https:\/\/www.mkreborns.com\/wp-content\/uploads\/2026\/03\/O1CN01YqFS1B1Q2xABgQUNB_2214704711919-0-cib-800x800.jpg 800w, https:\/\/www.mkreborns.com\/wp-content\/uploads\/2026\/03\/O1CN01YqFS1B1Q2xABgQUNB_2214704711919-0-cib-150x150.jpg 150w, https:\/\/www.mkreborns.com\/wp-content\/uploads\/2026\/03\/O1CN01YqFS1B1Q2xABgQUNB_2214704711919-0-cib-768x768.jpg 768w, https:\/\/www.mkreborns.com\/wp-content\/uploads\/2026\/03\/O1CN01YqFS1B1Q2xABgQUNB_2214704711919-0-cib-12x12.jpg 12w, https:\/\/www.mkreborns.com\/wp-content\/uploads\/2026\/03\/O1CN01YqFS1B1Q2xABgQUNB_2214704711919-0-cib-700x700.jpg 700w\" sizes=\"(max-width: 1066px) 100vw, 1066px\" \/><p id=\"caption-attachment-4276\" class=\"wp-caption-text\">\u00a0<\/p><\/div>","protected":false},"excerpt":{"rendered":"<p>Rozko\u0161n\u00e9 reborn b\u00e1biky maj\u00fa jemn\u00fd vzh\u013ead a dok\u00e1\u017eu r\u00fdchlo upokoji\u0165 \u00fazkostliv\u00e9 srdce. S\u00fa ve\u013emi ob\u013e\u00faben\u00e9.<\/p>","protected":false},"featured_media":4272,"comment_status":"open","ping_status":"closed","template":"","meta":[],"product_brand":[],"product_cat":[151,144,156,153,152],"product_tag":[],"class_list":{"0":"post-4271","1":"product","2":"type-product","3":"status-publish","4":"has-post-thumbnail","6":"product_cat-18-inch-reborn-dolls","7":"product_cat-baby-girl-reborn-dolls","8":"product_cat-life-sized-dolls","9":"product_cat-newborn-reborn-dolls","10":"product_cat-vinyl-reborn-dolls","12":"first","13":"instock","14":"sale","15":"shipping-taxable","16":"purchasable","17":"product-type-simple"},"_links":{"self":[{"href":"https:\/\/www.mkreborns.com\/sk\/wp-json\/wp\/v2\/product\/4271","targetHints":{"allow":["GET"]}}],"collection":[{"href":"https:\/\/www.mkreborns.com\/sk\/wp-json\/wp\/v2\/product"}],"about":[{"href":"https:\/\/www.mkreborns.com\/sk\/wp-json\/wp\/v2\/types\/product"}],"replies":[{"embeddable":true,"href":"https:\/\/www.mkreborns.com\/sk\/wp-json\/wp\/v2\/comments?post=4271"}],"wp:featuredmedia":[{"embeddable":true,"href":"https:\/\/www.mkreborns.com\/sk\/wp-json\/wp\/v2\/media\/4272"}],"wp:attachment":[{"href":"https:\/\/www.mkreborns.com\/sk\/wp-json\/wp\/v2\/media?parent=4271"}],"wp:term":[{"taxonomy":"product_brand","embeddable":true,"href":"https:\/\/www.mkreborns.com\/sk\/wp-json\/wp\/v2\/product_brand?post=4271"},{"taxonomy":"product_cat","embeddable":true,"href":"https:\/\/www.mkreborns.com\/sk\/wp-json\/wp\/v2\/product_cat?post=4271"},{"taxonomy":"product_tag","embeddable":true,"href":"https:\/\/www.mkreborns.com\/sk\/wp-json\/wp\/v2\/product_tag?post=4271"}],"curies":[{"name":"pracovn\u00fd list","href":"https:\/\/api.w.org\/{rel}","templated":true}]}}